{"id":7344,"date":"2025-08-23T10:22:00","date_gmt":"2025-08-23T16:22:00","guid":{"rendered":"https:\/\/libreriahistoriasdebolsillo.com\/?post_type=product&#038;p=7344"},"modified":"2025-08-23T10:22:00","modified_gmt":"2025-08-23T16:22:00","slug":"la-tienda-del-abuelo","status":"publish","type":"product","link":"https:\/\/libreriahistoriasdebolsillo.com\/index.php\/producto\/la-tienda-del-abuelo\/","title":{"rendered":"La tienda del abuelo"},"content":{"rendered":"<p>\u00bfQu\u00e9 quieres ser de grande? Es la pregunta que m\u00e1s hacen los adultos Una ni\u00f1a ha o\u00eddo esa pregunta cientos de veces, pero todav\u00eda no sabe c\u00f3mo responderla, hasta que se da cuenta que su abuelo tiene el trabajo perfecto: se pasa todo el d\u00eda en su tienda sentado y leyendo el peri\u00f3dico \u00a1rodeado de comida! Ella decide que quiere seguir sus pasos y empieza a trabajar como ayudante en la tienda. All\u00ed aprende todo sobre las relaciones humanas, la psicolog\u00eda, secretos de los negocios&#8230; y un poco sobre comestibles. La tienda se convierte en un campo de aprendizaje para la protagonista de esta historia, cuyo esp\u00edritu entusiasta y emprendedor la pone en muchas situaciones inc\u00f3modas.<\/p>\n","protected":false},"excerpt":{"rendered":"<p>Sermin Yasar<br \/>\nilustraciones de Mert Tugen<br \/>\n208 p\u00e1ginas<\/p>\n","protected":false},"featured_media":7345,"template":"","meta":{"_joinchat":[]},"product_brand":[],"product_cat":[54,52],"product_tag":[81],"class_list":{"0":"post-7344","1":"product","2":"type-product","3":"status-publish","4":"has-post-thumbnail","6":"product_cat-infantil","7":"product_cat-juvenil","8":"product_tag-trillas","10":"first","11":"instock","12":"shipping-taxable","13":"purchasable","14":"product-type-simple"},"_links":{"self":[{"href":"https:\/\/libreriahistoriasdebolsillo.com\/index.php\/wp-json\/wp\/v2\/product\/7344","targetHints":{"allow":["GET"]}}],"collection":[{"href":"https:\/\/libreriahistoriasdebolsillo.com\/index.php\/wp-json\/wp\/v2\/product"}],"about":[{"href":"https:\/\/libreriahistoriasdebolsillo.com\/index.php\/wp-json\/wp\/v2\/types\/product"}],"wp:featuredmedia":[{"embeddable":true,"href":"https:\/\/libreriahistoriasdebolsillo.com\/index.php\/wp-json\/wp\/v2\/media\/7345"}],"wp:attachment":[{"href":"https:\/\/libreriahistoriasdebolsillo.com\/index.php\/wp-json\/wp\/v2\/media?parent=7344"}],"wp:term":[{"taxonomy":"product_brand","embeddable":true,"href":"https:\/\/libreriahistoriasdebolsillo.com\/index.php\/wp-json\/wp\/v2\/product_brand?post=7344"},{"taxonomy":"product_cat","embeddable":true,"href":"https:\/\/libreriahistoriasdebolsillo.com\/index.php\/wp-json\/wp\/v2\/product_cat?post=7344"},{"taxonomy":"product_tag","embeddable":true,"href":"https:\/\/libreriahistoriasdebolsillo.com\/index.php\/wp-json\/wp\/v2\/product_tag?post=7344"}],"curies":[{"name":"wp","href":"https:\/\/api.w.org\/{rel}","templated":true}]}}