{"id":735,"date":"2023-11-20T16:13:21","date_gmt":"2023-11-20T22:13:21","guid":{"rendered":"https:\/\/libreriahistoriasdebolsillo.com\/?post_type=product&#038;p=735"},"modified":"2024-02-06T17:07:28","modified_gmt":"2024-02-06T23:07:28","slug":"mas-de-lo-que-podemos-decir","status":"publish","type":"product","link":"https:\/\/libreriahistoriasdebolsillo.com\/index.php\/producto\/mas-de-lo-que-podemos-decir\/","title":{"rendered":"M\u00e1s de lo que podemos decir"},"content":{"rendered":"<p>Rev Fletcher hab\u00eda logrado superar su pasado al ser adoptado por una familia amorosa. Pero ahora que su violento padre biol\u00f3gico lo ha contactado, viejos traumas de la ni\u00f1ez vuelven a atacarlo. Mientras su entorno se desmorona, Emma Blue se refugia en un juego de computadora que ella misma ha desarrollado. Aunque su vida online no es menos ca\u00f3tica: un troll la est\u00e1 acosando con crueldad y amenaza su seguridad fuera del juego. Cuando Rev y Emma se conocen, encuentran en el otro un aliado y prometen apoyarse siempre. Sin embargo sus problemas pueden mutar en una situaci\u00f3n m\u00e1s peligrosa de lo que imaginan, y para superarla necesitar\u00e1n m\u00e1s que promesas.<\/p>\n","protected":false},"excerpt":{"rendered":"<p>Brigid Kemmerer<\/p>\n","protected":false},"featured_media":736,"template":"","meta":{"_joinchat":[]},"product_brand":[],"product_cat":[52,35],"product_tag":[48],"class_list":{"0":"post-735","1":"product","2":"type-product","3":"status-publish","4":"has-post-thumbnail","6":"product_cat-juvenil","7":"product_cat-romantica","8":"product_tag-vr-editoras","10":"first","11":"outofstock","12":"shipping-taxable","13":"purchasable","14":"product-type-simple"},"_links":{"self":[{"href":"https:\/\/libreriahistoriasdebolsillo.com\/index.php\/wp-json\/wp\/v2\/product\/735","targetHints":{"allow":["GET"]}}],"collection":[{"href":"https:\/\/libreriahistoriasdebolsillo.com\/index.php\/wp-json\/wp\/v2\/product"}],"about":[{"href":"https:\/\/libreriahistoriasdebolsillo.com\/index.php\/wp-json\/wp\/v2\/types\/product"}],"wp:featuredmedia":[{"embeddable":true,"href":"https:\/\/libreriahistoriasdebolsillo.com\/index.php\/wp-json\/wp\/v2\/media\/736"}],"wp:attachment":[{"href":"https:\/\/libreriahistoriasdebolsillo.com\/index.php\/wp-json\/wp\/v2\/media?parent=735"}],"wp:term":[{"taxonomy":"product_brand","embeddable":true,"href":"https:\/\/libreriahistoriasdebolsillo.com\/index.php\/wp-json\/wp\/v2\/product_brand?post=735"},{"taxonomy":"product_cat","embeddable":true,"href":"https:\/\/libreriahistoriasdebolsillo.com\/index.php\/wp-json\/wp\/v2\/product_cat?post=735"},{"taxonomy":"product_tag","embeddable":true,"href":"https:\/\/libreriahistoriasdebolsillo.com\/index.php\/wp-json\/wp\/v2\/product_tag?post=735"}],"curies":[{"name":"wp","href":"https:\/\/api.w.org\/{rel}","templated":true}]}}