{"id":7350,"date":"2025-08-23T10:27:59","date_gmt":"2025-08-23T16:27:59","guid":{"rendered":"https:\/\/libreriahistoriasdebolsillo.com\/?post_type=product&#038;p=7350"},"modified":"2025-08-23T10:27:59","modified_gmt":"2025-08-23T16:27:59","slug":"el-candidato-a-novio","status":"publish","type":"product","link":"https:\/\/libreriahistoriasdebolsillo.com\/index.php\/producto\/el-candidato-a-novio\/","title":{"rendered":"El candidato a novio"},"content":{"rendered":"<p>Alexis Stone es una t\u00edmida bibliotecaria escolar que se siente inc\u00f3moda siendo el centro de atenci\u00f3n, pero cuando terminan con ella, decide que tiene que cambiar.<br \/>\n\u00bfY qu\u00e9 mejor manera de empezar su nueva vida que con el chico que conoce en el bar de un hotel?<\/p>\n<p>Atrevido y sin filtros, Logan es el polo opuesto de Alexis y el candidato de moda. El esc\u00e1ndalo est\u00e1 a punto de hundir su carrera hasta que le proponen una soluci\u00f3n: \u00e9l y Alexis podr\u00edan fingir que mantienen una relaci\u00f3n hasta el d\u00eda de las elecciones&#8230;dentro de dos meses.<br \/>\n\u00bfQu\u00e9 podr\u00eda salir mal?<\/p>\n","protected":false},"excerpt":{"rendered":"<p>Ashley Winstead<\/p>\n","protected":false},"featured_media":7351,"template":"","meta":{"_joinchat":[]},"product_brand":[],"product_cat":[35],"product_tag":[81],"class_list":{"0":"post-7350","1":"product","2":"type-product","3":"status-publish","4":"has-post-thumbnail","6":"product_cat-romantica","7":"product_tag-trillas","9":"first","10":"instock","11":"shipping-taxable","12":"purchasable","13":"product-type-simple"},"_links":{"self":[{"href":"https:\/\/libreriahistoriasdebolsillo.com\/index.php\/wp-json\/wp\/v2\/product\/7350","targetHints":{"allow":["GET"]}}],"collection":[{"href":"https:\/\/libreriahistoriasdebolsillo.com\/index.php\/wp-json\/wp\/v2\/product"}],"about":[{"href":"https:\/\/libreriahistoriasdebolsillo.com\/index.php\/wp-json\/wp\/v2\/types\/product"}],"wp:featuredmedia":[{"embeddable":true,"href":"https:\/\/libreriahistoriasdebolsillo.com\/index.php\/wp-json\/wp\/v2\/media\/7351"}],"wp:attachment":[{"href":"https:\/\/libreriahistoriasdebolsillo.com\/index.php\/wp-json\/wp\/v2\/media?parent=7350"}],"wp:term":[{"taxonomy":"product_brand","embeddable":true,"href":"https:\/\/libreriahistoriasdebolsillo.com\/index.php\/wp-json\/wp\/v2\/product_brand?post=7350"},{"taxonomy":"product_cat","embeddable":true,"href":"https:\/\/libreriahistoriasdebolsillo.com\/index.php\/wp-json\/wp\/v2\/product_cat?post=7350"},{"taxonomy":"product_tag","embeddable":true,"href":"https:\/\/libreriahistoriasdebolsillo.com\/index.php\/wp-json\/wp\/v2\/product_tag?post=7350"}],"curies":[{"name":"wp","href":"https:\/\/api.w.org\/{rel}","templated":true}]}}