{"id":7352,"date":"2025-08-23T10:30:05","date_gmt":"2025-08-23T16:30:05","guid":{"rendered":"https:\/\/libreriahistoriasdebolsillo.com\/?post_type=product&#038;p=7352"},"modified":"2025-08-23T10:30:05","modified_gmt":"2025-08-23T16:30:05","slug":"como-nos-enamoramos","status":"publish","type":"product","link":"https:\/\/libreriahistoriasdebolsillo.com\/index.php\/producto\/como-nos-enamoramos\/","title":{"rendered":"C\u00f3mo nos enamoramos"},"content":{"rendered":"<p>Una cautivadora comedia rom\u00e1ntica juvenil<\/p>\n<p>Los mejores amigos Zara y Adnan deben sortear diferentes desaf\u00edos con citas falsas, din\u00e1micas familiares y los estereotipos culturales para encontrar el verdadero amor. \u00bfLo lograr\u00e1n?<\/p>\n<p>A Zara le encanta el amor en todas sus formas: comedias rom\u00e1nticas, novelas rom\u00e1nticas y grandes gestos. Anhela tener su propia gran historia de amor, una real.<\/p>\n<p>Todos piensan que Zara y su mejor amigo, Adnan, obviamente est\u00e1n hechos el uno para el otro. Y s\u00ed que se aman, solo que no de esa manera. As\u00ed que cuando Adnan le ruega a Zara que le ayude a encubrir su nueva relaci\u00f3n secreta haci\u00e9ndose pasar por su novia, ella no lo duda. \u00bfQu\u00e9 tan dif\u00edcil puede ser? No es el tipo de gran romance que ten\u00eda en mente, pero con las citas falsas vienen las tomas de manos falsas, los besos falsos y&#8230; \u00bfsentimientos reales?<\/p>\n<p>Y cuando un nuevo y emocionante chico llega a la vida de Zara, todo se vuelve m\u00e1s confuso que nunca. Su romance falso podr\u00eda alegrar a todos a su alrededor, pero \u00bfdeber\u00eda ser real? \u00bfPueden Zara y Adnan estar realmente enamorados si ambos sienten algo \u0093real\u0094 por otra persona?<\/p>\n<p>El hilarante y conmovedor debut de Anika Hussain.<\/p>\n<p>\u00abPara los adictos a las comedias rom\u00e1nticas.\u00bb &#8211;School Library Journal<\/p>\n<p>\u00abAnika Hussain llena su libro de forma cautivadora con personajes fuertes y una diversi\u00f3n tan contagiosa que har\u00e1 bailar a los lectores.\u00bb &#8211;Booklist<\/p>\n<p>\u00abUna combinaci\u00f3n de referencias a la cultura pop, elementos cl\u00e1sicos de las comedias rom\u00e1nticas y di\u00e1logos divertidos crea una lectura cautivadora.\u00bb &#8211;Kirkus Reviews<\/p>\n","protected":false},"excerpt":{"rendered":"<p>Anika Hussain<br \/>\n304 p\u00e1ginas<\/p>\n","protected":false},"featured_media":7353,"template":"","meta":{"_joinchat":[]},"product_brand":[],"product_cat":[52,35],"product_tag":[81],"class_list":{"0":"post-7352","1":"product","2":"type-product","3":"status-publish","4":"has-post-thumbnail","6":"product_cat-juvenil","7":"product_cat-romantica","8":"product_tag-trillas","10":"first","11":"instock","12":"shipping-taxable","13":"purchasable","14":"product-type-simple"},"_links":{"self":[{"href":"https:\/\/libreriahistoriasdebolsillo.com\/index.php\/wp-json\/wp\/v2\/product\/7352","targetHints":{"allow":["GET"]}}],"collection":[{"href":"https:\/\/libreriahistoriasdebolsillo.com\/index.php\/wp-json\/wp\/v2\/product"}],"about":[{"href":"https:\/\/libreriahistoriasdebolsillo.com\/index.php\/wp-json\/wp\/v2\/types\/product"}],"wp:featuredmedia":[{"embeddable":true,"href":"https:\/\/libreriahistoriasdebolsillo.com\/index.php\/wp-json\/wp\/v2\/media\/7353"}],"wp:attachment":[{"href":"https:\/\/libreriahistoriasdebolsillo.com\/index.php\/wp-json\/wp\/v2\/media?parent=7352"}],"wp:term":[{"taxonomy":"product_brand","embeddable":true,"href":"https:\/\/libreriahistoriasdebolsillo.com\/index.php\/wp-json\/wp\/v2\/product_brand?post=7352"},{"taxonomy":"product_cat","embeddable":true,"href":"https:\/\/libreriahistoriasdebolsillo.com\/index.php\/wp-json\/wp\/v2\/product_cat?post=7352"},{"taxonomy":"product_tag","embeddable":true,"href":"https:\/\/libreriahistoriasdebolsillo.com\/index.php\/wp-json\/wp\/v2\/product_tag?post=7352"}],"curies":[{"name":"wp","href":"https:\/\/api.w.org\/{rel}","templated":true}]}}