{"id":7354,"date":"2025-08-23T10:32:18","date_gmt":"2025-08-23T16:32:18","guid":{"rendered":"https:\/\/libreriahistoriasdebolsillo.com\/?post_type=product&#038;p=7354"},"modified":"2025-08-23T10:32:18","modified_gmt":"2025-08-23T16:32:18","slug":"descubriendo-al-verdadero-jack-el-destripador","status":"publish","type":"product","link":"https:\/\/libreriahistoriasdebolsillo.com\/index.php\/producto\/descubriendo-al-verdadero-jack-el-destripador\/","title":{"rendered":"Descubriendo al verdadero Jack el destripador"},"content":{"rendered":"<p>Un an\u00e1lisis exhaustivo que examina al tipo de hombre que podr\u00eda haber sido Jack el Destripador. Sarah Bax Horton investiga a profundidad los cr\u00edmenes de Jack el destripador y los relaciona con un perfil distintivo del homicida, descrito por varios testigos.<\/p>\n<p>Descubre la correspondencia definitiva entre el perpetrador y los perfiles policiales, la cual desmiente su identificaci\u00f3n err\u00f3nea, y estudia en detalle las sedientas motivaciones de este famoso asesino.<\/p>\n","protected":false},"excerpt":{"rendered":"<p>Sarah Bax Horton<br \/>\n335 p\u00e1ginas<\/p>\n","protected":false},"featured_media":7355,"template":"","meta":{"_joinchat":[]},"product_brand":[],"product_cat":[41,70],"product_tag":[81],"class_list":{"0":"post-7354","1":"product","2":"type-product","3":"status-publish","4":"has-post-thumbnail","6":"product_cat-desarrollo-humano","7":"product_cat-novedades","8":"product_tag-trillas","10":"first","11":"instock","12":"shipping-taxable","13":"purchasable","14":"product-type-simple"},"_links":{"self":[{"href":"https:\/\/libreriahistoriasdebolsillo.com\/index.php\/wp-json\/wp\/v2\/product\/7354","targetHints":{"allow":["GET"]}}],"collection":[{"href":"https:\/\/libreriahistoriasdebolsillo.com\/index.php\/wp-json\/wp\/v2\/product"}],"about":[{"href":"https:\/\/libreriahistoriasdebolsillo.com\/index.php\/wp-json\/wp\/v2\/types\/product"}],"wp:featuredmedia":[{"embeddable":true,"href":"https:\/\/libreriahistoriasdebolsillo.com\/index.php\/wp-json\/wp\/v2\/media\/7355"}],"wp:attachment":[{"href":"https:\/\/libreriahistoriasdebolsillo.com\/index.php\/wp-json\/wp\/v2\/media?parent=7354"}],"wp:term":[{"taxonomy":"product_brand","embeddable":true,"href":"https:\/\/libreriahistoriasdebolsillo.com\/index.php\/wp-json\/wp\/v2\/product_brand?post=7354"},{"taxonomy":"product_cat","embeddable":true,"href":"https:\/\/libreriahistoriasdebolsillo.com\/index.php\/wp-json\/wp\/v2\/product_cat?post=7354"},{"taxonomy":"product_tag","embeddable":true,"href":"https:\/\/libreriahistoriasdebolsillo.com\/index.php\/wp-json\/wp\/v2\/product_tag?post=7354"}],"curies":[{"name":"wp","href":"https:\/\/api.w.org\/{rel}","templated":true}]}}