{"id":7357,"date":"2025-08-27T17:54:42","date_gmt":"2025-08-27T23:54:42","guid":{"rendered":"https:\/\/libreriahistoriasdebolsillo.com\/?post_type=product&#038;p=7357"},"modified":"2025-11-04T14:03:47","modified_gmt":"2025-11-04T20:03:47","slug":"tan-poca-vida-ed-10-aniversario-pasta-dura","status":"publish","type":"product","link":"https:\/\/libreriahistoriasdebolsillo.com\/index.php\/producto\/tan-poca-vida-ed-10-aniversario-pasta-dura\/","title":{"rendered":"Tan poca vida Ed. 10 aniversario (pasta dura)"},"content":{"rendered":"<div class=\"section\">\n<div class=\"justify\">\n<p><b>Cuatro compa\u00f1eros de universidad se trasladan a Nueva York, donde solo<\/b><\/p>\n<p><b>cuentan con su amistad y su ambici\u00f3n para abrirse camino.<\/b><\/p>\n<\/div>\n<div class=\"justify\">\n<p>Willem es guapo y amable, y quiere ser actor; JB es un pintor ingenioso y a veces<\/p>\n<p>cruel, dispuesto a destacar en el dif\u00edcil mundo del arte; Malcolm es un arquitecto so\u00f1ador, y Jude es el joven retra\u00eddo, brillante y enigm\u00e1tico que<\/p>\n<p>pronto se convertir\u00e1 en el epicentro del grupo. A lo largo de varias d\u00e9cadas,<\/p>\n<p>sus relaciones se har\u00e1n m\u00e1s \u00edntimas y profundas, al tiempo que se te\u00f1ir\u00e1n<\/p>\n<p>de adicci\u00f3n, \u00e9xito y orgullo. Sin embargo, su mayor desaf\u00edo ser\u00e1 el propio<\/p>\n<p>Jude, herido para siempre por una traum\u00e1tica infancia.<\/p>\n<p>Para saber qu\u00e9 dicen y callan los hombres, de d\u00f3nde viene y ad\u00f3nde va la<\/p>\n<p>culpa, cu\u00e1nto importa el sexo, a qui\u00e9n podemos llamar amigo y, fi nalmente,<\/p>\n<p>qu\u00e9 precio tiene la vida cuando carece ya de valor, aqu\u00ed est\u00e1 Tan poca vida:<\/p>\n<p>el libro ic\u00f3nico de las nuevas generaciones, la mejor novela del a\u00f1o seg\u00fan<\/p>\n<p>la prensa internacional, fi nalista del Booker Prize y del National Book<\/p>\n<p>Award, y uno de los mayores fen\u00f3menos literarios de la \u00faltima d\u00e9cada.<\/p>\n<\/div>\n<\/div>\n<div class=\"section\"><\/div>\n","protected":false},"excerpt":{"rendered":"<p>Hanya Yanagihara<br \/>\n1008 p\u00e1ginas<\/p>\n","protected":false},"featured_media":7358,"template":"","meta":{"_joinchat":[]},"product_brand":[],"product_cat":[33,38,70],"product_tag":[34],"class_list":{"0":"post-7357","1":"product","2":"type-product","3":"status-publish","4":"has-post-thumbnail","6":"product_cat-ficcion-general","7":"product_cat-lgbtq","8":"product_cat-novedades","9":"product_tag-penguin-random-house","11":"first","12":"outofstock","13":"shipping-taxable","14":"purchasable","15":"product-type-simple"},"_links":{"self":[{"href":"https:\/\/libreriahistoriasdebolsillo.com\/index.php\/wp-json\/wp\/v2\/product\/7357","targetHints":{"allow":["GET"]}}],"collection":[{"href":"https:\/\/libreriahistoriasdebolsillo.com\/index.php\/wp-json\/wp\/v2\/product"}],"about":[{"href":"https:\/\/libreriahistoriasdebolsillo.com\/index.php\/wp-json\/wp\/v2\/types\/product"}],"wp:featuredmedia":[{"embeddable":true,"href":"https:\/\/libreriahistoriasdebolsillo.com\/index.php\/wp-json\/wp\/v2\/media\/7358"}],"wp:attachment":[{"href":"https:\/\/libreriahistoriasdebolsillo.com\/index.php\/wp-json\/wp\/v2\/media?parent=7357"}],"wp:term":[{"taxonomy":"product_brand","embeddable":true,"href":"https:\/\/libreriahistoriasdebolsillo.com\/index.php\/wp-json\/wp\/v2\/product_brand?post=7357"},{"taxonomy":"product_cat","embeddable":true,"href":"https:\/\/libreriahistoriasdebolsillo.com\/index.php\/wp-json\/wp\/v2\/product_cat?post=7357"},{"taxonomy":"product_tag","embeddable":true,"href":"https:\/\/libreriahistoriasdebolsillo.com\/index.php\/wp-json\/wp\/v2\/product_tag?post=7357"}],"curies":[{"name":"wp","href":"https:\/\/api.w.org\/{rel}","templated":true}]}}