{"id":7360,"date":"2025-08-27T17:57:11","date_gmt":"2025-08-27T23:57:11","guid":{"rendered":"https:\/\/libreriahistoriasdebolsillo.com\/?post_type=product&#038;p=7360"},"modified":"2025-12-27T14:17:02","modified_gmt":"2025-12-27T20:17:02","slug":"los-cantos-de-hyperion-1-hyperion","status":"publish","type":"product","link":"https:\/\/libreriahistoriasdebolsillo.com\/index.php\/producto\/los-cantos-de-hyperion-1-hyperion\/","title":{"rendered":"Los cantos de Hyperion 1. Hyperion"},"content":{"rendered":"<div class=\"justify\">\n<p><b>Hyperion es la aclamada primera novela de la tetralog\u00eda \u00abLos Cantos<\/b>\u00a0<b>de Hyperion\u00bb, una saga fundamental de la ciencia ficci\u00f3n moderna<\/b>\u00a0<b>que fue galardonada con tres premios Locus y el Hugo de 1990 por<\/b>\u00a0<b>el presente t\u00edtulo. La publicaci\u00f3n de la serie a lo largo de la d\u00e9cada<\/b>\u00a0<b>de 1990 coron\u00f3 a Dan Simmons como un referente indiscutible del<\/b><b>g\u00e9nero, capaz de construir un mundo al estilo de los Cuentos de<\/b>\u00a0<b>Canterbury y al mismo tiempo hacer un claro homenaje a John Keats.<\/b><\/p>\n<\/div>\n<div class=\"justify\">\n<p>En el mundo llamado Hyperion, m\u00e1s all\u00e1 de la\u00a0<b>Red de la Hegemon\u00eda del Hombre<\/b>, aguarda el\u00a0<b>Alcaud\u00f3n<\/b>, una sorprendente y temible criatura a la que los miembros de la Iglesia de la Expiaci\u00f3n Final veneran como Se\u00f1or del Dolor. En v\u00edsperas del Armaged\u00f3n y con el trasfondo de la posible guerra entre la Hegemon\u00eda, los enjambres \u00e9xter y las inteligencias artificiales del\u00a0<b>TecnoN\u00facleo<\/b><b>,<\/b>\u00a0siete peregrinos acuden a\u00a0<b>Hyperion<\/b>\u00a0para resucitar un antiguo rito religioso. Todos ellos son portadores de esperanzas imposibles y, tambi\u00e9n, de terribles secretos. Un diplom\u00e1tico, un sacerdote cat\u00f3lico, un militar, un poeta, un profesor, una detective y un navegante entrecruzan sus destinos en su peregrinar en busca del Alcaud\u00f3n mientras rastrean las\u00a0<b>Tumbas del Tiempo<\/b>, majestuosas e incomprensibles construcciones que albergan un secreto del futuro.<\/p>\n<\/div>\n","protected":false},"excerpt":{"rendered":"<p>Dan Simmons<br \/>\n356 p\u00e1ginas<\/p>\n","protected":false},"featured_media":7361,"template":"","meta":{"_joinchat":[]},"product_brand":[],"product_cat":[40],"product_tag":[34],"class_list":{"0":"post-7360","1":"product","2":"type-product","3":"status-publish","4":"has-post-thumbnail","6":"product_cat-ciencia-ficcion","7":"product_tag-penguin-random-house","9":"first","10":"instock","11":"shipping-taxable","12":"purchasable","13":"product-type-simple"},"_links":{"self":[{"href":"https:\/\/libreriahistoriasdebolsillo.com\/index.php\/wp-json\/wp\/v2\/product\/7360","targetHints":{"allow":["GET"]}}],"collection":[{"href":"https:\/\/libreriahistoriasdebolsillo.com\/index.php\/wp-json\/wp\/v2\/product"}],"about":[{"href":"https:\/\/libreriahistoriasdebolsillo.com\/index.php\/wp-json\/wp\/v2\/types\/product"}],"wp:featuredmedia":[{"embeddable":true,"href":"https:\/\/libreriahistoriasdebolsillo.com\/index.php\/wp-json\/wp\/v2\/media\/7361"}],"wp:attachment":[{"href":"https:\/\/libreriahistoriasdebolsillo.com\/index.php\/wp-json\/wp\/v2\/media?parent=7360"}],"wp:term":[{"taxonomy":"product_brand","embeddable":true,"href":"https:\/\/libreriahistoriasdebolsillo.com\/index.php\/wp-json\/wp\/v2\/product_brand?post=7360"},{"taxonomy":"product_cat","embeddable":true,"href":"https:\/\/libreriahistoriasdebolsillo.com\/index.php\/wp-json\/wp\/v2\/product_cat?post=7360"},{"taxonomy":"product_tag","embeddable":true,"href":"https:\/\/libreriahistoriasdebolsillo.com\/index.php\/wp-json\/wp\/v2\/product_tag?post=7360"}],"curies":[{"name":"wp","href":"https:\/\/api.w.org\/{rel}","templated":true}]}}