{"id":7368,"date":"2025-08-28T12:32:49","date_gmt":"2025-08-28T18:32:49","guid":{"rendered":"https:\/\/libreriahistoriasdebolsillo.com\/?post_type=product&#038;p=7368"},"modified":"2026-01-05T18:22:19","modified_gmt":"2026-01-06T00:22:19","slug":"vida-de-leonardo","status":"publish","type":"product","link":"https:\/\/libreriahistoriasdebolsillo.com\/index.php\/producto\/vida-de-leonardo\/","title":{"rendered":"Vida de Leonardo"},"content":{"rendered":"<div class=\"justify\">\n<p><b>LA BIOGRAF\u00cdA DEFINITIVA DE LEONARDO DA VINCI, POR EL PREMIADO AUTOR DE\u00a0<i>CATERINA<\/i>, N\u00daMERO 1 EN ITALIA Y MAYOR EXPERTO MUNDIAL EN SU FIGURA<\/b><\/p>\n<p><b>Comparado con Maggie O Farrell, Carlo Vecce es un \u00abgran narrador y erudito\u00bb (<i>Corriere Fiorentino<\/i>) que ha reescrito la vida de Da Vinci tras descubrir qui\u00e9n fue su madre.<\/b><\/p>\n<p><b>Un \u00abLeonardo secreto, [ ] fr\u00e1gil\u00bb (<i>Il Mattino<\/i>), \u00abun genio rebelde\u00bb<\/b><br \/>\n<b>(<i>Libero<\/i>)<\/b><\/p>\n<\/div>\n<div class=\"justify\">\n<p>\u00abUna investigaci\u00f3n con ritmo de relato apasionante de la vida del artista. [\u2026] Un viaje al coraz\u00f3n del genio polifac\u00e9tico que so\u00f1\u00f3 y vio el futuro\u00bb.<br \/>\n<i>Libero<\/i><\/p>\n<p>En la inmensa bibliograf\u00eda mundial sobre Leonardo, faltaba una biograf\u00eda definitiva sobre el genio de Da Vinci. Carlo Vecce colma esta laguna ofreciendo al lector el retrato m\u00e1s completo a trav\u00e9s de descubrimientos in\u00e9ditos, de nuevas perspectivas sobre su obra y de la voz de aquellos que le conocieron. Sus contempor\u00e1neos tienen aqu\u00ed vida y sangre, y sus recuerdos trazan a trav\u00e9s de los siglos el retrato m\u00e1s polifac\u00e9tico y m\u00e1s \u00edntimo jam\u00e1s escrito sobre la vida de Leonardo, marcada por la borrascosa relaci\u00f3n con su padre, por sus amores secretos y sus dificultades para acceder a un mundo del arte al que le cost\u00f3 adaptarse. A todo ello, Vecce a\u00f1ade la voz del propio Leonardo, hecha de palabras e im\u00e1genes que fluyen en la escritura diaria de p\u00e1ginas en cuadernos, libretas y hojas sueltas en las que se relata a s\u00ed mismo, dando vida al mayor de sus inventos: una forma de comunicaci\u00f3n global, entre la oralidad y la escritura, la palabra y la imagen, extraordinaria por su modernidad y a trav\u00e9s de la que pretend\u00eda captar y representar la variedad y la transitoriedad de una naturaleza en perpetuo devenir. Una obra inmensa, proyecci\u00f3n de una mente prodigiosa que, libre de todo esquema y prejuicio, deja abiertas todas las posibilidades y que hace de su biograf\u00eda un aut\u00e9ntico canto a la libertad.<\/p>\n<\/div>\n","protected":false},"excerpt":{"rendered":"<p>Carlo Vecce<br \/>\n688 p\u00e1ginas<\/p>\n","protected":false},"featured_media":7369,"template":"","meta":{"_joinchat":[]},"product_brand":[],"product_cat":[41,70],"product_tag":[34],"class_list":{"0":"post-7368","1":"product","2":"type-product","3":"status-publish","4":"has-post-thumbnail","6":"product_cat-desarrollo-humano","7":"product_cat-novedades","8":"product_tag-penguin-random-house","10":"first","11":"outofstock","12":"shipping-taxable","13":"purchasable","14":"product-type-simple"},"_links":{"self":[{"href":"https:\/\/libreriahistoriasdebolsillo.com\/index.php\/wp-json\/wp\/v2\/product\/7368","targetHints":{"allow":["GET"]}}],"collection":[{"href":"https:\/\/libreriahistoriasdebolsillo.com\/index.php\/wp-json\/wp\/v2\/product"}],"about":[{"href":"https:\/\/libreriahistoriasdebolsillo.com\/index.php\/wp-json\/wp\/v2\/types\/product"}],"wp:featuredmedia":[{"embeddable":true,"href":"https:\/\/libreriahistoriasdebolsillo.com\/index.php\/wp-json\/wp\/v2\/media\/7369"}],"wp:attachment":[{"href":"https:\/\/libreriahistoriasdebolsillo.com\/index.php\/wp-json\/wp\/v2\/media?parent=7368"}],"wp:term":[{"taxonomy":"product_brand","embeddable":true,"href":"https:\/\/libreriahistoriasdebolsillo.com\/index.php\/wp-json\/wp\/v2\/product_brand?post=7368"},{"taxonomy":"product_cat","embeddable":true,"href":"https:\/\/libreriahistoriasdebolsillo.com\/index.php\/wp-json\/wp\/v2\/product_cat?post=7368"},{"taxonomy":"product_tag","embeddable":true,"href":"https:\/\/libreriahistoriasdebolsillo.com\/index.php\/wp-json\/wp\/v2\/product_tag?post=7368"}],"curies":[{"name":"wp","href":"https:\/\/api.w.org\/{rel}","templated":true}]}}