{"id":7370,"date":"2025-08-28T12:35:40","date_gmt":"2025-08-28T18:35:40","guid":{"rendered":"https:\/\/libreriahistoriasdebolsillo.com\/?post_type=product&#038;p=7370"},"modified":"2026-01-19T12:57:55","modified_gmt":"2026-01-19T18:57:55","slug":"mistborn-1-nacidos-de-la-bruma-edicion-limitada","status":"publish","type":"product","link":"https:\/\/libreriahistoriasdebolsillo.com\/index.php\/producto\/mistborn-1-nacidos-de-la-bruma-edicion-limitada\/","title":{"rendered":"Mistborn 1. Nacidos de la bruma (Edici\u00f3n limitada)"},"content":{"rendered":"<div class=\"justify\">\n<p><b>Mistborn. Trilog\u00eda Original &#8211; Libro 1<\/b><\/p>\n<p><b>Mistborn es la saga que ha convertido a Brandon Sanderson en el gran autor de fantas\u00eda del siglo XXI. M\u00e1s de diez millones de ejemplares vendidos en todo el mundo.<\/b><\/p>\n<p><b>\u00abUna de las mejores obras de fantas\u00eda jam\u00e1s escrita.\u00bb<\/b><br \/>\n<b><i>Forbes<\/i><\/b><\/p>\n<\/div>\n<div class=\"justify\">\n<p>Las brumas gobiernan la noche. El lord Legislador domina el mundo.<\/p>\n<p>En otros tiempos, un h\u00e9roe se alz\u00f3 para salvar la humanidad. Fracas\u00f3.<\/p>\n<p>Desde entonces, el mundo es un erial de ceniza y niebla gobernado por un emperador inmortal conocido como el lord Legislador.<\/p>\n<p>Pero la esperanza perdura. Una nueva revuelta cobra forma ciment\u00e1ndose en la treta definitiva: la astucia de un brillante genio del crimen y la determinaci\u00f3n de una hero\u00edna ins\u00f3lita, una joven ladrona callejera que deber\u00e1 aprender a controlar el poder de los nacidos de la bruma.<\/p>\n<\/div>\n","protected":false},"excerpt":{"rendered":"<p>Brandon Sanderson<br \/>\n680 p\u00e1ginas<\/p>\n","protected":false},"featured_media":7371,"template":"","meta":{"_joinchat":[]},"product_brand":[],"product_cat":[39,70],"product_tag":[34],"class_list":{"0":"post-7370","1":"product","2":"type-product","3":"status-publish","4":"has-post-thumbnail","6":"product_cat-fantasia","7":"product_cat-novedades","8":"product_tag-penguin-random-house","10":"first","11":"outofstock","12":"shipping-taxable","13":"purchasable","14":"product-type-simple"},"_links":{"self":[{"href":"https:\/\/libreriahistoriasdebolsillo.com\/index.php\/wp-json\/wp\/v2\/product\/7370","targetHints":{"allow":["GET"]}}],"collection":[{"href":"https:\/\/libreriahistoriasdebolsillo.com\/index.php\/wp-json\/wp\/v2\/product"}],"about":[{"href":"https:\/\/libreriahistoriasdebolsillo.com\/index.php\/wp-json\/wp\/v2\/types\/product"}],"wp:featuredmedia":[{"embeddable":true,"href":"https:\/\/libreriahistoriasdebolsillo.com\/index.php\/wp-json\/wp\/v2\/media\/7371"}],"wp:attachment":[{"href":"https:\/\/libreriahistoriasdebolsillo.com\/index.php\/wp-json\/wp\/v2\/media?parent=7370"}],"wp:term":[{"taxonomy":"product_brand","embeddable":true,"href":"https:\/\/libreriahistoriasdebolsillo.com\/index.php\/wp-json\/wp\/v2\/product_brand?post=7370"},{"taxonomy":"product_cat","embeddable":true,"href":"https:\/\/libreriahistoriasdebolsillo.com\/index.php\/wp-json\/wp\/v2\/product_cat?post=7370"},{"taxonomy":"product_tag","embeddable":true,"href":"https:\/\/libreriahistoriasdebolsillo.com\/index.php\/wp-json\/wp\/v2\/product_tag?post=7370"}],"curies":[{"name":"wp","href":"https:\/\/api.w.org\/{rel}","templated":true}]}}