{"id":7373,"date":"2025-08-28T12:39:16","date_gmt":"2025-08-28T18:39:16","guid":{"rendered":"https:\/\/libreriahistoriasdebolsillo.com\/?post_type=product&#038;p=7373"},"modified":"2025-11-15T12:17:32","modified_gmt":"2025-11-15T18:17:32","slug":"los-chicos-de-tommen-1-binding-13-edicion-limitada-en-tapa-dura","status":"publish","type":"product","link":"https:\/\/libreriahistoriasdebolsillo.com\/index.php\/producto\/los-chicos-de-tommen-1-binding-13-edicion-limitada-en-tapa-dura\/","title":{"rendered":"Los chicos de Tommen 1. Binding 13 (Edici\u00f3n limitada en tapa dura)"},"content":{"rendered":"<div class=\"justify\">\n<p><b>Una historia de amor \u00e9pica e inolvidable: llega en espa\u00f1ol<\/b>\u00a0<i><b>Binding 13,<\/b><\/i><b>\u00a0el primer libro del fen\u00f3meno de TikTok Los chicos de Tommen, de Chloe Walsh<\/b><\/p>\n<p><b>Nunca habr\u00e1s sentido con tanta intensidad el poder del primer amor como en este romance deportivo. \u00a1No podr\u00e1s dejar de leer!<\/b><\/p>\n<\/div>\n<div class=\"justify\">\n<p>Hasta ahora han permanecido en lados opuestos del campo, pero cuando sus dos mundos choquen, nada volver\u00e1 a ser lo mismo.<\/p>\n<p><b>Johnny Kavanagh lo tiene todo a su favor.<\/b>\u00a0En el campo de rugby es una fuerza imparable. Ha nacido para el estrellato y nada detendr\u00e1 su camino a la cima. Ni siquiera la t\u00edmida chica nueva del Instituto Tommen. La de los ojos tristes y los moratones escondidos. La que lo distrae como nunca nadie lo ha hecho.<\/p>\n<p><b>La vida nunca ha sido f\u00e1cil para Shannon Lynch.<\/b>\u00a0Acosada y torturada por sus antiguas compa\u00f1eras, llega a Tommen a mitad del a\u00f1o escolar, rezando por un nuevo comienzo y desesperada por librarse de los demonios de su pasado. En su primer d\u00eda en la prestigiosa escuela privada, conoce, de forma bastante impactante, al famoso Johnny Kavanagh. Atrapada en un torbellino de sentimientos hacia \u00e9l y desesperada por pasar desapercibida, Shannon se convierte una vez m\u00e1s en el blanco del acoso, pero la flamante estrella del rugby irland\u00e9s resulta ser un aliado de lo m\u00e1s inesperado.<\/p>\n<p>Unidos por su fr\u00e1gil amistad y su innegable qu\u00edmica, Johnny y Shannon tendr\u00e1n que enfrentarse a todos los obst\u00e1culos que amenazar\u00e1n el comienzo de una relaci\u00f3n que puede ser mucho m\u00e1s&#8230;<\/p>\n<\/div>\n","protected":false},"excerpt":{"rendered":"<p>Chloe Walsh<br \/>\n664 p\u00e1ginas<\/p>\n","protected":false},"featured_media":7374,"template":"","meta":{"_joinchat":[]},"product_brand":[],"product_cat":[70,35],"product_tag":[34],"class_list":{"0":"post-7373","1":"product","2":"type-product","3":"status-publish","4":"has-post-thumbnail","6":"product_cat-novedades","7":"product_cat-romantica","8":"product_tag-penguin-random-house","10":"first","11":"outofstock","12":"shipping-taxable","13":"purchasable","14":"product-type-simple"},"_links":{"self":[{"href":"https:\/\/libreriahistoriasdebolsillo.com\/index.php\/wp-json\/wp\/v2\/product\/7373","targetHints":{"allow":["GET"]}}],"collection":[{"href":"https:\/\/libreriahistoriasdebolsillo.com\/index.php\/wp-json\/wp\/v2\/product"}],"about":[{"href":"https:\/\/libreriahistoriasdebolsillo.com\/index.php\/wp-json\/wp\/v2\/types\/product"}],"wp:featuredmedia":[{"embeddable":true,"href":"https:\/\/libreriahistoriasdebolsillo.com\/index.php\/wp-json\/wp\/v2\/media\/7374"}],"wp:attachment":[{"href":"https:\/\/libreriahistoriasdebolsillo.com\/index.php\/wp-json\/wp\/v2\/media?parent=7373"}],"wp:term":[{"taxonomy":"product_brand","embeddable":true,"href":"https:\/\/libreriahistoriasdebolsillo.com\/index.php\/wp-json\/wp\/v2\/product_brand?post=7373"},{"taxonomy":"product_cat","embeddable":true,"href":"https:\/\/libreriahistoriasdebolsillo.com\/index.php\/wp-json\/wp\/v2\/product_cat?post=7373"},{"taxonomy":"product_tag","embeddable":true,"href":"https:\/\/libreriahistoriasdebolsillo.com\/index.php\/wp-json\/wp\/v2\/product_tag?post=7373"}],"curies":[{"name":"wp","href":"https:\/\/api.w.org\/{rel}","templated":true}]}}