{"id":7377,"date":"2025-08-28T12:43:40","date_gmt":"2025-08-28T18:43:40","guid":{"rendered":"https:\/\/libreriahistoriasdebolsillo.com\/?post_type=product&#038;p=7377"},"modified":"2026-01-05T18:19:29","modified_gmt":"2026-01-06T00:19:29","slug":"blanco","status":"publish","type":"product","link":"https:\/\/libreriahistoriasdebolsillo.com\/index.php\/producto\/blanco\/","title":{"rendered":"Blanco"},"content":{"rendered":"<div class=\"justify\">\n<p><b>La<\/b>\u00a0<b>obra<\/b>\u00a0<b>m\u00e1s<\/b>\u00a0<b>ins\u00f3lita de la<\/b>\u00a0<b>autora<\/b>\u00a0<b>surcoreana<\/b>\u00a0<b>galardonada con<\/b>\u00a0<b>el<\/b>\u00a0<b>premio Nobel de Literatura. Un<\/b>\u00a0<b>libro<\/b>\u00a0<b>extraordinario<\/b>\u00a0<b>sobre la<\/b>\u00a0<b>imposibilidad de<\/b>\u00a0<b>nombrar<\/b>\u00a0<b>el<\/b>\u00a0<b>vac\u00edo y la<\/b>\u00a0<b>p\u00e9rdida.<\/b><\/p>\n<p><b>\u00abHan Kang esboza un<\/b>\u00a0<b>mapa<\/b>\u00a0<b>psicol\u00f3gico del<\/b>\u00a0<b>duelo a<\/b>\u00a0<b>partir de un<\/b>\u00a0<b>texto misterioso que es<\/b>\u00a0<b>casi un<\/b>\u00a0<b>libro de<\/b>\u00a0<b>oraciones secular.<\/b>\u00a0<i><b>Blanco\u00a0<\/b><\/i><b>refleja<\/b>\u00a0<b>como<\/b>\u00a0<b>ninguna<\/b>\u00a0<b>otra<\/b>\u00a0<b>obra<\/b>\u00a0<b>el<\/b>\u00a0<b>deseo<\/b>\u00a0<b>urgente de<\/b>\u00a0<b>su autora de<\/b>\u00a0<b>trascender<\/b>\u00a0<b>el dolor<\/b>\u00a0<b>mediante<\/b>\u00a0<b>el<\/b>\u00a0<b>lenguaje\u00bb.<\/b><br \/>\n<b>Deborah Levy,<\/b><i><b>\u00a0The Guardian<\/b><\/i><\/p>\n<\/div>\n<div class=\"justify\">\n<p>Durante su estancia en un pa\u00eds desconocido, Han Kang se ve abordada por una apremiante necesidad de escribir sobre el color blanco. Es su forma de dar sentido a una tragedia que la ha atormentado siempre: la prematura muerte de su hermana, a las pocas horas de nacer; alguien a quien no lleg\u00f3 a conocer y a quien parece haber reemplazado. Invocar los recuerdos que la vinculan con el blanco ser\u00e1 su forma de conversar con ella, de evocar su rostro, de sepultarla \u00edntimamente en la escritura.<\/p>\n<p>En este libro inclasificable, acaso la contribuci\u00f3n m\u00e1s ins\u00f3lita de la Nobel surcoreana, Han Kang se bate en duelo con lo invisible, lo hipot\u00e9tico, lo puro, lo imaginado, lo inasible, lo desaparecido, lo limpio, lo llano, lo g\u00e9lido, lo hueco, lo silencioso; lo blanco, en definitiva, como sin\u00f3nimo de p\u00e9rdida o vac\u00edo irreemplazable. Una novela imposible, que de tan luminosa y fr\u00e1gil casi no existe, pero que permanecer\u00e1 imborrable en la memoria de quien se le acerque.<\/p>\n<\/div>\n","protected":false},"excerpt":{"rendered":"<p>Han Kang<br \/>\n176 p\u00e1ginas<\/p>\n","protected":false},"featured_media":7378,"template":"","meta":{"_joinchat":[]},"product_brand":[],"product_cat":[41,70],"product_tag":[34],"class_list":{"0":"post-7377","1":"product","2":"type-product","3":"status-publish","4":"has-post-thumbnail","6":"product_cat-desarrollo-humano","7":"product_cat-novedades","8":"product_tag-penguin-random-house","10":"first","11":"outofstock","12":"shipping-taxable","13":"purchasable","14":"product-type-simple"},"_links":{"self":[{"href":"https:\/\/libreriahistoriasdebolsillo.com\/index.php\/wp-json\/wp\/v2\/product\/7377","targetHints":{"allow":["GET"]}}],"collection":[{"href":"https:\/\/libreriahistoriasdebolsillo.com\/index.php\/wp-json\/wp\/v2\/product"}],"about":[{"href":"https:\/\/libreriahistoriasdebolsillo.com\/index.php\/wp-json\/wp\/v2\/types\/product"}],"wp:featuredmedia":[{"embeddable":true,"href":"https:\/\/libreriahistoriasdebolsillo.com\/index.php\/wp-json\/wp\/v2\/media\/7378"}],"wp:attachment":[{"href":"https:\/\/libreriahistoriasdebolsillo.com\/index.php\/wp-json\/wp\/v2\/media?parent=7377"}],"wp:term":[{"taxonomy":"product_brand","embeddable":true,"href":"https:\/\/libreriahistoriasdebolsillo.com\/index.php\/wp-json\/wp\/v2\/product_brand?post=7377"},{"taxonomy":"product_cat","embeddable":true,"href":"https:\/\/libreriahistoriasdebolsillo.com\/index.php\/wp-json\/wp\/v2\/product_cat?post=7377"},{"taxonomy":"product_tag","embeddable":true,"href":"https:\/\/libreriahistoriasdebolsillo.com\/index.php\/wp-json\/wp\/v2\/product_tag?post=7377"}],"curies":[{"name":"wp","href":"https:\/\/api.w.org\/{rel}","templated":true}]}}