{"id":7379,"date":"2025-08-28T12:45:48","date_gmt":"2025-08-28T18:45:48","guid":{"rendered":"https:\/\/libreriahistoriasdebolsillo.com\/?post_type=product&#038;p=7379"},"modified":"2026-01-05T18:21:56","modified_gmt":"2026-01-06T00:21:56","slug":"vuelo-y-gloria-2-mas-alto-que-el-deseo","status":"publish","type":"product","link":"https:\/\/libreriahistoriasdebolsillo.com\/index.php\/producto\/vuelo-y-gloria-2-mas-alto-que-el-deseo\/","title":{"rendered":"Vuelo y gloria 2. M\u00e1s alto que el deseo"},"content":{"rendered":"<div class=\"justify\">\n<p><b>Segunda entrega de la serie\u00a0<i>new adult<\/i>\u00a0de Rebecca Yarros, un romance profundamente conmovedor que no podr\u00e1s dejar de leer.<\/b><\/p>\n<\/div>\n<div class=\"justify\">\n<p>La vida es demasiado breve para no correr riesgos&#8230;<\/p>\n<p>Tras la muerte de su hermana, los padres de Paisley Donovan la han tratado como si fuera de cristal. Tiene veinte a\u00f1os y comparte con ella el problema del coraz\u00f3n, pero eso no va a impedirle completar su lista de \u00abcosas que hacer antes de&#8230;\u00bb, aunque le cueste la vida. Y casi se la cuesta, pero Jagger Bateman la saca del oc\u00e9ano y le insufla en los pulmones algo m\u00e1s que aire: enciende el fuego en su alma.<\/p>\n<p>Jagger estudia en la academia de vuelo m\u00e1s exigente del pa\u00eds. Es arrebatadoramente guapo, temerario, perfecto para una chica que quiere vivir al m\u00e1ximo. Solo que Paisley es la hija del general y su novio es el peor rival de Jagger, as\u00ed que tendr\u00e1 que decidir hasta qu\u00e9 punto arriesgarse por un chico que hace que el coraz\u00f3n le palpite tal vez demasiado deprisa.<\/p>\n<p>Sobrevuelan territorio peligroso, y un movimiento err\u00f3neo podr\u00eda hacer que se estrellen y se estrellen&#8230;<\/p>\n<\/div>\n","protected":false},"excerpt":{"rendered":"<p>Rebecca Yarros<br \/>\n456 p\u00e1ginas<\/p>\n","protected":false},"featured_media":7380,"template":"","meta":{"_joinchat":[]},"product_brand":[],"product_cat":[70,35],"product_tag":[34],"class_list":{"0":"post-7379","1":"product","2":"type-product","3":"status-publish","4":"has-post-thumbnail","6":"product_cat-novedades","7":"product_cat-romantica","8":"product_tag-penguin-random-house","10":"first","11":"outofstock","12":"shipping-taxable","13":"purchasable","14":"product-type-simple"},"_links":{"self":[{"href":"https:\/\/libreriahistoriasdebolsillo.com\/index.php\/wp-json\/wp\/v2\/product\/7379","targetHints":{"allow":["GET"]}}],"collection":[{"href":"https:\/\/libreriahistoriasdebolsillo.com\/index.php\/wp-json\/wp\/v2\/product"}],"about":[{"href":"https:\/\/libreriahistoriasdebolsillo.com\/index.php\/wp-json\/wp\/v2\/types\/product"}],"wp:featuredmedia":[{"embeddable":true,"href":"https:\/\/libreriahistoriasdebolsillo.com\/index.php\/wp-json\/wp\/v2\/media\/7380"}],"wp:attachment":[{"href":"https:\/\/libreriahistoriasdebolsillo.com\/index.php\/wp-json\/wp\/v2\/media?parent=7379"}],"wp:term":[{"taxonomy":"product_brand","embeddable":true,"href":"https:\/\/libreriahistoriasdebolsillo.com\/index.php\/wp-json\/wp\/v2\/product_brand?post=7379"},{"taxonomy":"product_cat","embeddable":true,"href":"https:\/\/libreriahistoriasdebolsillo.com\/index.php\/wp-json\/wp\/v2\/product_cat?post=7379"},{"taxonomy":"product_tag","embeddable":true,"href":"https:\/\/libreriahistoriasdebolsillo.com\/index.php\/wp-json\/wp\/v2\/product_tag?post=7379"}],"curies":[{"name":"wp","href":"https:\/\/api.w.org\/{rel}","templated":true}]}}