{"id":7381,"date":"2025-08-28T12:48:25","date_gmt":"2025-08-28T18:48:25","guid":{"rendered":"https:\/\/libreriahistoriasdebolsillo.com\/?post_type=product&#038;p=7381"},"modified":"2026-04-23T12:54:44","modified_gmt":"2026-04-23T18:54:44","slug":"adentrate-en-la-oscuridad-1-a-oscuras","status":"publish","type":"product","link":"https:\/\/libreriahistoriasdebolsillo.com\/index.php\/producto\/adentrate-en-la-oscuridad-1-a-oscuras\/","title":{"rendered":"Ad\u00e9ntrate en la oscuridad 1. A oscuras"},"content":{"rendered":"<div class=\"justify\">\n<p><b>TU PR\u00d3XIMA OBSESI\u00d3N ES UN HOMBRE ENMASCARADO CON UN SENTIDO DEL HUMOR TAN OSCURO COMO LOS PLANES QUE TIENE PARA TI.<\/b><\/p>\n<p><b>Ad\u00e9ntrate en la el libro que ha revolucionado BookTok: una comedia rom\u00e1ntica oscura con una qu\u00edmica el\u00e9ctrica y una<\/b>\u00a0<b>historia de amor como nunca has visto antes.<\/b><br \/>\n<b>\u00bfTe atreves a apagar la luz?<\/b><\/p>\n<\/div>\n<div class=\"justify\">\n<p>La enfermera Alyssa Cappellucci no necesita m\u00e1s fetiches. De hecho, con su favorito le basta: no hay nada como los hombres enmascarados a los que sigue online. Y, aunque a menudo fantasea con encontrarse a uno esper\u00e1ndola en su dormitorio, jam\u00e1s se habr\u00eda imaginado que bastar\u00eda un mensaje para hacerlo realidad.<\/p>\n<p>Joshua Hammond se ha pasado la vida escondi\u00e9ndose, pero su identidad en redes es otra cosa: all\u00ed se pone una m\u00e1scara y publica v\u00eddeos para sus millones de fans. Sin embargo, una seguidora en particular le ha llamado la atenci\u00f3n: Aly.<\/p>\n<p>Aly y Josh se dedican a explorar sus anhelos m\u00e1s ocultos mientras una amenaza inesperada se cierne sobre ellos&#8230; Y, a medida que la tensi\u00f3n aumenta, Josh deber\u00e1 preguntarse si est\u00e1 dispuesto a salir a la luz por la \u00fanica mujer a la que le obsesiona la oscuridad tanto como a \u00e9l.<\/p>\n<\/div>\n","protected":false},"excerpt":{"rendered":"<p>Navessa Allen<br \/>\n480 p\u00e1ginas<\/p>\n","protected":false},"featured_media":7382,"template":"","meta":{"_joinchat":[]},"product_brand":[],"product_cat":[63,70],"product_tag":[34],"class_list":{"0":"post-7381","1":"product","2":"type-product","3":"status-publish","4":"has-post-thumbnail","6":"product_cat-dark-romance","7":"product_cat-novedades","8":"product_tag-penguin-random-house","10":"first","11":"outofstock","12":"shipping-taxable","13":"purchasable","14":"product-type-simple"},"_links":{"self":[{"href":"https:\/\/libreriahistoriasdebolsillo.com\/index.php\/wp-json\/wp\/v2\/product\/7381","targetHints":{"allow":["GET"]}}],"collection":[{"href":"https:\/\/libreriahistoriasdebolsillo.com\/index.php\/wp-json\/wp\/v2\/product"}],"about":[{"href":"https:\/\/libreriahistoriasdebolsillo.com\/index.php\/wp-json\/wp\/v2\/types\/product"}],"wp:featuredmedia":[{"embeddable":true,"href":"https:\/\/libreriahistoriasdebolsillo.com\/index.php\/wp-json\/wp\/v2\/media\/7382"}],"wp:attachment":[{"href":"https:\/\/libreriahistoriasdebolsillo.com\/index.php\/wp-json\/wp\/v2\/media?parent=7381"}],"wp:term":[{"taxonomy":"product_brand","embeddable":true,"href":"https:\/\/libreriahistoriasdebolsillo.com\/index.php\/wp-json\/wp\/v2\/product_brand?post=7381"},{"taxonomy":"product_cat","embeddable":true,"href":"https:\/\/libreriahistoriasdebolsillo.com\/index.php\/wp-json\/wp\/v2\/product_cat?post=7381"},{"taxonomy":"product_tag","embeddable":true,"href":"https:\/\/libreriahistoriasdebolsillo.com\/index.php\/wp-json\/wp\/v2\/product_tag?post=7381"}],"curies":[{"name":"wp","href":"https:\/\/api.w.org\/{rel}","templated":true}]}}