{"id":7383,"date":"2025-08-28T12:50:47","date_gmt":"2025-08-28T18:50:47","guid":{"rendered":"https:\/\/libreriahistoriasdebolsillo.com\/?post_type=product&#038;p=7383"},"modified":"2025-12-13T14:41:55","modified_gmt":"2025-12-13T20:41:55","slug":"dungeons-dragons-mundos-y-reinos-tapa-dura","status":"publish","type":"product","link":"https:\/\/libreriahistoriasdebolsillo.com\/index.php\/producto\/dungeons-dragons-mundos-y-reinos-tapa-dura\/","title":{"rendered":"Dungeons &#038; Dragons. Mundos y reinos (Tapa dura)"},"content":{"rendered":"<div class=\"justify\">\n<p><b>Celebra cincuenta a\u00f1os de los fascinantes mundos y reinos de\u00a0<\/b><i><b>Dragones y Mazmorras<\/b><\/i><b>\u00a0con esta exploraci\u00f3n detallada y preciosamente ilustrada del multiverso.<\/b><\/p>\n<\/div>\n<div class=\"justify\">\n<p>Una retrospectiva ilustrada que celebra la inmersiva construcci\u00f3n de mundos de\u00a0<i>Dungeons&amp;Dragons<\/i>\u00a0desde la ic\u00f3nica creaci\u00f3n del juego en 1974. El legendario mago Mordenkainen acompa\u00f1ar\u00e1 al lector en un viaje fant\u00e1stico a trav\u00e9s del multiverso, explorando el lore y las ubicaciones m\u00e1s memorables y fascinantes de las cinco ediciones del juego.<\/p>\n<p>Lleno de emocionantes y encantadoras ilustraciones que muestran cincuenta a\u00f1os de evoluci\u00f3n del juego, desde el D&amp;D cl\u00e1sico hasta el actual, este libro es un hechizante recorrido por los extra\u00f1os y maravillosos mundos del multiverso, atrayendo tanto a nuevos fans como a los veteranos.<\/p>\n<\/div>\n","protected":false},"excerpt":{"rendered":"<p>Celebra cincuenta a\u00f1os de los fascinantes mundos y reinos de\u00a0Dragones y Mazmorras\u00a0con esta exploraci\u00f3n detallada y preciosamente ilustrada del multiverso. Una retrospectiva ilustrada que celebra la inmersiva construcci\u00f3n de mundos de\u00a0Dungeons&amp;Dragons\u00a0desde la ic\u00f3nica creaci\u00f3n del juego en 1974. El legendario mago Mordenkainen acompa\u00f1ar\u00e1 al lector en un viaje fant\u00e1stico a trav\u00e9s del multiverso, explorando el [&hellip;]<\/p>\n","protected":false},"featured_media":7416,"template":"","meta":{"_joinchat":[]},"product_brand":[],"product_cat":[41,70],"product_tag":[34],"class_list":{"0":"post-7383","1":"product","2":"type-product","3":"status-publish","4":"has-post-thumbnail","6":"product_cat-desarrollo-humano","7":"product_cat-novedades","8":"product_tag-penguin-random-house","10":"first","11":"outofstock","12":"shipping-taxable","13":"purchasable","14":"product-type-simple"},"_links":{"self":[{"href":"https:\/\/libreriahistoriasdebolsillo.com\/index.php\/wp-json\/wp\/v2\/product\/7383","targetHints":{"allow":["GET"]}}],"collection":[{"href":"https:\/\/libreriahistoriasdebolsillo.com\/index.php\/wp-json\/wp\/v2\/product"}],"about":[{"href":"https:\/\/libreriahistoriasdebolsillo.com\/index.php\/wp-json\/wp\/v2\/types\/product"}],"wp:featuredmedia":[{"embeddable":true,"href":"https:\/\/libreriahistoriasdebolsillo.com\/index.php\/wp-json\/wp\/v2\/media\/7416"}],"wp:attachment":[{"href":"https:\/\/libreriahistoriasdebolsillo.com\/index.php\/wp-json\/wp\/v2\/media?parent=7383"}],"wp:term":[{"taxonomy":"product_brand","embeddable":true,"href":"https:\/\/libreriahistoriasdebolsillo.com\/index.php\/wp-json\/wp\/v2\/product_brand?post=7383"},{"taxonomy":"product_cat","embeddable":true,"href":"https:\/\/libreriahistoriasdebolsillo.com\/index.php\/wp-json\/wp\/v2\/product_cat?post=7383"},{"taxonomy":"product_tag","embeddable":true,"href":"https:\/\/libreriahistoriasdebolsillo.com\/index.php\/wp-json\/wp\/v2\/product_tag?post=7383"}],"curies":[{"name":"wp","href":"https:\/\/api.w.org\/{rel}","templated":true}]}}