{"id":7388,"date":"2025-08-28T12:53:32","date_gmt":"2025-08-28T18:53:32","guid":{"rendered":"https:\/\/libreriahistoriasdebolsillo.com\/?post_type=product&#038;p=7388"},"modified":"2025-10-16T18:40:23","modified_gmt":"2025-10-17T00:40:23","slug":"marcus-goldman-1-la-verdad-sobre-el-caso-harry-quebert-edicion-limitada-firmada","status":"publish","type":"product","link":"https:\/\/libreriahistoriasdebolsillo.com\/index.php\/producto\/marcus-goldman-1-la-verdad-sobre-el-caso-harry-quebert-edicion-limitada-firmada\/","title":{"rendered":"Marcus Goldman 1. La verdad sobre el caso Harry Quebert (Edici\u00f3n limitada firmada)"},"content":{"rendered":"<div class=\"justify\">\n<p><b>El mayor fen\u00f3meno editorial de los \u00faltimos a\u00f1os: un joven suizo con unthriller monumental.<\/b><\/p>\n<p><b>M\u00e1s de 22.000.000 de lectores<\/b><\/p>\n<p><b>Por el ganador del Premio Goncourt des Lyc\u00e9ens, del Gran Premio de Novela de la Academia Francesa, del Premio Lire, del Premio Qu\u00e9 Leer y del Premio San Clemente.<\/b><\/p>\n<p><b>#AdictosaDicker<\/b><\/p>\n<\/div>\n<div class=\"justify\">\n<p>Qui\u00e9n mat\u00f3 a Nola Kellergan es la gran inc\u00f3gnita a desvelar en esta incomparable historia polic\u00edaca cuya experiencia de lectura escapa a cualquier tentativa de descripci\u00f3n.<\/p>\n<p>Intent\u00e9moslo:<\/p>\n<p>Una novela de suspense a tres tiempos -1975, 1998 y 2008- acerca del asesinato de una joven de quince a\u00f1os en la peque\u00f1a ciudad de Aurora, en New Hampshire.<\/p>\n<p>En 2008, Marcus Goldman, un joven escritor, visita a su mentor -Harry Quebert, autor de una aclamada novela- y descubre que \u00e9ste tuvo una relaci\u00f3n secreta con Nola Kellergan. Poco despu\u00e9s, Harry es arrestado y acusado de asesinato al encontrarse el cad\u00e1ver de Nola enterrado en su jard\u00edn.<\/p>\n<p>Marcus comienza a investigar y a escribir un libro sobre el caso. Mientras busca demostrar la inocencia de Harry, una trama de secretos sale a la luz. La verdad solo llega al final de un largo, intrincado y apasionante recorrido.<\/p>\n<p><b>El mejor libro del a\u00f1o para los lectores de<i>\u00a0El Pa\u00eds.<\/i><\/b><br \/>\n<b>N\u00famero 1 en ventas en Francia.<\/b><br \/>\n<b>Derechos de traducci\u00f3n vendidos a 33 idiomas.<\/b><\/p>\n<\/div>\n","protected":false},"excerpt":{"rendered":"<p>Joel Dicker<br \/>\n800 p\u00e1ginas<\/p>\n","protected":false},"featured_media":7389,"template":"","meta":{"_joinchat":[]},"product_brand":[],"product_cat":[37,70],"product_tag":[34],"class_list":{"0":"post-7388","1":"product","2":"type-product","3":"status-publish","4":"has-post-thumbnail","6":"product_cat-misterio-y-thriller","7":"product_cat-novedades","8":"product_tag-penguin-random-house","10":"first","11":"outofstock","12":"shipping-taxable","13":"purchasable","14":"product-type-simple"},"_links":{"self":[{"href":"https:\/\/libreriahistoriasdebolsillo.com\/index.php\/wp-json\/wp\/v2\/product\/7388","targetHints":{"allow":["GET"]}}],"collection":[{"href":"https:\/\/libreriahistoriasdebolsillo.com\/index.php\/wp-json\/wp\/v2\/product"}],"about":[{"href":"https:\/\/libreriahistoriasdebolsillo.com\/index.php\/wp-json\/wp\/v2\/types\/product"}],"wp:featuredmedia":[{"embeddable":true,"href":"https:\/\/libreriahistoriasdebolsillo.com\/index.php\/wp-json\/wp\/v2\/media\/7389"}],"wp:attachment":[{"href":"https:\/\/libreriahistoriasdebolsillo.com\/index.php\/wp-json\/wp\/v2\/media?parent=7388"}],"wp:term":[{"taxonomy":"product_brand","embeddable":true,"href":"https:\/\/libreriahistoriasdebolsillo.com\/index.php\/wp-json\/wp\/v2\/product_brand?post=7388"},{"taxonomy":"product_cat","embeddable":true,"href":"https:\/\/libreriahistoriasdebolsillo.com\/index.php\/wp-json\/wp\/v2\/product_cat?post=7388"},{"taxonomy":"product_tag","embeddable":true,"href":"https:\/\/libreriahistoriasdebolsillo.com\/index.php\/wp-json\/wp\/v2\/product_tag?post=7388"}],"curies":[{"name":"wp","href":"https:\/\/api.w.org\/{rel}","templated":true}]}}