{"id":7392,"date":"2025-08-28T12:59:04","date_gmt":"2025-08-28T18:59:04","guid":{"rendered":"https:\/\/libreriahistoriasdebolsillo.com\/?post_type=product&#038;p=7392"},"modified":"2025-10-03T17:42:48","modified_gmt":"2025-10-03T23:42:48","slug":"germanico-tapa-dura","status":"publish","type":"product","link":"https:\/\/libreriahistoriasdebolsillo.com\/index.php\/producto\/germanico-tapa-dura\/","title":{"rendered":"Germ\u00e1nico (Tapa dura)"},"content":{"rendered":"<div class=\"justify\">\n<p><b>Manfredi regresa a los lugares de Teutoburgo para escenificar la batalla que redimir\u00e1 al ej\u00e9rcito romano despu\u00e9s de su peor derrota y conferir\u00e1 a Germ\u00e1nico la gloria para la posteridad.<\/b><\/p>\n<\/div>\n<div class=\"justify\">\n<p>Desde el momento en que, muy j\u00f3venes, se reconocen como esp\u00edritus afines, Germ\u00e1nico y Agripina no volver\u00e1n a separarse. El v\u00ednculo que los une es la culminaci\u00f3n de una gran pasi\u00f3n.<\/p>\n<p>Cuando el joven comandante es llamado a liderar las ocho legiones estacionadas a lo largo del r\u00edo Rin para redimir el nombre del Imperio tras la derrota de Teutoburgo, Agripina decide seguirlo. A pesar de estar embarazada, participa en la vida del campamento revelando pronto una influencia sobre los soldados mayor incluso que la de su marido. Orgullosos, intr\u00e9pidos y tenaces, ambos parecen predestinados: si Germ\u00e1nico, hijo del valiente comandante Druso, es el hombre m\u00e1s adecuado para suceder a Augusto, Agripina, hija de Marco Vipsanio Agripa, es una brillante matrona romana.<\/p>\n<p>Sin embargo, a la muerte de Augusto el futuro de la pareja se oscurece pues el emperador designa a su hijastro Tiberio como sucesor. Amados por el pueblo y los soldados y temidos por el poder, Germ\u00e1nico y Agripina aceptar\u00e1n su destino con audacia y conciencia.<\/p>\n<p>A\u00f1os despu\u00e9s de su muerte, ser\u00e1 el centuri\u00f3n Quinto Sergio Sabino -un fiel servidor del Estado que tuvo la suerte de presenciar sus haza\u00f1as- quien contar\u00e1 en sus memorias qui\u00e9nes fueron el fallido emperador y su esposa guerrera.<\/p>\n<\/div>\n","protected":false},"excerpt":{"rendered":"<p>Valerio Massimo Manfredi<br \/>\n224 p\u00e1ginas<\/p>\n","protected":false},"featured_media":7393,"template":"","meta":{"_joinchat":[]},"product_brand":[],"product_cat":[56,70],"product_tag":[34],"class_list":{"0":"post-7392","1":"product","2":"type-product","3":"status-publish","4":"has-post-thumbnail","6":"product_cat-historica","7":"product_cat-novedades","8":"product_tag-penguin-random-house","10":"first","11":"outofstock","12":"shipping-taxable","13":"purchasable","14":"product-type-simple"},"_links":{"self":[{"href":"https:\/\/libreriahistoriasdebolsillo.com\/index.php\/wp-json\/wp\/v2\/product\/7392","targetHints":{"allow":["GET"]}}],"collection":[{"href":"https:\/\/libreriahistoriasdebolsillo.com\/index.php\/wp-json\/wp\/v2\/product"}],"about":[{"href":"https:\/\/libreriahistoriasdebolsillo.com\/index.php\/wp-json\/wp\/v2\/types\/product"}],"wp:featuredmedia":[{"embeddable":true,"href":"https:\/\/libreriahistoriasdebolsillo.com\/index.php\/wp-json\/wp\/v2\/media\/7393"}],"wp:attachment":[{"href":"https:\/\/libreriahistoriasdebolsillo.com\/index.php\/wp-json\/wp\/v2\/media?parent=7392"}],"wp:term":[{"taxonomy":"product_brand","embeddable":true,"href":"https:\/\/libreriahistoriasdebolsillo.com\/index.php\/wp-json\/wp\/v2\/product_brand?post=7392"},{"taxonomy":"product_cat","embeddable":true,"href":"https:\/\/libreriahistoriasdebolsillo.com\/index.php\/wp-json\/wp\/v2\/product_cat?post=7392"},{"taxonomy":"product_tag","embeddable":true,"href":"https:\/\/libreriahistoriasdebolsillo.com\/index.php\/wp-json\/wp\/v2\/product_tag?post=7392"}],"curies":[{"name":"wp","href":"https:\/\/api.w.org\/{rel}","templated":true}]}}