{"id":7394,"date":"2025-08-28T13:01:41","date_gmt":"2025-08-28T19:01:41","guid":{"rendered":"https:\/\/libreriahistoriasdebolsillo.com\/?post_type=product&#038;p=7394"},"modified":"2025-09-04T12:02:53","modified_gmt":"2025-09-04T18:02:53","slug":"dark-verse-3-el-emperador","status":"publish","type":"product","link":"https:\/\/libreriahistoriasdebolsillo.com\/index.php\/producto\/dark-verse-3-el-emperador\/","title":{"rendered":"Dark verse 3. El emperador"},"content":{"rendered":"<p><strong>T<\/strong><b>ras<\/b>\u00a0<i><b>El cazador<\/b><\/i><b>\u00a0y<\/b>\u00a0<i><b>La tormenta<\/b><\/i><b>, la reina del romance oscuro, RuNyx, presenta la tercera parte de su mafia romance m\u00e1s viral, otro cap\u00edtulo del fen\u00f3meno<\/b>\u00a0<b>Dark Verse que ha revolucionado las redes y las librer\u00edas de nuestro pa\u00eds.<\/b><\/p>\n<div class=\"justify\">\n<p>\u00abEst\u00e1s en mi sangre.<br \/>\nLates en mi coraz\u00f3n.<br \/>\nEl \u00fanico modo de dejarte marchar<br \/>\nes que se me pare\u00bb.<\/p>\n<\/div>\n<div class=\"justify\">\n<p><b>Dante Maroni<\/b>, heredero de la infame organizaci\u00f3n Tenebrae, sabe esconder la crueldad con encanto, la brutalidad con trajes a medida y el amor con silencio. Sin embargo, tras infiltrarse en el Sindicato, la perversa entidad tras los secuestros de menores a los que su mundo de enfrenta, descubre una informaci\u00f3n que lo pone todo en peligro.<\/p>\n<p><b>Amara Rossi<\/b>\u00a0es la hija del ama de llaves de los Maroni, y lleva enamorada de Dante desde que era una ni\u00f1a. Pero cuando la secuestraron y torturaron a los quince a\u00f1os, lo perdi\u00f3 todo y qued\u00f3 exiliada. Ahora, m\u00e1s de una d\u00e9cada despu\u00e9s, su vida se derrumba de nuevo y debe volver a unirse al juego oscuro de la mafia.<\/p>\n<p>Y as\u00ed, mientras los secretos salen a la luz y el amor se convierte en una fuerza imparable, Dante, el rey renuente, y Amara, la reina inevitable, inician una partida mortal que decidir\u00e1 su destino.<\/p>\n<\/div>\n","protected":false},"excerpt":{"rendered":"<p>Runyx<br \/>\n352 p\u00e1ginas<\/p>\n","protected":false},"featured_media":7395,"template":"","meta":{"_joinchat":[]},"product_brand":[],"product_cat":[63,70],"product_tag":[34],"class_list":{"0":"post-7394","1":"product","2":"type-product","3":"status-publish","4":"has-post-thumbnail","6":"product_cat-dark-romance","7":"product_cat-novedades","8":"product_tag-penguin-random-house","10":"first","11":"outofstock","12":"shipping-taxable","13":"purchasable","14":"product-type-simple"},"_links":{"self":[{"href":"https:\/\/libreriahistoriasdebolsillo.com\/index.php\/wp-json\/wp\/v2\/product\/7394","targetHints":{"allow":["GET"]}}],"collection":[{"href":"https:\/\/libreriahistoriasdebolsillo.com\/index.php\/wp-json\/wp\/v2\/product"}],"about":[{"href":"https:\/\/libreriahistoriasdebolsillo.com\/index.php\/wp-json\/wp\/v2\/types\/product"}],"wp:featuredmedia":[{"embeddable":true,"href":"https:\/\/libreriahistoriasdebolsillo.com\/index.php\/wp-json\/wp\/v2\/media\/7395"}],"wp:attachment":[{"href":"https:\/\/libreriahistoriasdebolsillo.com\/index.php\/wp-json\/wp\/v2\/media?parent=7394"}],"wp:term":[{"taxonomy":"product_brand","embeddable":true,"href":"https:\/\/libreriahistoriasdebolsillo.com\/index.php\/wp-json\/wp\/v2\/product_brand?post=7394"},{"taxonomy":"product_cat","embeddable":true,"href":"https:\/\/libreriahistoriasdebolsillo.com\/index.php\/wp-json\/wp\/v2\/product_cat?post=7394"},{"taxonomy":"product_tag","embeddable":true,"href":"https:\/\/libreriahistoriasdebolsillo.com\/index.php\/wp-json\/wp\/v2\/product_tag?post=7394"}],"curies":[{"name":"wp","href":"https:\/\/api.w.org\/{rel}","templated":true}]}}