{"id":7396,"date":"2025-08-28T13:04:20","date_gmt":"2025-08-28T19:04:20","guid":{"rendered":"https:\/\/libreriahistoriasdebolsillo.com\/?post_type=product&#038;p=7396"},"modified":"2026-01-05T18:21:19","modified_gmt":"2026-01-06T00:21:19","slug":"el-misterio-de-la-mujer-tatuada","status":"publish","type":"product","link":"https:\/\/libreriahistoriasdebolsillo.com\/index.php\/producto\/el-misterio-de-la-mujer-tatuada\/","title":{"rendered":"El misterio de la mujer tatuada"},"content":{"rendered":"<div class=\"justify\">\n<p><b>Por primera vez en espa\u00f1ol, el gran cl\u00e1sico de la literatura japonesa de misterio<\/b><\/p>\n<p><b>La novela m\u00e1s aclamada de Akimitsu Takagi<\/b><\/p>\n<p><b>\u00abInteligente, perverso y muy entretenido.\u00bb\u00a0<\/b><i><b>The Washington Post<\/b><\/i><\/p>\n<\/div>\n<div class=\"justify\">\n<p>Tokio, verano de 1947. Suspendidas sus actividades durante la Segunda Guerra Mundial, la influyente Sociedad de Tatuajes de Edo, dedicada al antiguo arte japon\u00e9s del tatuaje de cuerpo entero, vuelve a recuperar sus celebraciones con un gran concurso que premie la mejor obra plasmada en la piel. Entre los participantes, mayoritariamente hombres, se encuentra la bella y rebelde Kinue Nomura, hija de un afamado artista del tatuaje, que es recibida con una ferviente ovaci\u00f3n al mostrar la figura de una gigantesca serpiente de tinta. Relacionada con destacados miembros de la mafia local, Kinue desaparece de forma misteriosa despu\u00e9s del evento y es hallada d\u00edas m\u00e1s tarde descuartizada en el ba\u00f1o de su casa con la puerta cerrada por dentro. Aunque un vecino afirma que nadie ha entrado ni salido del apartamento, tampoco queda rastro del impresionante y codiciado dibujo en el torso de la joven. Mientras el inspector jefe Daiyu Matsushita, del Departamento Metropolitano de Polic\u00eda, y su hermano Kenzo, forense que conoc\u00eda y amaba a la v\u00edctima, se hacen cargo de las pesquisas, una retah\u00edla de cr\u00edmenes similares en el entorno familiar de Kinue viene a enturbiar la soluci\u00f3n del caso.<\/p>\n<p>Ambientada en un Tokio posb\u00e9lico, entre tropas de ocupaci\u00f3n y bandas mafiosas, tradiciones centenarias y ruinas b\u00e9licas,\u00a0<i>El misterio de la mujer tatuada<\/i>, publicada en japon\u00e9s en 1948 e in\u00e9dita en espa\u00f1ol hasta ahora, es una de las novelas de misterio m\u00e1s emblem\u00e1ticas de Akimitsu Takagi, un autor de culto en todo el mundo y considerado el Simenon japon\u00e9s.<\/p>\n<\/div>\n","protected":false},"excerpt":{"rendered":"<p>Akimitsu Takagi<br \/>\n400 p\u00e1ginas<\/p>\n","protected":false},"featured_media":7397,"template":"","meta":{"_joinchat":[]},"product_brand":[],"product_cat":[37,70],"product_tag":[34],"class_list":{"0":"post-7396","1":"product","2":"type-product","3":"status-publish","4":"has-post-thumbnail","6":"product_cat-misterio-y-thriller","7":"product_cat-novedades","8":"product_tag-penguin-random-house","10":"first","11":"outofstock","12":"shipping-taxable","13":"purchasable","14":"product-type-simple"},"_links":{"self":[{"href":"https:\/\/libreriahistoriasdebolsillo.com\/index.php\/wp-json\/wp\/v2\/product\/7396","targetHints":{"allow":["GET"]}}],"collection":[{"href":"https:\/\/libreriahistoriasdebolsillo.com\/index.php\/wp-json\/wp\/v2\/product"}],"about":[{"href":"https:\/\/libreriahistoriasdebolsillo.com\/index.php\/wp-json\/wp\/v2\/types\/product"}],"wp:featuredmedia":[{"embeddable":true,"href":"https:\/\/libreriahistoriasdebolsillo.com\/index.php\/wp-json\/wp\/v2\/media\/7397"}],"wp:attachment":[{"href":"https:\/\/libreriahistoriasdebolsillo.com\/index.php\/wp-json\/wp\/v2\/media?parent=7396"}],"wp:term":[{"taxonomy":"product_brand","embeddable":true,"href":"https:\/\/libreriahistoriasdebolsillo.com\/index.php\/wp-json\/wp\/v2\/product_brand?post=7396"},{"taxonomy":"product_cat","embeddable":true,"href":"https:\/\/libreriahistoriasdebolsillo.com\/index.php\/wp-json\/wp\/v2\/product_cat?post=7396"},{"taxonomy":"product_tag","embeddable":true,"href":"https:\/\/libreriahistoriasdebolsillo.com\/index.php\/wp-json\/wp\/v2\/product_tag?post=7396"}],"curies":[{"name":"wp","href":"https:\/\/api.w.org\/{rel}","templated":true}]}}