{"id":7404,"date":"2025-08-28T13:17:25","date_gmt":"2025-08-28T19:17:25","guid":{"rendered":"https:\/\/libreriahistoriasdebolsillo.com\/?post_type=product&#038;p=7404"},"modified":"2026-01-05T18:20:20","modified_gmt":"2026-01-06T00:20:20","slug":"museum-vol-1-el-asesino-serial-rie-bajo-la-lluvia","status":"publish","type":"product","link":"https:\/\/libreriahistoriasdebolsillo.com\/index.php\/producto\/museum-vol-1-el-asesino-serial-rie-bajo-la-lluvia\/","title":{"rendered":"Museum vol 1. El asesino serial r\u00ede bajo la lluvia"},"content":{"rendered":"<div class=\"justify\">\n<p><b>THRILLER PSICOL\u00d3GICO EN TRES VOL\u00daMENES<\/b><\/p>\n<p><b>SOBRE UN ASESINO EN SERIE<\/b><\/p>\n<p><b>Y EL DETECTIVE QUE INTENTA<\/b>\u00a0<b>DETENERL<\/b><b>O.<\/b><\/p>\n<\/div>\n<div class=\"justify\">\n<p>Un\u00a0<b>sanguinario asesino<\/b>\u00a0tiene en vilo a la polic\u00eda, que no posee\u00a0<b>ninguna pista<\/b>\u00a0sobre su identidad, sus motivos o ni siquiera qui\u00e9n puede ser su pr\u00f3xima v\u00edctima. Tan solo se sabe que comete los asesiantos en los d\u00edas de lluvia y que oculta su rostro tras una\u00a0<b>macabra m\u00e1scara<\/b>\u00a0en forma de\u00a0<b>rana<\/b><b>.<\/b>\u00a0Sus m\u00e9todos son extremadamente\u00a0<b>violentos<\/b>\u00a0y, con cada asesinato, deja un cr\u00edptico mensaje que especifica la raz\u00f3n del crimen.<\/p>\n<p>El detective Sawamura, a cargo del caso, est\u00e1 desconcertado: nada parece relacionar a las v\u00edctimas. Pero cuando descubre el hilo detr\u00e1s de los asesinatos, se acelera la cuenta regresiva, pues hay m\u00e1s en vilo de lo que antes pens\u00f3.<\/p>\n<p>\u00bfPodr\u00e1 dar con la pista el asesino antes de que sea demasiado tarde?<\/p>\n<\/div>\n","protected":false},"excerpt":{"rendered":"<p>Tomoe Ryousuke<br \/>\n232 p\u00e1ginas<\/p>\n","protected":false},"featured_media":7408,"template":"","meta":{"_joinchat":[]},"product_brand":[],"product_cat":[67,37],"product_tag":[34],"class_list":{"0":"post-7404","1":"product","2":"type-product","3":"status-publish","4":"has-post-thumbnail","6":"product_cat-manga","7":"product_cat-misterio-y-thriller","8":"product_tag-penguin-random-house","10":"first","11":"outofstock","12":"shipping-taxable","13":"purchasable","14":"product-type-simple"},"_links":{"self":[{"href":"https:\/\/libreriahistoriasdebolsillo.com\/index.php\/wp-json\/wp\/v2\/product\/7404","targetHints":{"allow":["GET"]}}],"collection":[{"href":"https:\/\/libreriahistoriasdebolsillo.com\/index.php\/wp-json\/wp\/v2\/product"}],"about":[{"href":"https:\/\/libreriahistoriasdebolsillo.com\/index.php\/wp-json\/wp\/v2\/types\/product"}],"wp:featuredmedia":[{"embeddable":true,"href":"https:\/\/libreriahistoriasdebolsillo.com\/index.php\/wp-json\/wp\/v2\/media\/7408"}],"wp:attachment":[{"href":"https:\/\/libreriahistoriasdebolsillo.com\/index.php\/wp-json\/wp\/v2\/media?parent=7404"}],"wp:term":[{"taxonomy":"product_brand","embeddable":true,"href":"https:\/\/libreriahistoriasdebolsillo.com\/index.php\/wp-json\/wp\/v2\/product_brand?post=7404"},{"taxonomy":"product_cat","embeddable":true,"href":"https:\/\/libreriahistoriasdebolsillo.com\/index.php\/wp-json\/wp\/v2\/product_cat?post=7404"},{"taxonomy":"product_tag","embeddable":true,"href":"https:\/\/libreriahistoriasdebolsillo.com\/index.php\/wp-json\/wp\/v2\/product_tag?post=7404"}],"curies":[{"name":"wp","href":"https:\/\/api.w.org\/{rel}","templated":true}]}}