{"id":741,"date":"2023-11-20T16:22:08","date_gmt":"2023-11-20T22:22:08","guid":{"rendered":"https:\/\/libreriahistoriasdebolsillo.com\/?post_type=product&#038;p=741"},"modified":"2024-02-06T17:07:11","modified_gmt":"2024-02-06T23:07:11","slug":"mi-gran-y-catastrofico-debut","status":"publish","type":"product","link":"https:\/\/libreriahistoriasdebolsillo.com\/index.php\/producto\/mi-gran-y-catastrofico-debut\/","title":{"rendered":"Mi gran (y catastr\u00f3fico) debut"},"content":{"rendered":"<p>La temporada ha comenzado oficialmente\u2026 pero lo mejor a\u00fan est\u00e1 por llegar.<\/p>\n<p>En este hilarante retelling de Orgullo y prejuicio, Megan McKnight es una estrella de f\u00fatbol que enloquece cuando su madre las inscribe, a ella y a su hermana, en la tradicional fiesta de presentaci\u00f3n en sociedad: sedas, zapatos de tac\u00f3n y joyas est\u00e1n muy lejos de lo que Megan quiere para su vida. Ella tiene tan solo un mes para probar que domina los buenos modales y los bailes de sal\u00f3n, como su hermana melliza. Si no lo logra, puede arruinar la reputaci\u00f3n de su familia para siempre. \u00bfCu\u00e1l es la ventaja de ser una debutante? Las fiestas, claro, y los affairs que la esperan en este mundo de lujo y apariencias. Solo tiene que tener cuidado, porque el muchacho equivocado podr\u00eda echarlo todo a perder.<\/p>\n","protected":false},"excerpt":{"rendered":"<p>Jonah Lisa Dyer y Stephen Dyer<\/p>\n","protected":false},"featured_media":742,"template":"","meta":{"_joinchat":[]},"product_brand":[],"product_cat":[52,35],"product_tag":[48],"class_list":{"0":"post-741","1":"product","2":"type-product","3":"status-publish","4":"has-post-thumbnail","6":"product_cat-juvenil","7":"product_cat-romantica","8":"product_tag-vr-editoras","10":"first","11":"outofstock","12":"shipping-taxable","13":"purchasable","14":"product-type-simple"},"_links":{"self":[{"href":"https:\/\/libreriahistoriasdebolsillo.com\/index.php\/wp-json\/wp\/v2\/product\/741","targetHints":{"allow":["GET"]}}],"collection":[{"href":"https:\/\/libreriahistoriasdebolsillo.com\/index.php\/wp-json\/wp\/v2\/product"}],"about":[{"href":"https:\/\/libreriahistoriasdebolsillo.com\/index.php\/wp-json\/wp\/v2\/types\/product"}],"wp:featuredmedia":[{"embeddable":true,"href":"https:\/\/libreriahistoriasdebolsillo.com\/index.php\/wp-json\/wp\/v2\/media\/742"}],"wp:attachment":[{"href":"https:\/\/libreriahistoriasdebolsillo.com\/index.php\/wp-json\/wp\/v2\/media?parent=741"}],"wp:term":[{"taxonomy":"product_brand","embeddable":true,"href":"https:\/\/libreriahistoriasdebolsillo.com\/index.php\/wp-json\/wp\/v2\/product_brand?post=741"},{"taxonomy":"product_cat","embeddable":true,"href":"https:\/\/libreriahistoriasdebolsillo.com\/index.php\/wp-json\/wp\/v2\/product_cat?post=741"},{"taxonomy":"product_tag","embeddable":true,"href":"https:\/\/libreriahistoriasdebolsillo.com\/index.php\/wp-json\/wp\/v2\/product_tag?post=741"}],"curies":[{"name":"wp","href":"https:\/\/api.w.org\/{rel}","templated":true}]}}