{"id":7411,"date":"2025-08-28T13:23:25","date_gmt":"2025-08-28T19:23:25","guid":{"rendered":"https:\/\/libreriahistoriasdebolsillo.com\/?post_type=product&#038;p=7411"},"modified":"2026-01-05T18:20:45","modified_gmt":"2026-01-06T00:20:45","slug":"leviatan-vol-2","status":"publish","type":"product","link":"https:\/\/libreriahistoriasdebolsillo.com\/index.php\/producto\/leviatan-vol-2\/","title":{"rendered":"Leviat\u00e1n Vol. 2"},"content":{"rendered":"<div class=\"justify\">\n<p><b>Monstruos o humanos&#8230; \u00bfqui\u00e9n yace en el coraz\u00f3n de las tinieblas? Una historia de ciencia ficci\u00f3n y suspense que nos adentrar\u00e1 en los misterios de una nave a la deriva.<\/b><\/p>\n<\/div>\n<div class=\"justify\">\n<p>Todos los adultos a bordo del Leviat\u00e1n han muerto, y solo dos alumnos saben que la ayuda no va a llegar. \u00bfDeber\u00edan avisar a sus amigos e intentar encontrar juntos una salida a esta situaci\u00f3n tan desesperada? \u00bfO, por el contrario, ser\u00eda mejor buscar solos la c\u00e1mara de criogenizaci\u00f3n, ya que es su \u00fanica posibilidad de sobrevivir a este infierno? Futaba al final convence a Kazuma para que guarde silencio, pero sin querer mete la pata y todos se enteran de la triste verdad&#8230;<\/p>\n<p>A partir de ahora, nada podr\u00e1 impedir que los chicos a bordo del Leviat\u00e1n se maten entre s\u00ed en una batalla por la supervivencia.<\/p>\n<\/div>\n","protected":false},"excerpt":{"rendered":"<p>Shiro Kuroi<br \/>\n184 p\u00e1ginas<\/p>\n","protected":false},"featured_media":7412,"template":"","meta":{"_joinchat":[]},"product_brand":[],"product_cat":[40,67],"product_tag":[34],"class_list":{"0":"post-7411","1":"product","2":"type-product","3":"status-publish","4":"has-post-thumbnail","6":"product_cat-ciencia-ficcion","7":"product_cat-manga","8":"product_tag-penguin-random-house","10":"first","11":"outofstock","12":"shipping-taxable","13":"purchasable","14":"product-type-simple"},"_links":{"self":[{"href":"https:\/\/libreriahistoriasdebolsillo.com\/index.php\/wp-json\/wp\/v2\/product\/7411","targetHints":{"allow":["GET"]}}],"collection":[{"href":"https:\/\/libreriahistoriasdebolsillo.com\/index.php\/wp-json\/wp\/v2\/product"}],"about":[{"href":"https:\/\/libreriahistoriasdebolsillo.com\/index.php\/wp-json\/wp\/v2\/types\/product"}],"wp:featuredmedia":[{"embeddable":true,"href":"https:\/\/libreriahistoriasdebolsillo.com\/index.php\/wp-json\/wp\/v2\/media\/7412"}],"wp:attachment":[{"href":"https:\/\/libreriahistoriasdebolsillo.com\/index.php\/wp-json\/wp\/v2\/media?parent=7411"}],"wp:term":[{"taxonomy":"product_brand","embeddable":true,"href":"https:\/\/libreriahistoriasdebolsillo.com\/index.php\/wp-json\/wp\/v2\/product_brand?post=7411"},{"taxonomy":"product_cat","embeddable":true,"href":"https:\/\/libreriahistoriasdebolsillo.com\/index.php\/wp-json\/wp\/v2\/product_cat?post=7411"},{"taxonomy":"product_tag","embeddable":true,"href":"https:\/\/libreriahistoriasdebolsillo.com\/index.php\/wp-json\/wp\/v2\/product_tag?post=7411"}],"curies":[{"name":"wp","href":"https:\/\/api.w.org\/{rel}","templated":true}]}}