{"id":7418,"date":"2025-09-04T13:18:48","date_gmt":"2025-09-04T19:18:48","guid":{"rendered":"https:\/\/libreriahistoriasdebolsillo.com\/?post_type=product&#038;p=7418"},"modified":"2025-09-04T13:18:48","modified_gmt":"2025-09-04T19:18:48","slug":"wilder","status":"publish","type":"product","link":"https:\/\/libreriahistoriasdebolsillo.com\/index.php\/producto\/wilder\/","title":{"rendered":"Wilder"},"content":{"rendered":"<p>Paxton Wilder es campe\u00f3n en numerosos deportes extremos y es el l\u00edder de un grupo de atletas adictos a la adrenalina. Sin embargo, para seguir haciendo acrobacias y documentarlas en su proyecto, debe aprobar todas sus asignaturas universitarias, lo que lo obliga a pedir algo de ayuda a una tutora. Leah es una estudiante brillante que, gracias a una beca, ha conseguido formar parte de un exclusivo programa de estudios en el mar, en el que los alumnos viajan por distintos pa\u00edses mientras cursan un semestre universitario. Pero su beca depende de algo que no puede controlar: que Paxton se tome en serio sus estudios. Lo que comienza como una relaci\u00f3n tensa y llena de frustraci\u00f3n pronto se transforma en una atracci\u00f3n irresistible mientras juntos navegan por mares desconocidos, tanto en el sentido literal como en el emocional. As\u00ed, Wilder descubrir\u00e1 un nuevo deporte extremo: el amor.<\/p>\n","protected":false},"excerpt":{"rendered":"<p>Rebecca Yarros<br \/>\n424 p\u00e1ginas<\/p>\n","protected":false},"featured_media":7419,"template":"","meta":{"_joinchat":[]},"product_brand":[],"product_cat":[70,35],"product_tag":[48],"class_list":{"0":"post-7418","1":"product","2":"type-product","3":"status-publish","4":"has-post-thumbnail","6":"product_cat-novedades","7":"product_cat-romantica","8":"product_tag-vr-editoras","10":"first","11":"instock","12":"shipping-taxable","13":"purchasable","14":"product-type-simple"},"_links":{"self":[{"href":"https:\/\/libreriahistoriasdebolsillo.com\/index.php\/wp-json\/wp\/v2\/product\/7418","targetHints":{"allow":["GET"]}}],"collection":[{"href":"https:\/\/libreriahistoriasdebolsillo.com\/index.php\/wp-json\/wp\/v2\/product"}],"about":[{"href":"https:\/\/libreriahistoriasdebolsillo.com\/index.php\/wp-json\/wp\/v2\/types\/product"}],"wp:featuredmedia":[{"embeddable":true,"href":"https:\/\/libreriahistoriasdebolsillo.com\/index.php\/wp-json\/wp\/v2\/media\/7419"}],"wp:attachment":[{"href":"https:\/\/libreriahistoriasdebolsillo.com\/index.php\/wp-json\/wp\/v2\/media?parent=7418"}],"wp:term":[{"taxonomy":"product_brand","embeddable":true,"href":"https:\/\/libreriahistoriasdebolsillo.com\/index.php\/wp-json\/wp\/v2\/product_brand?post=7418"},{"taxonomy":"product_cat","embeddable":true,"href":"https:\/\/libreriahistoriasdebolsillo.com\/index.php\/wp-json\/wp\/v2\/product_cat?post=7418"},{"taxonomy":"product_tag","embeddable":true,"href":"https:\/\/libreriahistoriasdebolsillo.com\/index.php\/wp-json\/wp\/v2\/product_tag?post=7418"}],"curies":[{"name":"wp","href":"https:\/\/api.w.org\/{rel}","templated":true}]}}