{"id":7420,"date":"2025-09-04T13:21:08","date_gmt":"2025-09-04T19:21:08","guid":{"rendered":"https:\/\/libreriahistoriasdebolsillo.com\/?post_type=product&#038;p=7420"},"modified":"2025-09-04T13:21:09","modified_gmt":"2025-09-04T19:21:09","slug":"cruso-completo-de-ajedrez-tapa-dura","status":"publish","type":"product","link":"https:\/\/libreriahistoriasdebolsillo.com\/index.php\/producto\/cruso-completo-de-ajedrez-tapa-dura\/","title":{"rendered":"Cruso completo de ajedrez (Tapa dura)"},"content":{"rendered":"<p>El ajedrez nos somete a una constante puesta a prueba de hip\u00f3tesis que debemos verificar o descartar. Bien sea para iniciarnos en este juego-ciencia o para perfeccionarlo, este gran libro es el manual indispensable que incluye todas las reglas y preceptos para progresar con seguridad en el juego. Para redactarlo se han examinado, con la ayuda de la tecnolog\u00eda m\u00e1s actual, cientos de patrones de conocimiento atesorados durante siglos de pr\u00e1ctica y an\u00e1lisis. Miguel Illescas, ocho veces campe\u00f3n de Espa\u00f1a de ajedrez y experto en did\u00e1ctica de esta disciplina, nos ofrece un metodo innovador para avanzar paso a paso. El manual de ajedrez imprescindible.<\/p>\n","protected":false},"excerpt":{"rendered":"<p>Miguel Illescas<br \/>\n832 p\u00e1ginas<\/p>\n","protected":false},"featured_media":7421,"template":"","meta":{"_joinchat":[]},"product_brand":[],"product_cat":[41],"product_tag":[48],"class_list":{"0":"post-7420","1":"product","2":"type-product","3":"status-publish","4":"has-post-thumbnail","6":"product_cat-desarrollo-humano","7":"product_tag-vr-editoras","9":"first","10":"instock","11":"shipping-taxable","12":"purchasable","13":"product-type-simple"},"_links":{"self":[{"href":"https:\/\/libreriahistoriasdebolsillo.com\/index.php\/wp-json\/wp\/v2\/product\/7420","targetHints":{"allow":["GET"]}}],"collection":[{"href":"https:\/\/libreriahistoriasdebolsillo.com\/index.php\/wp-json\/wp\/v2\/product"}],"about":[{"href":"https:\/\/libreriahistoriasdebolsillo.com\/index.php\/wp-json\/wp\/v2\/types\/product"}],"wp:featuredmedia":[{"embeddable":true,"href":"https:\/\/libreriahistoriasdebolsillo.com\/index.php\/wp-json\/wp\/v2\/media\/7421"}],"wp:attachment":[{"href":"https:\/\/libreriahistoriasdebolsillo.com\/index.php\/wp-json\/wp\/v2\/media?parent=7420"}],"wp:term":[{"taxonomy":"product_brand","embeddable":true,"href":"https:\/\/libreriahistoriasdebolsillo.com\/index.php\/wp-json\/wp\/v2\/product_brand?post=7420"},{"taxonomy":"product_cat","embeddable":true,"href":"https:\/\/libreriahistoriasdebolsillo.com\/index.php\/wp-json\/wp\/v2\/product_cat?post=7420"},{"taxonomy":"product_tag","embeddable":true,"href":"https:\/\/libreriahistoriasdebolsillo.com\/index.php\/wp-json\/wp\/v2\/product_tag?post=7420"}],"curies":[{"name":"wp","href":"https:\/\/api.w.org\/{rel}","templated":true}]}}