{"id":7422,"date":"2025-09-04T13:29:24","date_gmt":"2025-09-04T19:29:24","guid":{"rendered":"https:\/\/libreriahistoriasdebolsillo.com\/?post_type=product&#038;p=7422"},"modified":"2025-09-04T13:32:36","modified_gmt":"2025-09-04T19:32:36","slug":"astrologia-para-tu-bienestar-2","status":"publish","type":"product","link":"https:\/\/libreriahistoriasdebolsillo.com\/index.php\/producto\/astrologia-para-tu-bienestar-2\/","title":{"rendered":"Astrolog\u00eda para tu bienestar"},"content":{"rendered":"<p>\u201cLLENO DE ENCANTO Y EMPODERAMIENTO, UNA GU\u00cdA<br \/>\nINSPIRADORA\u201d.<br \/>\nMarianne Williamson, autora de Volver al amor.<\/p>\n<p>Monte Farber y Amy Zerner son astr\u00f3logos de renombre internacional y en este libro transmiten su visi\u00f3n \u00fanica de los perfiles de personalidad basados en el zodiaco.<br \/>\nAdem\u00e1s, comparten sus mejores tips y consejos para contribuir a nuestro bienestar: meditaciones conscientes, ejercicios de respiraci\u00f3n y afirmaciones, infusiones herbales, posturas de yoga, uso de cristales curativos y m\u00e1s.<br \/>\nTodo personalizado para cada signo.<\/p>\n<p>\u201cNuestro objetivo es que tu mente, cuerpo y esp\u00edritu se sientan renovados\u201d, dicen los autores.<\/p>\n","protected":false},"excerpt":{"rendered":"<p>Monte Farber y Amy Zerner<br \/>\n224 p\u00e1ginas<\/p>\n","protected":false},"featured_media":7423,"template":"","meta":{"_joinchat":[]},"product_brand":[],"product_cat":[59,70],"product_tag":[48],"class_list":{"0":"post-7422","1":"product","2":"type-product","3":"status-publish","4":"has-post-thumbnail","6":"product_cat-esoterismo","7":"product_cat-novedades","8":"product_tag-vr-editoras","10":"first","11":"instock","12":"shipping-taxable","13":"purchasable","14":"product-type-simple"},"_links":{"self":[{"href":"https:\/\/libreriahistoriasdebolsillo.com\/index.php\/wp-json\/wp\/v2\/product\/7422","targetHints":{"allow":["GET"]}}],"collection":[{"href":"https:\/\/libreriahistoriasdebolsillo.com\/index.php\/wp-json\/wp\/v2\/product"}],"about":[{"href":"https:\/\/libreriahistoriasdebolsillo.com\/index.php\/wp-json\/wp\/v2\/types\/product"}],"wp:featuredmedia":[{"embeddable":true,"href":"https:\/\/libreriahistoriasdebolsillo.com\/index.php\/wp-json\/wp\/v2\/media\/7423"}],"wp:attachment":[{"href":"https:\/\/libreriahistoriasdebolsillo.com\/index.php\/wp-json\/wp\/v2\/media?parent=7422"}],"wp:term":[{"taxonomy":"product_brand","embeddable":true,"href":"https:\/\/libreriahistoriasdebolsillo.com\/index.php\/wp-json\/wp\/v2\/product_brand?post=7422"},{"taxonomy":"product_cat","embeddable":true,"href":"https:\/\/libreriahistoriasdebolsillo.com\/index.php\/wp-json\/wp\/v2\/product_cat?post=7422"},{"taxonomy":"product_tag","embeddable":true,"href":"https:\/\/libreriahistoriasdebolsillo.com\/index.php\/wp-json\/wp\/v2\/product_tag?post=7422"}],"curies":[{"name":"wp","href":"https:\/\/api.w.org\/{rel}","templated":true}]}}