{"id":7424,"date":"2025-09-04T13:32:05","date_gmt":"2025-09-04T19:32:05","guid":{"rendered":"https:\/\/libreriahistoriasdebolsillo.com\/?post_type=product&#038;p=7424"},"modified":"2025-09-04T13:32:06","modified_gmt":"2025-09-04T19:32:06","slug":"astrologia-y-amor","status":"publish","type":"product","link":"https:\/\/libreriahistoriasdebolsillo.com\/index.php\/producto\/astrologia-y-amor\/","title":{"rendered":"Astrolog\u00eda y amor"},"content":{"rendered":"<p>Descubre un nuevo enfoque que combina astrolog\u00eda y desarrollo personal para conocerte mejor y transformar tus patrones relacionales. Con esta pr\u00e1ctica gu\u00eda, la astr\u00f3loga Luciana Calvetti te proporciona todas las claves para entender tus relaciones afectivas a trav\u00e9s de tu carta astral. Y as\u00ed iluminar tus patrones relacionales y aprender c\u00f3mo transformarlos. DESCUBRE: \u2022 Lo que tu carta astral revela sobre tus patrones relacionales. \u2022 C\u00f3mo honrar tus necesidades emocionales y afectivas a trav\u00e9s de la Luna. \u2022 C\u00f3mo asumir tus deseos y cultivar tu placer a trav\u00e9s de Venus. \u2022 C\u00f3mo identificar y transformar tus patrones gracias a los planetas lentos. \u00a1 Aprende a descifrar tu carta astral para mejorar en tus relaciones!<\/p>\n","protected":false},"excerpt":{"rendered":"<p>Luciana Calvetti<br \/>\n262 p\u00e1ginas<\/p>\n","protected":false},"featured_media":7425,"template":"","meta":{"_joinchat":[]},"product_brand":[],"product_cat":[59,70],"product_tag":[48],"class_list":{"0":"post-7424","1":"product","2":"type-product","3":"status-publish","4":"has-post-thumbnail","6":"product_cat-esoterismo","7":"product_cat-novedades","8":"product_tag-vr-editoras","10":"first","11":"instock","12":"shipping-taxable","13":"purchasable","14":"product-type-simple"},"_links":{"self":[{"href":"https:\/\/libreriahistoriasdebolsillo.com\/index.php\/wp-json\/wp\/v2\/product\/7424","targetHints":{"allow":["GET"]}}],"collection":[{"href":"https:\/\/libreriahistoriasdebolsillo.com\/index.php\/wp-json\/wp\/v2\/product"}],"about":[{"href":"https:\/\/libreriahistoriasdebolsillo.com\/index.php\/wp-json\/wp\/v2\/types\/product"}],"wp:featuredmedia":[{"embeddable":true,"href":"https:\/\/libreriahistoriasdebolsillo.com\/index.php\/wp-json\/wp\/v2\/media\/7425"}],"wp:attachment":[{"href":"https:\/\/libreriahistoriasdebolsillo.com\/index.php\/wp-json\/wp\/v2\/media?parent=7424"}],"wp:term":[{"taxonomy":"product_brand","embeddable":true,"href":"https:\/\/libreriahistoriasdebolsillo.com\/index.php\/wp-json\/wp\/v2\/product_brand?post=7424"},{"taxonomy":"product_cat","embeddable":true,"href":"https:\/\/libreriahistoriasdebolsillo.com\/index.php\/wp-json\/wp\/v2\/product_cat?post=7424"},{"taxonomy":"product_tag","embeddable":true,"href":"https:\/\/libreriahistoriasdebolsillo.com\/index.php\/wp-json\/wp\/v2\/product_tag?post=7424"}],"curies":[{"name":"wp","href":"https:\/\/api.w.org\/{rel}","templated":true}]}}