{"id":7434,"date":"2025-09-24T12:52:52","date_gmt":"2025-09-24T18:52:52","guid":{"rendered":"https:\/\/libreriahistoriasdebolsillo.com\/?post_type=product&#038;p=7434"},"modified":"2025-12-22T18:23:33","modified_gmt":"2025-12-23T00:23:33","slug":"el-cerebro-y-los-chamanes","status":"publish","type":"product","link":"https:\/\/libreriahistoriasdebolsillo.com\/index.php\/producto\/el-cerebro-y-los-chamanes\/","title":{"rendered":"El cerebro y los chamanes"},"content":{"rendered":"<div class=\"justify\">\n<p><b>\u00abLOS CHAMANES DE M\u00c9XICO HAN LOGRADO DESPERTAR<\/b>\u00a0<b>LA ACTIVACI\u00d3N DE FUNCIONES COMPLEJAS EN SU CEREBRO<\/b>\u00a0<b>DEBIDO A SU INTEGRIDAD Y CONGRUENCIA CON UNA SERIE<\/b>\u00a0<b>DE ENSE\u00d1ANZAS DE LAS QUE SON HEREDEROS.\u00bb<\/b><\/p>\n<p><b>J. G. Z.<\/b><\/p>\n<\/div>\n<div class=\"justify\">\n<p><i><b>El cerebro y los chamanes<\/b><\/i>\u00a0es parte de la colecci\u00f3n\u00a0<b>Chamanes de M\u00e9xico<\/b>, una obra monumental de investigaci\u00f3n tanto cient\u00edfica como antropol\u00f3gica en la que\u00a0<b>Jacobo Grinberg<\/b>\u00a0trabaj\u00f3 durante a\u00f1os.<\/p>\n<p>En este volumen, Grinberg explora con profundidad las intersecciones entre las\u00a0<b>funciones cerebrales<\/b>\u00a0y las experiencias cham\u00e1nicas, bas\u00e1ndose en los postulados de su\u00a0<b>teor\u00eda<\/b>\u00a0<b>sint\u00e9rgica<\/b>. Con una mirada rigurosa pero abierta y sensible, plantea que la realidad no es una\u00a0<b>entidad<\/b>\u00a0<b>fija<\/b>, sino una\u00a0<b>construcci\u00f3n perceptual<\/b>\u00a0moldeada por la conciencia, una idea que pone en di\u00e1logo a la neurociencia con la\u00a0<b>sabidur\u00eda ancestral<\/b>\u00a0de los\u00a0<b>pueblos<\/b>\u00a0<b>ind\u00edgenas<\/b>.<\/p>\n<p>En\u00a0<i><b>El cerebro y los chamanes<\/b><\/i>\u00a0Grinberg se atreve a cuestionar los l\u00edmites de la ciencia moderna, sin renunciar a su rigor, para ofrecernos una\u00a0<b>obra original<\/b>\u00a0que rinde homenaje a los conocimientos milenarios que a\u00fan laten en la\u00a0<b>cultura mexicana<\/b>.<\/p>\n<\/div>\n","protected":false},"excerpt":{"rendered":"<p>Jacobo Grinberg-Zylberbaum<br \/>\n198 p\u00e1ginas<\/p>\n","protected":false},"featured_media":7435,"template":"","meta":{"_joinchat":[]},"product_brand":[],"product_cat":[41,70],"product_tag":[34],"class_list":{"0":"post-7434","1":"product","2":"type-product","3":"status-publish","4":"has-post-thumbnail","6":"product_cat-desarrollo-humano","7":"product_cat-novedades","8":"product_tag-penguin-random-house","10":"first","11":"instock","12":"shipping-taxable","13":"purchasable","14":"product-type-simple"},"_links":{"self":[{"href":"https:\/\/libreriahistoriasdebolsillo.com\/index.php\/wp-json\/wp\/v2\/product\/7434","targetHints":{"allow":["GET"]}}],"collection":[{"href":"https:\/\/libreriahistoriasdebolsillo.com\/index.php\/wp-json\/wp\/v2\/product"}],"about":[{"href":"https:\/\/libreriahistoriasdebolsillo.com\/index.php\/wp-json\/wp\/v2\/types\/product"}],"wp:featuredmedia":[{"embeddable":true,"href":"https:\/\/libreriahistoriasdebolsillo.com\/index.php\/wp-json\/wp\/v2\/media\/7435"}],"wp:attachment":[{"href":"https:\/\/libreriahistoriasdebolsillo.com\/index.php\/wp-json\/wp\/v2\/media?parent=7434"}],"wp:term":[{"taxonomy":"product_brand","embeddable":true,"href":"https:\/\/libreriahistoriasdebolsillo.com\/index.php\/wp-json\/wp\/v2\/product_brand?post=7434"},{"taxonomy":"product_cat","embeddable":true,"href":"https:\/\/libreriahistoriasdebolsillo.com\/index.php\/wp-json\/wp\/v2\/product_cat?post=7434"},{"taxonomy":"product_tag","embeddable":true,"href":"https:\/\/libreriahistoriasdebolsillo.com\/index.php\/wp-json\/wp\/v2\/product_tag?post=7434"}],"curies":[{"name":"wp","href":"https:\/\/api.w.org\/{rel}","templated":true}]}}