{"id":7436,"date":"2025-09-24T12:58:50","date_gmt":"2025-09-24T18:58:50","guid":{"rendered":"https:\/\/libreriahistoriasdebolsillo.com\/?post_type=product&#038;p=7436"},"modified":"2026-02-04T15:00:07","modified_gmt":"2026-02-04T21:00:07","slug":"blaze","status":"publish","type":"product","link":"https:\/\/libreriahistoriasdebolsillo.com\/index.php\/producto\/blaze\/","title":{"rendered":"Blaze"},"content":{"rendered":"<div class=\"justify\">\n<p>\u00abBlaze es una pieza esencial en la bibliograf\u00eda de King. Siempre convincente, tiende un puente entre las novelas de Bachman y el terrible poder de Carrie.\u00bb<\/p>\n<p>The Independent<\/p>\n<\/div>\n<div class=\"justify\">\n<p><b>Con la ayuda de un muerto, Blaze ha logrado perpetrar el crimen del siglo. Clay Blaisdell, llamado Blaze por todos, mide dos metros y pesa ciento treinta y seis kilos. Es un verdadero gigante. Sin embargo, hasta conocer a George Rackley, nunca hab\u00eda hecho nada grande.<\/b><\/p>\n<p>George le ense\u00f1\u00f3 cien maneras de estafar a la gente e ide\u00f3 para \u00e9l un plan ambicioso: secuestrar a un ni\u00f1o rico. La familia Gerard es multimillonaria y el nuevo reto\u00f1o del clan valdr\u00e1 muchos de estos millones. S\u00f3lo hay un problema: cuando llega el momento de ponerlo todo en marcha, George, el cerebro de la operaci\u00f3n (y de todo lo que hacen), muere. O quiz\u00e1 no. Por eso Blaze se encuentra huyendo desesperado de una tormenta y de la polic\u00eda. Ha conseguido raptar al beb\u00e9, pero el secuestro se ha convertido en una carrera contrarreloj a trav\u00e9s de los bosques infernales de Maine.<\/p>\n<p><b>\u00abBlaze es una pieza esencial en la bibliograf\u00eda de King. Siempre convincente, tiende un puente entre las novelas de Bachman y el terrible poder de Carrie.\u00bb<\/b><\/p>\n<p><b><i>The Independent<\/i><\/b><\/p>\n<\/div>\n","protected":false},"excerpt":{"rendered":"<p>Stephen King<br \/>\n336 p\u00e1ginas<\/p>\n","protected":false},"featured_media":7437,"template":"","meta":{"_joinchat":[]},"product_brand":[],"product_cat":[70,36],"product_tag":[34],"class_list":{"0":"post-7436","1":"product","2":"type-product","3":"status-publish","4":"has-post-thumbnail","6":"product_cat-novedades","7":"product_cat-terror-y-paranormal","8":"product_tag-penguin-random-house","10":"first","11":"instock","12":"shipping-taxable","13":"purchasable","14":"product-type-simple"},"_links":{"self":[{"href":"https:\/\/libreriahistoriasdebolsillo.com\/index.php\/wp-json\/wp\/v2\/product\/7436","targetHints":{"allow":["GET"]}}],"collection":[{"href":"https:\/\/libreriahistoriasdebolsillo.com\/index.php\/wp-json\/wp\/v2\/product"}],"about":[{"href":"https:\/\/libreriahistoriasdebolsillo.com\/index.php\/wp-json\/wp\/v2\/types\/product"}],"wp:featuredmedia":[{"embeddable":true,"href":"https:\/\/libreriahistoriasdebolsillo.com\/index.php\/wp-json\/wp\/v2\/media\/7437"}],"wp:attachment":[{"href":"https:\/\/libreriahistoriasdebolsillo.com\/index.php\/wp-json\/wp\/v2\/media?parent=7436"}],"wp:term":[{"taxonomy":"product_brand","embeddable":true,"href":"https:\/\/libreriahistoriasdebolsillo.com\/index.php\/wp-json\/wp\/v2\/product_brand?post=7436"},{"taxonomy":"product_cat","embeddable":true,"href":"https:\/\/libreriahistoriasdebolsillo.com\/index.php\/wp-json\/wp\/v2\/product_cat?post=7436"},{"taxonomy":"product_tag","embeddable":true,"href":"https:\/\/libreriahistoriasdebolsillo.com\/index.php\/wp-json\/wp\/v2\/product_tag?post=7436"}],"curies":[{"name":"wp","href":"https:\/\/api.w.org\/{rel}","templated":true}]}}