{"id":7442,"date":"2025-09-24T13:05:56","date_gmt":"2025-09-24T19:05:56","guid":{"rendered":"https:\/\/libreriahistoriasdebolsillo.com\/?post_type=product&#038;p=7442"},"modified":"2026-01-19T12:55:55","modified_gmt":"2026-01-19T18:55:55","slug":"cell","status":"publish","type":"product","link":"https:\/\/libreriahistoriasdebolsillo.com\/index.php\/producto\/cell\/","title":{"rendered":"Cell"},"content":{"rendered":"<div class=\"justify\">\n<p><b>Una<\/b>\u00a0<b>terror\u00edfica<\/b><b>\u00a0historia en la que un misterioso<\/b>\u00a0<b>mensaje llega a todos los tel\u00e9fonos m\u00f3viles y sus<\/b>\u00a0<b>due\u00f1os se convierten en esclavos asesinos.<\/b><\/p>\n<p><b>Tu pr\u00f3xima llamada podr\u00eda ser la \u00faltima\u2026<\/b><\/p>\n<\/div>\n<div class=\"justify\">\n<p>D\u00eda\u00a0<b>1 de octubre<\/b>: Dios est\u00e1 en su cielo, la bolsa est\u00e1 a 10.140 puntos, la mayor\u00eda de los vuelos llega a tiempo y\u00a0<b>Clayton\u00a0<\/b><b>Riddell<\/b>, un artista de\u00a0<b>Maine<\/b>, casi salta de alegr\u00eda por Boylston Street. Acaba de firmar un contrato para ilustrar un c\u00f3mic que le permitir\u00e1 mantener a su familia con su arte en vez de tener que dar clases. Ya ha comprado un regalo a su mujer y sabe lo que va a regalar a su hijo. \u00bfPor qu\u00e9 no tambi\u00e9n algo para s\u00ed mismo? Clay presiente que las cosas van a ir mejor, pero, de pronto, se produce una\u00a0<b>devastaci\u00f3n<\/b>\u00a0<b>masiva<\/b>, causada por un fen\u00f3meno que llamar\u00e1n\u00a0<b>El Pulso<\/b>, que se reproduce a trav\u00e9s del\u00a0<b>tel\u00e9fono m\u00f3vil<\/b>. De todos. Clay, junto con unos cuantos supervivientes desesperados, es arrojado a una\u00a0<b>edad oscura<\/b>, rodeados por el caos, la hecatombe y una masa humana degradada a su estado\u00a0<b>m\u00e1s primitivo<\/b>.<\/p>\n<\/div>\n","protected":false},"excerpt":{"rendered":"<p>Stephen King<br \/>\n448 p\u00e1ginas<\/p>\n","protected":false},"featured_media":7443,"template":"","meta":{"_joinchat":[]},"product_brand":[],"product_cat":[70,36],"product_tag":[34],"class_list":{"0":"post-7442","1":"product","2":"type-product","3":"status-publish","4":"has-post-thumbnail","6":"product_cat-novedades","7":"product_cat-terror-y-paranormal","8":"product_tag-penguin-random-house","10":"first","11":"outofstock","12":"shipping-taxable","13":"purchasable","14":"product-type-simple"},"_links":{"self":[{"href":"https:\/\/libreriahistoriasdebolsillo.com\/index.php\/wp-json\/wp\/v2\/product\/7442","targetHints":{"allow":["GET"]}}],"collection":[{"href":"https:\/\/libreriahistoriasdebolsillo.com\/index.php\/wp-json\/wp\/v2\/product"}],"about":[{"href":"https:\/\/libreriahistoriasdebolsillo.com\/index.php\/wp-json\/wp\/v2\/types\/product"}],"wp:featuredmedia":[{"embeddable":true,"href":"https:\/\/libreriahistoriasdebolsillo.com\/index.php\/wp-json\/wp\/v2\/media\/7443"}],"wp:attachment":[{"href":"https:\/\/libreriahistoriasdebolsillo.com\/index.php\/wp-json\/wp\/v2\/media?parent=7442"}],"wp:term":[{"taxonomy":"product_brand","embeddable":true,"href":"https:\/\/libreriahistoriasdebolsillo.com\/index.php\/wp-json\/wp\/v2\/product_brand?post=7442"},{"taxonomy":"product_cat","embeddable":true,"href":"https:\/\/libreriahistoriasdebolsillo.com\/index.php\/wp-json\/wp\/v2\/product_cat?post=7442"},{"taxonomy":"product_tag","embeddable":true,"href":"https:\/\/libreriahistoriasdebolsillo.com\/index.php\/wp-json\/wp\/v2\/product_tag?post=7442"}],"curies":[{"name":"wp","href":"https:\/\/api.w.org\/{rel}","templated":true}]}}