{"id":7448,"date":"2025-09-24T13:12:20","date_gmt":"2025-09-24T19:12:20","guid":{"rendered":"https:\/\/libreriahistoriasdebolsillo.com\/?post_type=product&#038;p=7448"},"modified":"2025-12-09T18:45:39","modified_gmt":"2025-12-10T00:45:39","slug":"dracula-del-bestseller-al-blockbuster-1","status":"publish","type":"product","link":"https:\/\/libreriahistoriasdebolsillo.com\/index.php\/producto\/dracula-del-bestseller-al-blockbuster-1\/","title":{"rendered":"Dr\u00e1cula (Del bestseller al blockbuster 1)"},"content":{"rendered":"<div class=\"justify\">\n<p><b>Del<\/b>\u00a0<b>bestseller<\/b><b>\u00a0al blockbuster es una colecci\u00f3n de libros que triunfaron tanto en<\/b>\u00a0<b>el mundo editorial como en la pantalla grande. En esta ocasi\u00f3n es el turno del<\/b>\u00a0<b>terror, un g\u00e9nero que ha cautivado tanto a lectores como a cin\u00e9filos.<\/b><\/p>\n<p><b>\u00abNo hab\u00eda nadie por all\u00ed, excepto un hombre<\/b>\u00a0<b>alto y flaco, de nariz ganchuda y barba en punta<\/b>\u00a0<b>y entrecana. Ten\u00eda una mirada dura y fr\u00eda<\/b>\u00a0<b>y unos ojos de color rojo&#8230;\u00bb<\/b><\/p>\n<\/div>\n<div class=\"justify\">\n<p>Publicado originalmente en 1987,\u00a0<i>Dr\u00e1cula<\/i>\u00a0se convirti\u00f3 en una obra cl\u00e1sica del terror g\u00f3tico. Su \u00e9xito en papel ha trascendido a la pantalla grande en m\u00faltiples ocasiones, con adaptaciones que se convirtieron tambi\u00e9n en piezas cinematogr\u00e1ficas de culto, entre ellas la de F. W. Murnau de 1922, la dirigida por Tod Browning en 1931, y la de Francis Ford Coppola en 1992, por mencionar algunas. Jonathan Harker viaja a Transilvania para cerrar la venta de varias propiedades en Londres con un misterioso conde. Despu\u00e9s de un viaje plagado de ominosas se\u00f1ales, Harker es recogido por un siniestro carruaje que lo llevar\u00e1, acunado por el canto de los lobos, a un castillo en ruinas.<\/p>\n<\/div>\n","protected":false},"excerpt":{"rendered":"<p>Bram Stoker<br \/>\n512 p\u00e1ginas<\/p>\n","protected":false},"featured_media":7449,"template":"","meta":{"_joinchat":[]},"product_brand":[],"product_cat":[42,70,36],"product_tag":[34],"class_list":{"0":"post-7448","1":"product","2":"type-product","3":"status-publish","4":"has-post-thumbnail","6":"product_cat-literatura-clasica","7":"product_cat-novedades","8":"product_cat-terror-y-paranormal","9":"product_tag-penguin-random-house","11":"first","12":"outofstock","13":"shipping-taxable","14":"purchasable","15":"product-type-simple"},"_links":{"self":[{"href":"https:\/\/libreriahistoriasdebolsillo.com\/index.php\/wp-json\/wp\/v2\/product\/7448","targetHints":{"allow":["GET"]}}],"collection":[{"href":"https:\/\/libreriahistoriasdebolsillo.com\/index.php\/wp-json\/wp\/v2\/product"}],"about":[{"href":"https:\/\/libreriahistoriasdebolsillo.com\/index.php\/wp-json\/wp\/v2\/types\/product"}],"wp:featuredmedia":[{"embeddable":true,"href":"https:\/\/libreriahistoriasdebolsillo.com\/index.php\/wp-json\/wp\/v2\/media\/7449"}],"wp:attachment":[{"href":"https:\/\/libreriahistoriasdebolsillo.com\/index.php\/wp-json\/wp\/v2\/media?parent=7448"}],"wp:term":[{"taxonomy":"product_brand","embeddable":true,"href":"https:\/\/libreriahistoriasdebolsillo.com\/index.php\/wp-json\/wp\/v2\/product_brand?post=7448"},{"taxonomy":"product_cat","embeddable":true,"href":"https:\/\/libreriahistoriasdebolsillo.com\/index.php\/wp-json\/wp\/v2\/product_cat?post=7448"},{"taxonomy":"product_tag","embeddable":true,"href":"https:\/\/libreriahistoriasdebolsillo.com\/index.php\/wp-json\/wp\/v2\/product_tag?post=7448"}],"curies":[{"name":"wp","href":"https:\/\/api.w.org\/{rel}","templated":true}]}}