{"id":7450,"date":"2025-09-24T13:13:56","date_gmt":"2025-09-24T19:13:56","guid":{"rendered":"https:\/\/libreriahistoriasdebolsillo.com\/?post_type=product&#038;p=7450"},"modified":"2025-11-20T12:41:40","modified_gmt":"2025-11-20T18:41:40","slug":"frankenstein-del-bestseller-al-blockbuster-2","status":"publish","type":"product","link":"https:\/\/libreriahistoriasdebolsillo.com\/index.php\/producto\/frankenstein-del-bestseller-al-blockbuster-2\/","title":{"rendered":"Frankenstein (Del bestseller al blockbuster 2)"},"content":{"rendered":"<div class=\"justify\">\n<p><b>Del<\/b>\u00a0<b>bestseller<\/b><b>\u00a0al blockbuster es una colecci\u00f3n de libros que triunfaron tanto en<\/b>\u00a0<b>el mundo editorial como en la pantalla grande. En esta ocasi\u00f3n es el turno del<\/b>\u00a0<b>terror, un g\u00e9nero que ha cautivado tanto a lectores como a cin\u00e9filos.<\/b><\/p>\n<p align=\"CENTER\"><b>\u00abAnte mis ojos aparec\u00eda siempre la figura del<\/b>\u00a0<b>monstruo al que hab\u00eda conferido la existencia.\u00bb<\/b><\/p>\n<\/div>\n<div class=\"justify\">\n<p>En 1818,\u00a0<b>Mary Shelley<\/b>\u00a0public\u00f3 de manera an\u00f3nima la que ser\u00eda su obra maestra:\u00a0<i><b>Frankenstein<\/b><\/i>. Una de las\u00a0<b>novelas de terror<\/b>\u00a0con m\u00e1s adaptaciones al\u00a0<b>cine<\/b>, pero quiz\u00e1 ninguna como la dirigida por\u00a0<b>James<\/b>\u00a0<b>Whale<\/b>\u00a0en\u00a0<b>1931<\/b>\u00a0y protagonizada por\u00a0<b>Colin Clive<\/b>\u00a0<b>y Boris Karloff<\/b>, quien inmortaliz\u00f3 la imagen del monstruo m\u00e1s famoso.<\/p>\n<p>La historia es de todos conocida: un\u00a0<b>cient\u00edfico<\/b>\u00a0decide crear una criatura con vida propia a la que luego rechaza.\u00a0<b>Met\u00e1fora\u00a0<\/b>sobre la vida, la libertad y el amor, una\u00a0<b>maravillosa f\u00e1bula<\/b>\u00a0con todos los ingredientes de los grandes mitos, un gran cl\u00e1sico que ahora recuperamos en esta colecci\u00f3n.<\/p>\n<\/div>\n","protected":false},"excerpt":{"rendered":"<p>Mary Shelley<br \/>\n336 p\u00e1ginas<\/p>\n","protected":false},"featured_media":7451,"template":"","meta":{"_joinchat":[]},"product_brand":[],"product_cat":[42,70,36],"product_tag":[34],"class_list":{"0":"post-7450","1":"product","2":"type-product","3":"status-publish","4":"has-post-thumbnail","6":"product_cat-literatura-clasica","7":"product_cat-novedades","8":"product_cat-terror-y-paranormal","9":"product_tag-penguin-random-house","11":"first","12":"outofstock","13":"shipping-taxable","14":"purchasable","15":"product-type-simple"},"_links":{"self":[{"href":"https:\/\/libreriahistoriasdebolsillo.com\/index.php\/wp-json\/wp\/v2\/product\/7450","targetHints":{"allow":["GET"]}}],"collection":[{"href":"https:\/\/libreriahistoriasdebolsillo.com\/index.php\/wp-json\/wp\/v2\/product"}],"about":[{"href":"https:\/\/libreriahistoriasdebolsillo.com\/index.php\/wp-json\/wp\/v2\/types\/product"}],"wp:featuredmedia":[{"embeddable":true,"href":"https:\/\/libreriahistoriasdebolsillo.com\/index.php\/wp-json\/wp\/v2\/media\/7451"}],"wp:attachment":[{"href":"https:\/\/libreriahistoriasdebolsillo.com\/index.php\/wp-json\/wp\/v2\/media?parent=7450"}],"wp:term":[{"taxonomy":"product_brand","embeddable":true,"href":"https:\/\/libreriahistoriasdebolsillo.com\/index.php\/wp-json\/wp\/v2\/product_brand?post=7450"},{"taxonomy":"product_cat","embeddable":true,"href":"https:\/\/libreriahistoriasdebolsillo.com\/index.php\/wp-json\/wp\/v2\/product_cat?post=7450"},{"taxonomy":"product_tag","embeddable":true,"href":"https:\/\/libreriahistoriasdebolsillo.com\/index.php\/wp-json\/wp\/v2\/product_tag?post=7450"}],"curies":[{"name":"wp","href":"https:\/\/api.w.org\/{rel}","templated":true}]}}