{"id":7452,"date":"2025-09-24T13:15:44","date_gmt":"2025-09-24T19:15:44","guid":{"rendered":"https:\/\/libreriahistoriasdebolsillo.com\/?post_type=product&#038;p=7452"},"modified":"2026-03-11T22:34:26","modified_gmt":"2026-03-12T04:34:26","slug":"el-exorcista-del-bestseller-al-blockbuster-3","status":"publish","type":"product","link":"https:\/\/libreriahistoriasdebolsillo.com\/index.php\/producto\/el-exorcista-del-bestseller-al-blockbuster-3\/","title":{"rendered":"El exorcista (Del bestseller al blockbuster 3)"},"content":{"rendered":"<div class=\"justify\">\n<p><b>Del<\/b>\u00a0<b>bestseller<\/b><b>\u00a0al blockbuster es una colecci\u00f3n de libros que triunfaron tanto en<\/b>\u00a0<b>el mundo editorial como en la pantalla grande. En esta ocasi\u00f3n es el turno del<\/b>\u00a0<b>terror, un g\u00e9nero que ha cautivado tanto a lectores como a cin\u00e9filos.<\/b><\/p>\n<p align=\"CENTER\"><b>\u00abComo el destello maldito y fugaz de las<\/b>\u00a0<b>explosiones solares que solo se graban vagamente<\/b>\u00a0<b>en los ojos de los ciegos, el comienzo del horror<\/b>\u00a0<b>pas\u00f3 casi inadvertido.\u00bb<\/b><\/p>\n<\/div>\n<div class=\"justify\">\n<p>Considerada una de las obras maestras del cine de terror y\u00a0<b>ganadora del Oscar<\/b>\u00a0al mejor guion adaptado,\u00a0<i><b>El exorcista<\/b><\/i>, dirigida por\u00a0<b>William Friedkin<\/b>\u00a0en 1973, est\u00e1 basada en la novela hom\u00f3nima de\u00a0<b>Willam<\/b><b>\u00a0Peter<\/b>\u00a0<b>Blatty<\/b>, inspirada en un hecho real ocurrido en la d\u00e9cada de los cuarenta.<\/p>\n<p>Una ni\u00f1a de apenas once a\u00f1os sufre\u00a0<b>terribles transformaciones<\/b>, sobre todo en su comportamiento. Ni m\u00e9dicos ni cient\u00edficos ni psic\u00f3logos son capaces de hallar la causa, pero todo parece indicar que est\u00e1\u00a0<b>pose\u00edda por un demonio<\/b>; ser\u00e1 el sacerdote Karras quien se enfrentar\u00e1 a esta temible fuerza del mal.<\/p>\n<\/div>\n","protected":false},"excerpt":{"rendered":"<p>William Peter Blatty<br \/>\n240 p\u00e1ginas<\/p>\n","protected":false},"featured_media":7453,"template":"","meta":{"_joinchat":[]},"product_brand":[],"product_cat":[70,36],"product_tag":[34],"class_list":{"0":"post-7452","1":"product","2":"type-product","3":"status-publish","4":"has-post-thumbnail","6":"product_cat-novedades","7":"product_cat-terror-y-paranormal","8":"product_tag-penguin-random-house","10":"first","11":"outofstock","12":"shipping-taxable","13":"purchasable","14":"product-type-simple"},"_links":{"self":[{"href":"https:\/\/libreriahistoriasdebolsillo.com\/index.php\/wp-json\/wp\/v2\/product\/7452","targetHints":{"allow":["GET"]}}],"collection":[{"href":"https:\/\/libreriahistoriasdebolsillo.com\/index.php\/wp-json\/wp\/v2\/product"}],"about":[{"href":"https:\/\/libreriahistoriasdebolsillo.com\/index.php\/wp-json\/wp\/v2\/types\/product"}],"wp:featuredmedia":[{"embeddable":true,"href":"https:\/\/libreriahistoriasdebolsillo.com\/index.php\/wp-json\/wp\/v2\/media\/7453"}],"wp:attachment":[{"href":"https:\/\/libreriahistoriasdebolsillo.com\/index.php\/wp-json\/wp\/v2\/media?parent=7452"}],"wp:term":[{"taxonomy":"product_brand","embeddable":true,"href":"https:\/\/libreriahistoriasdebolsillo.com\/index.php\/wp-json\/wp\/v2\/product_brand?post=7452"},{"taxonomy":"product_cat","embeddable":true,"href":"https:\/\/libreriahistoriasdebolsillo.com\/index.php\/wp-json\/wp\/v2\/product_cat?post=7452"},{"taxonomy":"product_tag","embeddable":true,"href":"https:\/\/libreriahistoriasdebolsillo.com\/index.php\/wp-json\/wp\/v2\/product_tag?post=7452"}],"curies":[{"name":"wp","href":"https:\/\/api.w.org\/{rel}","templated":true}]}}