{"id":7460,"date":"2025-09-24T13:24:53","date_gmt":"2025-09-24T19:24:53","guid":{"rendered":"https:\/\/libreriahistoriasdebolsillo.com\/?post_type=product&#038;p=7460"},"modified":"2026-03-10T16:03:35","modified_gmt":"2026-03-10T22:03:35","slug":"los-pasajeros-del-tren-de-hankyu","status":"publish","type":"product","link":"https:\/\/libreriahistoriasdebolsillo.com\/index.php\/producto\/los-pasajeros-del-tren-de-hankyu\/","title":{"rendered":"Los pasajeros del tren de Hankyu"},"content":{"rendered":"<div class=\"justify\">\n<p><b>La novela que ha conquistado a m\u00e1s de un mill\u00f3n y medio de lectores, por la premiada autora de\u00a0<i>Cr\u00f3nicas del gato viajero.<\/i><\/b><\/p>\n<\/div>\n<div class=\"justify\">\n<p>En la regi\u00f3n japonesa de Kobe, Osaka, una l\u00ednea ferroviaria une Takarazuka con Nishinomiya. Las vidas de miles de pasajeros se entrechocan a diario en sus vagones y, a cada parada, nuevos pasajeros se instalan y se relacionan: dos desconocidos que siempre quieren tomar prestado de la biblioteca el mismo libro; una prometida despechada sedienta de venganza; estudiantes t\u00edmidos; ni\u00f1as crueles; mujeres rudas; una abuela exc\u00e9ntrica y su indiscreta nieta; una joven dispuesta al fin a romper con un novio que no la merece.<\/p>\n<p>Con el paso de las estaciones, el tren de Hankyu recorre el trayecto en el sentido inverso, y el lector descubre a los personajes bajo una nueva luz y puede seguir discretamente sus destinos como si fueran los de viejos conocidos.<\/p>\n<p>M\u00e1s que una oda al viaje, esta novela es una invitaci\u00f3n a detenerse y reflexionar sobre uno mismo, un elogio de lo imprevisible y de esos encuentros fortuitos que pueden producir una sacudida en nuestras vidas.<\/p>\n<\/div>\n","protected":false},"excerpt":{"rendered":"<p>Hiro Arikawa<br \/>\n192 p\u00e1ginas<\/p>\n","protected":false},"featured_media":7461,"template":"","meta":{"_joinchat":[]},"product_brand":[],"product_cat":[78,70],"product_tag":[34],"class_list":{"0":"post-7460","1":"product","2":"type-product","3":"status-publish","4":"has-post-thumbnail","6":"product_cat-contemporanea","7":"product_cat-novedades","8":"product_tag-penguin-random-house","10":"first","11":"outofstock","12":"shipping-taxable","13":"purchasable","14":"product-type-simple"},"_links":{"self":[{"href":"https:\/\/libreriahistoriasdebolsillo.com\/index.php\/wp-json\/wp\/v2\/product\/7460","targetHints":{"allow":["GET"]}}],"collection":[{"href":"https:\/\/libreriahistoriasdebolsillo.com\/index.php\/wp-json\/wp\/v2\/product"}],"about":[{"href":"https:\/\/libreriahistoriasdebolsillo.com\/index.php\/wp-json\/wp\/v2\/types\/product"}],"wp:featuredmedia":[{"embeddable":true,"href":"https:\/\/libreriahistoriasdebolsillo.com\/index.php\/wp-json\/wp\/v2\/media\/7461"}],"wp:attachment":[{"href":"https:\/\/libreriahistoriasdebolsillo.com\/index.php\/wp-json\/wp\/v2\/media?parent=7460"}],"wp:term":[{"taxonomy":"product_brand","embeddable":true,"href":"https:\/\/libreriahistoriasdebolsillo.com\/index.php\/wp-json\/wp\/v2\/product_brand?post=7460"},{"taxonomy":"product_cat","embeddable":true,"href":"https:\/\/libreriahistoriasdebolsillo.com\/index.php\/wp-json\/wp\/v2\/product_cat?post=7460"},{"taxonomy":"product_tag","embeddable":true,"href":"https:\/\/libreriahistoriasdebolsillo.com\/index.php\/wp-json\/wp\/v2\/product_tag?post=7460"}],"curies":[{"name":"wp","href":"https:\/\/api.w.org\/{rel}","templated":true}]}}