{"id":7462,"date":"2025-09-24T13:26:57","date_gmt":"2025-09-24T19:26:57","guid":{"rendered":"https:\/\/libreriahistoriasdebolsillo.com\/?post_type=product&#038;p=7462"},"modified":"2025-10-16T17:01:55","modified_gmt":"2025-10-16T23:01:55","slug":"la-nina-salvaje","status":"publish","type":"product","link":"https:\/\/libreriahistoriasdebolsillo.com\/index.php\/producto\/la-nina-salvaje\/","title":{"rendered":"La ni\u00f1a salvaje"},"content":{"rendered":"<div class=\"justify\">\n<p><b>Una mujer que huye de su pasado.<\/b><\/p>\n<p><b>Una ni\u00f1a en busca de su futuro.<\/b><\/p>\n<\/div>\n<div class=\"justify\">\n<p>En el agreste norte de Estados Unidos, un bosque, el Parque Nacional Olympic, esconde m\u00e1s de trescientas mil hect\u00e1reas de\u00a0<b>impenetrable oscuridad<\/b>\u00a0e imposible belleza. De entre las profundidades de este misterioso paraje, aparece una\u00a0<b>ni\u00f1a de<\/b>\u00a0<b>seis a\u00f1os<\/b>\u00a0perdida y acompa\u00f1ada por un cachorro de lobo. Sin capacidad de hablar, la peque\u00f1a no puede ofrecer ninguna pista sobre su identidad, ninguna\u00a0<b>informaci\u00f3n de su pasado<\/b>.<\/p>\n<p>Refugiada en su\u00a0<b>ciudad natal<\/b>\u00a0tras un esc\u00e1ndalo que arruin\u00f3 su carrera, la psiquiatra infantil Julia Cates est\u00e1 decidida a liberar a la\u00a0<b>extraordinaria ni\u00f1a<\/b>, a la que llama Alicia, de su prisi\u00f3n de miedo y aislamiento. Pero para llegar a conectar con ella, Julia debe descubrir primero la\u00a0<b>verdad sobre Alicia<\/b>, aunque para lograrlo necesite la ayuda de su hermana, de la que hace tiempo se alej\u00f3 y que ahora\u00a0<b>es jefa de polic\u00eda<\/b>\u00a0de la ciudad. Las revelaciones sobre el pasado de Alicia pondr\u00e1n a prueba las convicciones y la fortaleza de Julia mientras lucha por construir un hogar para la ni\u00f1a&#8230; y por encontrar uno nuevo para s\u00ed misma.<\/p>\n<p><b>De la autora de<\/b>\u00a0<i><b>El Ruise\u00f1or<\/b><\/i>\u00a0<b>llega una historia incandescente sobre la resiliencia<\/b>\u00a0<b>del esp\u00edritu humano, el triunfo de la esperanza<\/b>\u00a0<b>y la promesa de un nuevo comienzo.<\/b><\/p>\n<\/div>\n","protected":false},"excerpt":{"rendered":"<p>Kristin Hannah<br \/>\n456 p\u00e1ginas<\/p>\n","protected":false},"featured_media":7463,"template":"","meta":{"_joinchat":[]},"product_brand":[],"product_cat":[33,70],"product_tag":[34],"class_list":{"0":"post-7462","1":"product","2":"type-product","3":"status-publish","4":"has-post-thumbnail","6":"product_cat-ficcion-general","7":"product_cat-novedades","8":"product_tag-penguin-random-house","10":"first","11":"outofstock","12":"shipping-taxable","13":"purchasable","14":"product-type-simple"},"_links":{"self":[{"href":"https:\/\/libreriahistoriasdebolsillo.com\/index.php\/wp-json\/wp\/v2\/product\/7462","targetHints":{"allow":["GET"]}}],"collection":[{"href":"https:\/\/libreriahistoriasdebolsillo.com\/index.php\/wp-json\/wp\/v2\/product"}],"about":[{"href":"https:\/\/libreriahistoriasdebolsillo.com\/index.php\/wp-json\/wp\/v2\/types\/product"}],"wp:featuredmedia":[{"embeddable":true,"href":"https:\/\/libreriahistoriasdebolsillo.com\/index.php\/wp-json\/wp\/v2\/media\/7463"}],"wp:attachment":[{"href":"https:\/\/libreriahistoriasdebolsillo.com\/index.php\/wp-json\/wp\/v2\/media?parent=7462"}],"wp:term":[{"taxonomy":"product_brand","embeddable":true,"href":"https:\/\/libreriahistoriasdebolsillo.com\/index.php\/wp-json\/wp\/v2\/product_brand?post=7462"},{"taxonomy":"product_cat","embeddable":true,"href":"https:\/\/libreriahistoriasdebolsillo.com\/index.php\/wp-json\/wp\/v2\/product_cat?post=7462"},{"taxonomy":"product_tag","embeddable":true,"href":"https:\/\/libreriahistoriasdebolsillo.com\/index.php\/wp-json\/wp\/v2\/product_tag?post=7462"}],"curies":[{"name":"wp","href":"https:\/\/api.w.org\/{rel}","templated":true}]}}