{"id":7464,"date":"2025-09-24T13:29:20","date_gmt":"2025-09-24T19:29:20","guid":{"rendered":"https:\/\/libreriahistoriasdebolsillo.com\/?post_type=product&#038;p=7464"},"modified":"2026-01-30T15:33:50","modified_gmt":"2026-01-30T21:33:50","slug":"el-cafe-de-la-luna-llena-2-un-regalo-en-el-cafe-de-la-luna-llena","status":"publish","type":"product","link":"https:\/\/libreriahistoriasdebolsillo.com\/index.php\/producto\/el-cafe-de-la-luna-llena-2-un-regalo-en-el-cafe-de-la-luna-llena\/","title":{"rendered":"El Caf\u00e9 de la Luna Llena 2. Un regalo en El Caf\u00e9 de la Luna Llena"},"content":{"rendered":"<div class=\"justify\">\n<p><b>En esta reconfortante novela\u00a0<i>feel-good<\/i>\u00a0japonesa con una encantadora ambientaci\u00f3n navide\u00f1a, la magia y el destino intervienen, junto a deliciosos postres y gatos muy sabios, para que las personas que m\u00e1s lo necesitan encuentren su camino.<\/b><\/p>\n<\/div>\n<div class=\"justify\">\n<p>El carism\u00e1tico felino y la camarera de ojos estrellados del Caf\u00e9 de la Luna Llena se acercan a los corazones de los perdidos con su exquisito men\u00fa y sus conocimientos astrolog\u00eda.<\/p>\n<p>Entre sus clientes se encuentra Satomi, que se debate entre su carrera en Tokio y su relaci\u00f3n con su novio, que planea pedirle matrimonio el d\u00eda de Navidad. Mientras tanto, Koyuki, la humilde becaria de Satomi, ha estado fingiendo querer a su padrastro desde que su verdadero padre falleci\u00f3 las pasadas navidades. Y la cu\u00f1ada de Satomi, Junko, mantiene una tensa relaci\u00f3n con su padre, al que no ve desde la universidad.<\/p>\n<p>Pero \u00bfqu\u00e9 es lo que realmente desean estas mujeres? \u00bfPodr\u00e1 la magia del Caf\u00e9 de la Luna Llena ayudarlas a encontrar su camino de nuevo?<\/p>\n<\/div>\n","protected":false},"excerpt":{"rendered":"<p>Mai Mochizuki<br \/>\n216 p\u00e1ginas<\/p>\n","protected":false},"featured_media":7465,"template":"","meta":{"_joinchat":[]},"product_brand":[],"product_cat":[78,70],"product_tag":[34],"class_list":{"0":"post-7464","1":"product","2":"type-product","3":"status-publish","4":"has-post-thumbnail","6":"product_cat-contemporanea","7":"product_cat-novedades","8":"product_tag-penguin-random-house","10":"first","11":"instock","12":"shipping-taxable","13":"purchasable","14":"product-type-simple"},"_links":{"self":[{"href":"https:\/\/libreriahistoriasdebolsillo.com\/index.php\/wp-json\/wp\/v2\/product\/7464","targetHints":{"allow":["GET"]}}],"collection":[{"href":"https:\/\/libreriahistoriasdebolsillo.com\/index.php\/wp-json\/wp\/v2\/product"}],"about":[{"href":"https:\/\/libreriahistoriasdebolsillo.com\/index.php\/wp-json\/wp\/v2\/types\/product"}],"wp:featuredmedia":[{"embeddable":true,"href":"https:\/\/libreriahistoriasdebolsillo.com\/index.php\/wp-json\/wp\/v2\/media\/7465"}],"wp:attachment":[{"href":"https:\/\/libreriahistoriasdebolsillo.com\/index.php\/wp-json\/wp\/v2\/media?parent=7464"}],"wp:term":[{"taxonomy":"product_brand","embeddable":true,"href":"https:\/\/libreriahistoriasdebolsillo.com\/index.php\/wp-json\/wp\/v2\/product_brand?post=7464"},{"taxonomy":"product_cat","embeddable":true,"href":"https:\/\/libreriahistoriasdebolsillo.com\/index.php\/wp-json\/wp\/v2\/product_cat?post=7464"},{"taxonomy":"product_tag","embeddable":true,"href":"https:\/\/libreriahistoriasdebolsillo.com\/index.php\/wp-json\/wp\/v2\/product_tag?post=7464"}],"curies":[{"name":"wp","href":"https:\/\/api.w.org\/{rel}","templated":true}]}}