{"id":7468,"date":"2025-09-24T13:33:38","date_gmt":"2025-09-24T19:33:38","guid":{"rendered":"https:\/\/libreriahistoriasdebolsillo.com\/?post_type=product&#038;p=7468"},"modified":"2025-09-24T15:02:44","modified_gmt":"2025-09-24T21:02:44","slug":"esta-vez-sera-diferente","status":"publish","type":"product","link":"https:\/\/libreriahistoriasdebolsillo.com\/index.php\/producto\/esta-vez-sera-diferente\/","title":{"rendered":"Esta vez ser\u00e1 diferente"},"content":{"rendered":"<div class=\"justify\">\n<p><b>Una nueva novela de puro y glorioso escapismo de Carley<\/b>\u00a0<b>Fortune, autora<\/b>\u00a0<b>best<\/b>\u00a0<b>seller de<\/b>\u00a0<i><b>The New York Times<\/b><\/i><b>.<\/b><\/p>\n<p><b>Esta vez cumplir\u00e1n su promesa. Esta vez no caer\u00e1n en la tentaci\u00f3n. Esta vez ser\u00e1 diferente.<\/b><\/p>\n<\/div>\n<div class=\"justify\">\n<p>De vacaciones en la isla del Pr\u00edncipe Eduardo, Lucy conoce a Felix, un lugare\u00f1o con el que lo pasa genial. Sin embargo, lo que no sabe es que se trata del hermano de su mejor amiga, Bridget. La qu\u00edmica entre ellos es tan innegable como los motivos que tienen para mantenerse alejados el uno del otro, de modo que prometen que no volver\u00e1n a repetir aquella noche el\u00e9ctrica que vivieron.<\/p>\n<p>As\u00ed que, cada a\u00f1o, Lucy va a la isla y se promete a s\u00ed misma que no acabar\u00e1 en la cama de Felix (&#8230; otra vez). Lo bueno es que, aunque no puede resistirse a \u00e9l, de momento ha logrado mantener su coraz\u00f3n al margen.<\/p>\n<p>Cuando Bridget huye de Toronto a una semana de su boda, Lucy la sigue para ayudarla a superar la crisis. Pero, en el proceso, tambi\u00e9n deber\u00e1 resistirse al \u00fanico hombre que encuentra irresistible&#8230;, y puede que su coraz\u00f3n no est\u00e9 tan a salvo de Felix como ella cre\u00eda.<\/p>\n<\/div>\n","protected":false},"excerpt":{"rendered":"<p>Carley Fortune<br \/>\n320 p\u00e1ginas<\/p>\n","protected":false},"featured_media":7469,"template":"","meta":{"_joinchat":[]},"product_brand":[],"product_cat":[70,35],"product_tag":[34],"class_list":{"0":"post-7468","1":"product","2":"type-product","3":"status-publish","4":"has-post-thumbnail","6":"product_cat-novedades","7":"product_cat-romantica","8":"product_tag-penguin-random-house","10":"first","11":"outofstock","12":"shipping-taxable","13":"purchasable","14":"product-type-simple"},"_links":{"self":[{"href":"https:\/\/libreriahistoriasdebolsillo.com\/index.php\/wp-json\/wp\/v2\/product\/7468","targetHints":{"allow":["GET"]}}],"collection":[{"href":"https:\/\/libreriahistoriasdebolsillo.com\/index.php\/wp-json\/wp\/v2\/product"}],"about":[{"href":"https:\/\/libreriahistoriasdebolsillo.com\/index.php\/wp-json\/wp\/v2\/types\/product"}],"wp:featuredmedia":[{"embeddable":true,"href":"https:\/\/libreriahistoriasdebolsillo.com\/index.php\/wp-json\/wp\/v2\/media\/7469"}],"wp:attachment":[{"href":"https:\/\/libreriahistoriasdebolsillo.com\/index.php\/wp-json\/wp\/v2\/media?parent=7468"}],"wp:term":[{"taxonomy":"product_brand","embeddable":true,"href":"https:\/\/libreriahistoriasdebolsillo.com\/index.php\/wp-json\/wp\/v2\/product_brand?post=7468"},{"taxonomy":"product_cat","embeddable":true,"href":"https:\/\/libreriahistoriasdebolsillo.com\/index.php\/wp-json\/wp\/v2\/product_cat?post=7468"},{"taxonomy":"product_tag","embeddable":true,"href":"https:\/\/libreriahistoriasdebolsillo.com\/index.php\/wp-json\/wp\/v2\/product_tag?post=7468"}],"curies":[{"name":"wp","href":"https:\/\/api.w.org\/{rel}","templated":true}]}}