{"id":747,"date":"2023-11-20T16:29:58","date_gmt":"2023-11-20T22:29:58","guid":{"rendered":"https:\/\/libreriahistoriasdebolsillo.com\/?post_type=product&#038;p=747"},"modified":"2023-11-20T16:29:58","modified_gmt":"2023-11-20T22:29:58","slug":"como-en-una-cancion-de-amor","status":"publish","type":"product","link":"https:\/\/libreriahistoriasdebolsillo.com\/index.php\/producto\/como-en-una-cancion-de-amor\/","title":{"rendered":"Como en una canci\u00f3n de amor"},"content":{"rendered":"<p>10: 00 p. m.<\/p>\n<p>Lucky es la estrella de K-pop del momento. Con su voz de \u00e1ngel, su peluca rosada y sus botas plateadas de infarto, acaba de hacer vibrar a todo Hong Kong al final de su exitosa gira por Asia. Y ahora est\u00e1 lista para conquistar el Estados Unidos la espera. Pero en este momento\u2026 solo desea una cosa: una hamburguesa.<\/p>\n<p>11: 00 p.m.<\/p>\n<p>Jack se cuela en un hotel elegante para conseguir una exclusiva para su trabajo secreto paparazi. Al salir, se cruza con una chica en pijama. Es bonita. Le resulta familiar. Captura su atenci\u00f3n. Parece desorientada. Es una chica desesperada por una hamburguesa. 00: 00 a.m. Nada volver\u00e1 a ser lo mismo. Vive un divertido romance de pel\u00edcula de la mano de la autora de Creo en una cosa llamada amor.<\/p>\n","protected":false},"excerpt":{"rendered":"<p>Maurene Goo<\/p>\n","protected":false},"featured_media":748,"template":"","meta":{"_joinchat":[]},"product_brand":[],"product_cat":[52,35],"product_tag":[48],"class_list":{"0":"post-747","1":"product","2":"type-product","3":"status-publish","4":"has-post-thumbnail","6":"product_cat-juvenil","7":"product_cat-romantica","8":"product_tag-vr-editoras","10":"first","11":"instock","12":"shipping-taxable","13":"purchasable","14":"product-type-simple"},"_links":{"self":[{"href":"https:\/\/libreriahistoriasdebolsillo.com\/index.php\/wp-json\/wp\/v2\/product\/747","targetHints":{"allow":["GET"]}}],"collection":[{"href":"https:\/\/libreriahistoriasdebolsillo.com\/index.php\/wp-json\/wp\/v2\/product"}],"about":[{"href":"https:\/\/libreriahistoriasdebolsillo.com\/index.php\/wp-json\/wp\/v2\/types\/product"}],"wp:featuredmedia":[{"embeddable":true,"href":"https:\/\/libreriahistoriasdebolsillo.com\/index.php\/wp-json\/wp\/v2\/media\/748"}],"wp:attachment":[{"href":"https:\/\/libreriahistoriasdebolsillo.com\/index.php\/wp-json\/wp\/v2\/media?parent=747"}],"wp:term":[{"taxonomy":"product_brand","embeddable":true,"href":"https:\/\/libreriahistoriasdebolsillo.com\/index.php\/wp-json\/wp\/v2\/product_brand?post=747"},{"taxonomy":"product_cat","embeddable":true,"href":"https:\/\/libreriahistoriasdebolsillo.com\/index.php\/wp-json\/wp\/v2\/product_cat?post=747"},{"taxonomy":"product_tag","embeddable":true,"href":"https:\/\/libreriahistoriasdebolsillo.com\/index.php\/wp-json\/wp\/v2\/product_tag?post=747"}],"curies":[{"name":"wp","href":"https:\/\/api.w.org\/{rel}","templated":true}]}}