{"id":7478,"date":"2025-09-24T13:43:49","date_gmt":"2025-09-24T19:43:49","guid":{"rendered":"https:\/\/libreriahistoriasdebolsillo.com\/?post_type=product&#038;p=7478"},"modified":"2026-01-19T12:57:32","modified_gmt":"2026-01-19T18:57:32","slug":"mi-vida-con-los-chicos-walter-1","status":"publish","type":"product","link":"https:\/\/libreriahistoriasdebolsillo.com\/index.php\/producto\/mi-vida-con-los-chicos-walter-1\/","title":{"rendered":"Mi vida con los chicos Walter 1"},"content":{"rendered":"<div class=\"justify\">\n<p><b>La novela bestseller en la que se basa la nueva serie adolescente de Netflix.<\/b><\/p>\n<\/div>\n<div class=\"justify\">\n<p>\u00bfQu\u00e9 hace una alumna excelente y de comportamiento intachable viviendo con un reba\u00f1o de hermanos apestosos, escandalosos e insoportables? Si Jackie hubiera podido elegir, jam\u00e1s habr\u00eda terminado rodeada de doce chicos que ni siquiera entienden el concepto de privacidad, por muy guapos que sean los mayores. Pero el accidente de coche que han sufrido sus padres no le ha dejado elecci\u00f3n: los Walter, tutores legales de los doce hermanos, tambi\u00e9n son ahora los suyos.<\/p>\n<p>Los chicos Walter son el desastre personificado. Jackie aspira a la perfecci\u00f3n.<\/p>\n<p>Es m\u00e1s, se la debe a su familia. Se la prometi\u00f3.<\/p>\n<p>\u00bfC\u00f3mo se las arreglar\u00e1 para encajar en esta nueva vida llena de caos&#8230; y de chicos?<\/p>\n<p><b>Una novela rom\u00e1ntica al m\u00e1s puro estilo Wattpad que cuenta con millones de lecturas a nivel mundial.<\/b><\/p>\n<\/div>\n","protected":false},"excerpt":{"rendered":"<p>Ali Novak<br \/>\n432 p\u00e1ginas<\/p>\n","protected":false},"featured_media":7479,"template":"","meta":{"_joinchat":[]},"product_brand":[],"product_cat":[52,70,35],"product_tag":[34],"class_list":{"0":"post-7478","1":"product","2":"type-product","3":"status-publish","4":"has-post-thumbnail","6":"product_cat-juvenil","7":"product_cat-novedades","8":"product_cat-romantica","9":"product_tag-penguin-random-house","11":"first","12":"outofstock","13":"shipping-taxable","14":"purchasable","15":"product-type-simple"},"_links":{"self":[{"href":"https:\/\/libreriahistoriasdebolsillo.com\/index.php\/wp-json\/wp\/v2\/product\/7478","targetHints":{"allow":["GET"]}}],"collection":[{"href":"https:\/\/libreriahistoriasdebolsillo.com\/index.php\/wp-json\/wp\/v2\/product"}],"about":[{"href":"https:\/\/libreriahistoriasdebolsillo.com\/index.php\/wp-json\/wp\/v2\/types\/product"}],"wp:featuredmedia":[{"embeddable":true,"href":"https:\/\/libreriahistoriasdebolsillo.com\/index.php\/wp-json\/wp\/v2\/media\/7479"}],"wp:attachment":[{"href":"https:\/\/libreriahistoriasdebolsillo.com\/index.php\/wp-json\/wp\/v2\/media?parent=7478"}],"wp:term":[{"taxonomy":"product_brand","embeddable":true,"href":"https:\/\/libreriahistoriasdebolsillo.com\/index.php\/wp-json\/wp\/v2\/product_brand?post=7478"},{"taxonomy":"product_cat","embeddable":true,"href":"https:\/\/libreriahistoriasdebolsillo.com\/index.php\/wp-json\/wp\/v2\/product_cat?post=7478"},{"taxonomy":"product_tag","embeddable":true,"href":"https:\/\/libreriahistoriasdebolsillo.com\/index.php\/wp-json\/wp\/v2\/product_tag?post=7478"}],"curies":[{"name":"wp","href":"https:\/\/api.w.org\/{rel}","templated":true}]}}