{"id":7496,"date":"2025-10-09T09:48:24","date_gmt":"2025-10-09T15:48:24","guid":{"rendered":"https:\/\/libreriahistoriasdebolsillo.com\/?post_type=product&#038;p=7496"},"modified":"2026-02-04T14:47:55","modified_gmt":"2026-02-04T20:47:55","slug":"semantic-error-tapa-dura","status":"publish","type":"product","link":"https:\/\/libreriahistoriasdebolsillo.com\/index.php\/producto\/semantic-error-tapa-dura\/","title":{"rendered":"Semantic error (Tapa dura)"},"content":{"rendered":"<div class=\"justify\">\n<p><b>En el fr\u00e1gil equilibrio entre la atracci\u00f3n y la aversi\u00f3n, \u00bfes su conexi\u00f3n un simple error sem\u00e1ntico&#8230; o el comienzo de algo m\u00e1s profundo? \u00a1Llega a Espa\u00f1a la novela que inspir\u00f3 el fen\u00f3meno BL coreano!<\/b><\/p>\n<\/div>\n<div class=\"justify\">\n<p>\u00ab\u00a1\u00c9l es como un maldito error en mi vida!\u00bb.<\/p>\n<p>Chu Sang-woo es un exc\u00e9ntrico estudiante de Ingenier\u00eda Inform\u00e1tica que se maneja con los lenguajes de programaci\u00f3n como si fueran su lengua materna. Pero, de pronto, su tranquila vida binaria de ceros y unos se pone patas arriba por culpa de un error llamado Jang Jae-young.<\/p>\n<p>Chaqueta roja, camisa roja, gorro rojo, termo rojo\u2026 Jae-young, un alumno guap\u00edsimo del \u00faltimo curso de Dise\u00f1o, comienza a perseguirlo armado con lo que Sang-Woo m\u00e1s odia: el rojo, el color de los errores.<\/p>\n<p>\u00a1Jae-young es como un virus mortal que ha infectado su vida perfectamente programada! \u00bfLograr\u00e1 Sang-woo eliminar ese error sem\u00e1ntico de su sistema?<\/p>\n<\/div>\n","protected":false},"excerpt":{"rendered":"<p>J. Soori<br \/>\n512 p\u00e1ginas<\/p>\n","protected":false},"featured_media":7497,"template":"","meta":{"_joinchat":[]},"product_brand":[],"product_cat":[38,70],"product_tag":[34],"class_list":{"0":"post-7496","1":"product","2":"type-product","3":"status-publish","4":"has-post-thumbnail","6":"product_cat-lgbtq","7":"product_cat-novedades","8":"product_tag-penguin-random-house","10":"first","11":"instock","12":"shipping-taxable","13":"purchasable","14":"product-type-simple"},"_links":{"self":[{"href":"https:\/\/libreriahistoriasdebolsillo.com\/index.php\/wp-json\/wp\/v2\/product\/7496","targetHints":{"allow":["GET"]}}],"collection":[{"href":"https:\/\/libreriahistoriasdebolsillo.com\/index.php\/wp-json\/wp\/v2\/product"}],"about":[{"href":"https:\/\/libreriahistoriasdebolsillo.com\/index.php\/wp-json\/wp\/v2\/types\/product"}],"wp:featuredmedia":[{"embeddable":true,"href":"https:\/\/libreriahistoriasdebolsillo.com\/index.php\/wp-json\/wp\/v2\/media\/7497"}],"wp:attachment":[{"href":"https:\/\/libreriahistoriasdebolsillo.com\/index.php\/wp-json\/wp\/v2\/media?parent=7496"}],"wp:term":[{"taxonomy":"product_brand","embeddable":true,"href":"https:\/\/libreriahistoriasdebolsillo.com\/index.php\/wp-json\/wp\/v2\/product_brand?post=7496"},{"taxonomy":"product_cat","embeddable":true,"href":"https:\/\/libreriahistoriasdebolsillo.com\/index.php\/wp-json\/wp\/v2\/product_cat?post=7496"},{"taxonomy":"product_tag","embeddable":true,"href":"https:\/\/libreriahistoriasdebolsillo.com\/index.php\/wp-json\/wp\/v2\/product_tag?post=7496"}],"curies":[{"name":"wp","href":"https:\/\/api.w.org\/{rel}","templated":true}]}}