{"id":7498,"date":"2025-10-09T09:50:45","date_gmt":"2025-10-09T15:50:45","guid":{"rendered":"https:\/\/libreriahistoriasdebolsillo.com\/?post_type=product&#038;p=7498"},"modified":"2026-02-04T15:02:07","modified_gmt":"2026-02-04T21:02:07","slug":"sentido-y-sensibilidad-3","status":"publish","type":"product","link":"https:\/\/libreriahistoriasdebolsillo.com\/index.php\/producto\/sentido-y-sensibilidad-3\/","title":{"rendered":"Sentido y sensibilidad"},"content":{"rendered":"<div class=\"justify\">\n<p>Dos hero\u00ednas, con temperamentos opuestos, que se adoran entre s\u00ed. Hermanas y tambi\u00e9n amigas, Las Daswood luchar\u00e1n, cada una con sus armas, por encontrar la felicidad.<\/p>\n<\/div>\n<div class=\"justify\">\n<p>Tres hermanas solteras y su madre van a sufrir en carne propia el hecho de que no haya un var\u00f3n en la familia. Es que con la muerte del se\u00f1or Dashwood, su viuda y sus hijas suman a la tristeza una gran preocupaci\u00f3n: van a perder la casa; porque en la Inglaterra de principios del siglo XIX solo heredaban los hijos varones. De manera que las propiedades del se\u00f1or Dashwood quedar\u00e1n en manos de John, el hijo que tuvo en un primer matrimonio. Y las hermanas Elinor, Marianne, la peque\u00f1a Margaret y su madre preparan la mudanza a una casa de campo, con mucha incertidumbre y no poco pensar. Pero no todo es tristeza: en medio de sus privaciones econ\u00f3micas, las dos hermanas mayores descubrir\u00e1n el amor, aunque de manera muy diferente. Elinor, sensata y reservada. Sufrir\u00e1 en silencio por Edward Ferrars mientras que la apasionada Marianne gritar\u00e1 a los cuatro vientos su devoci\u00f3n por Willouhby. \u00bfLograr\u00e1n concretar sus sue\u00f1os?<\/p>\n<\/div>\n","protected":false},"excerpt":{"rendered":"<p>Jane Austen<br \/>\n376 p\u00e1ginas<\/p>\n","protected":false},"featured_media":7499,"template":"","meta":{"_joinchat":[]},"product_brand":[],"product_cat":[42],"product_tag":[34],"class_list":{"0":"post-7498","1":"product","2":"type-product","3":"status-publish","4":"has-post-thumbnail","6":"product_cat-literatura-clasica","7":"product_tag-penguin-random-house","9":"first","10":"outofstock","11":"shipping-taxable","12":"purchasable","13":"product-type-simple"},"_links":{"self":[{"href":"https:\/\/libreriahistoriasdebolsillo.com\/index.php\/wp-json\/wp\/v2\/product\/7498","targetHints":{"allow":["GET"]}}],"collection":[{"href":"https:\/\/libreriahistoriasdebolsillo.com\/index.php\/wp-json\/wp\/v2\/product"}],"about":[{"href":"https:\/\/libreriahistoriasdebolsillo.com\/index.php\/wp-json\/wp\/v2\/types\/product"}],"wp:featuredmedia":[{"embeddable":true,"href":"https:\/\/libreriahistoriasdebolsillo.com\/index.php\/wp-json\/wp\/v2\/media\/7499"}],"wp:attachment":[{"href":"https:\/\/libreriahistoriasdebolsillo.com\/index.php\/wp-json\/wp\/v2\/media?parent=7498"}],"wp:term":[{"taxonomy":"product_brand","embeddable":true,"href":"https:\/\/libreriahistoriasdebolsillo.com\/index.php\/wp-json\/wp\/v2\/product_brand?post=7498"},{"taxonomy":"product_cat","embeddable":true,"href":"https:\/\/libreriahistoriasdebolsillo.com\/index.php\/wp-json\/wp\/v2\/product_cat?post=7498"},{"taxonomy":"product_tag","embeddable":true,"href":"https:\/\/libreriahistoriasdebolsillo.com\/index.php\/wp-json\/wp\/v2\/product_tag?post=7498"}],"curies":[{"name":"wp","href":"https:\/\/api.w.org\/{rel}","templated":true}]}}