{"id":7500,"date":"2025-10-09T09:52:27","date_gmt":"2025-10-09T15:52:27","guid":{"rendered":"https:\/\/libreriahistoriasdebolsillo.com\/?post_type=product&#038;p=7500"},"modified":"2026-03-14T11:54:22","modified_gmt":"2026-03-14T17:54:22","slug":"persuacion","status":"publish","type":"product","link":"https:\/\/libreriahistoriasdebolsillo.com\/index.php\/producto\/persuacion\/","title":{"rendered":"Persuasi\u00f3n"},"content":{"rendered":"<div class=\"justify\">\n<p><b>Todo empez\u00f3 por querer leer un buen libro\u2026<\/b>\u00a0<b>\u00bfEra mucho pedir? En 1935, de camino a Londres, Allen Lane se detuvo<\/b>\u00a0<b>en un and\u00e9n del ferrocarril para buscar algo interesante que<\/b>\u00a0<b>leer durante el viaje. La oferta se limitaba a revistas populares y libros<\/b>\u00a0<b>en tapa blanda de mala calidad. La desilusi\u00f3n y el posterior disgusto<\/b>\u00a0<b>de Lane ante los t\u00edtulos disponibles lo llevaron a inventar el libro de<\/b>\u00a0<b>bolsillo, a fundar una empresa y a cambiar el mundo.<\/b><\/p>\n<p><b>\u00abCre\u00edamos que exist\u00eda un enorme p\u00fablico para los libros hechos<\/b>\u00a0<b>con inteligencia a bajo precio, y lo apostamos todo por ello.\u00bb<\/b><\/p>\n<p><b>&#8211;<\/b><b>Sir Allen Lane, 1902-1970, fundador de Penguin Books<\/b><\/p>\n<p><b>Los h\u00e1bitos de lectura han cambiado desde 1935, pero en Penguin<\/b>\u00a0<b>seguimos creyendo en publicar los mejores libros parael disfrute de<\/b>\u00a0<b>todos, y en que los buenos libros publicados con pasi\u00f3n y responsabilidad<\/b>\u00a0<b>mejoran el mundo.<\/b><\/p>\n<\/div>\n<div class=\"justify\">\n<p><i>Persuasi\u00f3n<\/i>\u00a0narra la historia de\u00a0<b>una mujer madura<\/b>, sensible y menospreciada que, a\u00f1os despu\u00e9s de haber\u00a0<b>rechazado al hombre<\/b>\u00a0que amaba, persuadida por un mal consejo, ve c\u00f3mo \u00e9ste reaparece en su vida:\u00a0<b>rico y honorable<\/b>, pero a\u00fan\u00a0<b>despechado\u00a0<\/b>. En consecuencia, la protagonista deber\u00e1 luchar para que el amor le conceda una\u00a0<b>segunda<\/b>\u00a0<b>oportunidad<\/b>. Publicada<b>p\u00f3stumamente en 1818<\/b>, esta novela es una de las m\u00e1s melanc\u00f3licas de Jane Austen, aunque quiz\u00e1 tambi\u00e9n la m\u00e1s conmovedora.<\/p>\n<\/div>\n","protected":false},"excerpt":{"rendered":"<p>Jane Austen<br \/>\n304 p\u00e1ginas<\/p>\n","protected":false},"featured_media":7501,"template":"","meta":{"_joinchat":[]},"product_brand":[],"product_cat":[42],"product_tag":[34],"class_list":{"0":"post-7500","1":"product","2":"type-product","3":"status-publish","4":"has-post-thumbnail","6":"product_cat-literatura-clasica","7":"product_tag-penguin-random-house","9":"first","10":"outofstock","11":"shipping-taxable","12":"purchasable","13":"product-type-simple"},"_links":{"self":[{"href":"https:\/\/libreriahistoriasdebolsillo.com\/index.php\/wp-json\/wp\/v2\/product\/7500","targetHints":{"allow":["GET"]}}],"collection":[{"href":"https:\/\/libreriahistoriasdebolsillo.com\/index.php\/wp-json\/wp\/v2\/product"}],"about":[{"href":"https:\/\/libreriahistoriasdebolsillo.com\/index.php\/wp-json\/wp\/v2\/types\/product"}],"wp:featuredmedia":[{"embeddable":true,"href":"https:\/\/libreriahistoriasdebolsillo.com\/index.php\/wp-json\/wp\/v2\/media\/7501"}],"wp:attachment":[{"href":"https:\/\/libreriahistoriasdebolsillo.com\/index.php\/wp-json\/wp\/v2\/media?parent=7500"}],"wp:term":[{"taxonomy":"product_brand","embeddable":true,"href":"https:\/\/libreriahistoriasdebolsillo.com\/index.php\/wp-json\/wp\/v2\/product_brand?post=7500"},{"taxonomy":"product_cat","embeddable":true,"href":"https:\/\/libreriahistoriasdebolsillo.com\/index.php\/wp-json\/wp\/v2\/product_cat?post=7500"},{"taxonomy":"product_tag","embeddable":true,"href":"https:\/\/libreriahistoriasdebolsillo.com\/index.php\/wp-json\/wp\/v2\/product_tag?post=7500"}],"curies":[{"name":"wp","href":"https:\/\/api.w.org\/{rel}","templated":true}]}}