{"id":7502,"date":"2025-10-09T09:54:20","date_gmt":"2025-10-09T15:54:20","guid":{"rendered":"https:\/\/libreriahistoriasdebolsillo.com\/?post_type=product&#038;p=7502"},"modified":"2026-03-14T11:54:48","modified_gmt":"2026-03-14T17:54:48","slug":"emma","status":"publish","type":"product","link":"https:\/\/libreriahistoriasdebolsillo.com\/index.php\/producto\/emma\/","title":{"rendered":"Emma"},"content":{"rendered":"<p>Emma cuenta la historia de una\u00a0<b>inteligente y laboriosa<\/b>\u00a0joven empe\u00f1ada en hacer de celestina de todas sus amistades. Cuando su institutriz, amiga y confidente decide\u00a0<b>contraer matrimonio<\/b>,\u00a0<b>Emma<\/b>\u00a0<b>Woodhouse<\/b>\u00a0se queda sola con sus sentimientos y se enfrenta al vac\u00edo de su existencia, as\u00ed como a la penosa tarea de intentar que los dem\u00e1s lleven una vida tan perfecta como la suya. Todos sus trabajos de\u00a0<b>manipulaci\u00f3n sentimental<\/b>\u00a0crean a su alrededor una telara\u00f1a de enredos, malentendidos y confusiones que ponen a prueba su\u00a0<b>confianza en s\u00ed misma<\/b><i>.<\/i><\/p>\n","protected":false},"excerpt":{"rendered":"<p>Jane Austen<br \/>\n512 p\u00e1ginas<\/p>\n","protected":false},"featured_media":7503,"template":"","meta":{"_joinchat":[]},"product_brand":[],"product_cat":[42],"product_tag":[34],"class_list":{"0":"post-7502","1":"product","2":"type-product","3":"status-publish","4":"has-post-thumbnail","6":"product_cat-literatura-clasica","7":"product_tag-penguin-random-house","9":"first","10":"outofstock","11":"shipping-taxable","12":"purchasable","13":"product-type-simple"},"_links":{"self":[{"href":"https:\/\/libreriahistoriasdebolsillo.com\/index.php\/wp-json\/wp\/v2\/product\/7502","targetHints":{"allow":["GET"]}}],"collection":[{"href":"https:\/\/libreriahistoriasdebolsillo.com\/index.php\/wp-json\/wp\/v2\/product"}],"about":[{"href":"https:\/\/libreriahistoriasdebolsillo.com\/index.php\/wp-json\/wp\/v2\/types\/product"}],"wp:featuredmedia":[{"embeddable":true,"href":"https:\/\/libreriahistoriasdebolsillo.com\/index.php\/wp-json\/wp\/v2\/media\/7503"}],"wp:attachment":[{"href":"https:\/\/libreriahistoriasdebolsillo.com\/index.php\/wp-json\/wp\/v2\/media?parent=7502"}],"wp:term":[{"taxonomy":"product_brand","embeddable":true,"href":"https:\/\/libreriahistoriasdebolsillo.com\/index.php\/wp-json\/wp\/v2\/product_brand?post=7502"},{"taxonomy":"product_cat","embeddable":true,"href":"https:\/\/libreriahistoriasdebolsillo.com\/index.php\/wp-json\/wp\/v2\/product_cat?post=7502"},{"taxonomy":"product_tag","embeddable":true,"href":"https:\/\/libreriahistoriasdebolsillo.com\/index.php\/wp-json\/wp\/v2\/product_tag?post=7502"}],"curies":[{"name":"wp","href":"https:\/\/api.w.org\/{rel}","templated":true}]}}