{"id":7504,"date":"2025-10-09T09:56:39","date_gmt":"2025-10-09T15:56:39","guid":{"rendered":"https:\/\/libreriahistoriasdebolsillo.com\/?post_type=product&#038;p=7504"},"modified":"2026-02-10T16:32:02","modified_gmt":"2026-02-10T22:32:02","slug":"la-abadia-de-northanger-2","status":"publish","type":"product","link":"https:\/\/libreriahistoriasdebolsillo.com\/index.php\/producto\/la-abadia-de-northanger-2\/","title":{"rendered":"La abad\u00eda de Northanger"},"content":{"rendered":"<p>Publicada en 1818,\u00a0<i><b>La abad\u00eda de<\/b><\/i>\u00a0<i><b>Northanger<\/b><\/i>\u00a0narra la historia de Catherine Morland, una joven aficionada a la lectura de novelas g\u00f3ticas. Invitada por los Tilney a su casa de campo, se dedicar\u00e1 a investigar tortuosos e imaginarios\u00a0<b>secretos de familia<\/b>. Pero cuando comprenda que la vida no es una novela, Catherine pondr\u00e1 los pies en la tierra y encauzar\u00e1 su futuro seg\u00fan dictan las\u00a0<b>normas morales y sociales<\/b>\u00a0<b>de la \u00e9poca<\/b>. \u00c9sta es quiz\u00e1 la obra m\u00e1s ir\u00f3nica y divertida de Jane Austen, maestra inigualable en la recreaci\u00f3n de retablos sociales.<\/p>\n","protected":false},"excerpt":{"rendered":"<p>Jane Austen<br \/>\n296 p\u00e1ginas<\/p>\n","protected":false},"featured_media":7505,"template":"","meta":{"_joinchat":[]},"product_brand":[],"product_cat":[42],"product_tag":[34],"class_list":{"0":"post-7504","1":"product","2":"type-product","3":"status-publish","4":"has-post-thumbnail","6":"product_cat-literatura-clasica","7":"product_tag-penguin-random-house","9":"first","10":"outofstock","11":"shipping-taxable","12":"purchasable","13":"product-type-simple"},"_links":{"self":[{"href":"https:\/\/libreriahistoriasdebolsillo.com\/index.php\/wp-json\/wp\/v2\/product\/7504","targetHints":{"allow":["GET"]}}],"collection":[{"href":"https:\/\/libreriahistoriasdebolsillo.com\/index.php\/wp-json\/wp\/v2\/product"}],"about":[{"href":"https:\/\/libreriahistoriasdebolsillo.com\/index.php\/wp-json\/wp\/v2\/types\/product"}],"wp:featuredmedia":[{"embeddable":true,"href":"https:\/\/libreriahistoriasdebolsillo.com\/index.php\/wp-json\/wp\/v2\/media\/7505"}],"wp:attachment":[{"href":"https:\/\/libreriahistoriasdebolsillo.com\/index.php\/wp-json\/wp\/v2\/media?parent=7504"}],"wp:term":[{"taxonomy":"product_brand","embeddable":true,"href":"https:\/\/libreriahistoriasdebolsillo.com\/index.php\/wp-json\/wp\/v2\/product_brand?post=7504"},{"taxonomy":"product_cat","embeddable":true,"href":"https:\/\/libreriahistoriasdebolsillo.com\/index.php\/wp-json\/wp\/v2\/product_cat?post=7504"},{"taxonomy":"product_tag","embeddable":true,"href":"https:\/\/libreriahistoriasdebolsillo.com\/index.php\/wp-json\/wp\/v2\/product_tag?post=7504"}],"curies":[{"name":"wp","href":"https:\/\/api.w.org\/{rel}","templated":true}]}}