{"id":7506,"date":"2025-10-09T10:02:17","date_gmt":"2025-10-09T16:02:17","guid":{"rendered":"https:\/\/libreriahistoriasdebolsillo.com\/?post_type=product&#038;p=7506"},"modified":"2026-02-04T15:01:31","modified_gmt":"2026-02-04T21:01:31","slug":"cicatrices-1","status":"publish","type":"product","link":"https:\/\/libreriahistoriasdebolsillo.com\/index.php\/producto\/cicatrices-1\/","title":{"rendered":"Cicatrices 1"},"content":{"rendered":"<div class=\"justify\">\n<p><b>SUS CUERPOS EST\u00c1N LLENOS DE CICATRICES, SUS ALMAS EST\u00c1N HERIDAS<\/b><\/p>\n<p><b>Allison Hallen<\/b>\u00a0llega a un peque\u00f1o pueblo junto a sus padres con la<b>\u00a0esperanza<\/b>\u00a0de dejar su pasado atr\u00e1s y<b>\u00a0comenzar de cero<\/b>. Ah\u00ed conoce a\u00a0<b>Eiden<\/b>, un chico que lograr\u00e1 meterse en su vida. Ambos son adolescentes que viven una<b>\u00a0existencia atormentada<\/b>, con m\u00e1s traumas de los que cualquiera a su corta edad podr\u00eda soportar. Juntos intentar\u00e1n<b>\u00a0sanar y ser felices<\/b>\u2026 o acaso terminar\u00e1n perdi\u00e9ndose m\u00e1s.<\/p>\n<\/div>\n<div class=\"justify\">\n<p>\u00bfCu\u00e1ntas veces te han lastimado por un suceso que te marc\u00f3 de por vida, que te hizo sentir que el mundo se quebraba y te asfixiaba?<\/p>\n<p><i>\u00bfHas sentido el miedo a que esa herida nunca se cierre, a nunca poder superarla?<\/i><\/p>\n<p>Ese miedo que se siente como una neblina negra, que te atrapa y te obliga a sentir el dolor en carne viva.<\/p>\n<p><i>\u00bfCu\u00e1ntas veces has pensado que en cualquier momento podr\u00edas llorar hasta vaciarte, hasta que no quede m\u00e1s&#8230; sangrar hasta que no qued\u00e9 nada de ti?<\/i><\/p>\n<p><i>\u00bfLo has hecho?<\/i><\/p>\n<p>Yo s\u00ed, y pens\u00e9 que en alg\u00fan punto me iba a quedar vac\u00eda de l\u00e1grimas y sangre. Pero nunca pas\u00f3, porque poco a poco esas heridas se fueron transformando en cicatrices.<\/p>\n<p>Una cicatriz es como un curita que se va sobreponiendo a nuestra pena: nos alivia, s\u00ed, pero no hace que olvidemos nuestra herida. Una cicatriz tambi\u00e9n es un recordatorio de lo que pasamos, de lo que somos, de qui\u00e9nes fuimos y de lo que queremos ser.<\/p>\n<\/div>\n","protected":false},"excerpt":{"rendered":"<p>Litzy Reynoso<br \/>\n584 p\u00e1ginas<\/p>\n","protected":false},"featured_media":7508,"template":"","meta":{"_joinchat":[]},"product_brand":[],"product_cat":[52,70],"product_tag":[34],"class_list":{"0":"post-7506","1":"product","2":"type-product","3":"status-publish","4":"has-post-thumbnail","6":"product_cat-juvenil","7":"product_cat-novedades","8":"product_tag-penguin-random-house","10":"first","11":"outofstock","12":"shipping-taxable","13":"purchasable","14":"product-type-simple"},"_links":{"self":[{"href":"https:\/\/libreriahistoriasdebolsillo.com\/index.php\/wp-json\/wp\/v2\/product\/7506","targetHints":{"allow":["GET"]}}],"collection":[{"href":"https:\/\/libreriahistoriasdebolsillo.com\/index.php\/wp-json\/wp\/v2\/product"}],"about":[{"href":"https:\/\/libreriahistoriasdebolsillo.com\/index.php\/wp-json\/wp\/v2\/types\/product"}],"wp:featuredmedia":[{"embeddable":true,"href":"https:\/\/libreriahistoriasdebolsillo.com\/index.php\/wp-json\/wp\/v2\/media\/7508"}],"wp:attachment":[{"href":"https:\/\/libreriahistoriasdebolsillo.com\/index.php\/wp-json\/wp\/v2\/media?parent=7506"}],"wp:term":[{"taxonomy":"product_brand","embeddable":true,"href":"https:\/\/libreriahistoriasdebolsillo.com\/index.php\/wp-json\/wp\/v2\/product_brand?post=7506"},{"taxonomy":"product_cat","embeddable":true,"href":"https:\/\/libreriahistoriasdebolsillo.com\/index.php\/wp-json\/wp\/v2\/product_cat?post=7506"},{"taxonomy":"product_tag","embeddable":true,"href":"https:\/\/libreriahistoriasdebolsillo.com\/index.php\/wp-json\/wp\/v2\/product_tag?post=7506"}],"curies":[{"name":"wp","href":"https:\/\/api.w.org\/{rel}","templated":true}]}}