{"id":7511,"date":"2025-10-09T10:12:08","date_gmt":"2025-10-09T16:12:08","guid":{"rendered":"https:\/\/libreriahistoriasdebolsillo.com\/?post_type=product&#038;p=7511"},"modified":"2026-02-04T14:57:04","modified_gmt":"2026-02-04T20:57:04","slug":"cleopatra","status":"publish","type":"product","link":"https:\/\/libreriahistoriasdebolsillo.com\/index.php\/producto\/cleopatra\/","title":{"rendered":"Cleopatra"},"content":{"rendered":"<div class=\"justify\">\n<p><b>Tras el mito de la reina m\u00e1s carism\u00e1tica de la Antig\u00fcedad\u00a0<\/b><b>se esconden la erudita, la gobernante, la estratega y la mujer.<\/b><\/p>\n<\/div>\n<div class=\"justify\">\n<p>Dos mil a\u00f1os despu\u00e9s de su muerte, Cleopatra es m\u00e1s leyenda que personaje hist\u00f3rico: sobre ella se han concentrado cuestiones como el colonialismo en la memoria hist\u00f3rica, la sexualizaci\u00f3n de la mujer en la sociedad y muchas otras cuestiones que hablan m\u00e1s de nuestro presente y nuestros prejuicios que del Egipto cl\u00e1sico.<\/p>\n<p>\u00bfFue Cleopatra una buena gobernante? \u00bfC\u00f3mo se viv\u00eda bajo su reinado? \u00bfC\u00f3mo lleg\u00f3 a convertirse en faraona? \u00bfC\u00f3mo se gestaron sus alianzas con C\u00e9sar y Marco Antonio? \u00bfEncontraremos alg\u00fan d\u00eda su tumba? En esta obra, Alejandra Izquierdo nos descubre a la reina y su contexto: la conexi\u00f3n con Roma, el ambiente, la religi\u00f3n, la econom\u00eda y la pol\u00edtica que se desarrollan en la \u00faltima etapa de los Ptolomeos en Egipto, y todo lo que representa la que fuera la \u00faltima de su dinast\u00eda.<\/p>\n<\/div>\n","protected":false},"excerpt":{"rendered":"<p>Alejandra Izquierdo<br \/>\n320 p\u00e1ginas<\/p>\n","protected":false},"featured_media":7512,"template":"","meta":{"_joinchat":[]},"product_brand":[],"product_cat":[41,70],"product_tag":[34],"class_list":{"0":"post-7511","1":"product","2":"type-product","3":"status-publish","4":"has-post-thumbnail","6":"product_cat-desarrollo-humano","7":"product_cat-novedades","8":"product_tag-penguin-random-house","10":"first","11":"outofstock","12":"shipping-taxable","13":"purchasable","14":"product-type-simple"},"_links":{"self":[{"href":"https:\/\/libreriahistoriasdebolsillo.com\/index.php\/wp-json\/wp\/v2\/product\/7511","targetHints":{"allow":["GET"]}}],"collection":[{"href":"https:\/\/libreriahistoriasdebolsillo.com\/index.php\/wp-json\/wp\/v2\/product"}],"about":[{"href":"https:\/\/libreriahistoriasdebolsillo.com\/index.php\/wp-json\/wp\/v2\/types\/product"}],"wp:featuredmedia":[{"embeddable":true,"href":"https:\/\/libreriahistoriasdebolsillo.com\/index.php\/wp-json\/wp\/v2\/media\/7512"}],"wp:attachment":[{"href":"https:\/\/libreriahistoriasdebolsillo.com\/index.php\/wp-json\/wp\/v2\/media?parent=7511"}],"wp:term":[{"taxonomy":"product_brand","embeddable":true,"href":"https:\/\/libreriahistoriasdebolsillo.com\/index.php\/wp-json\/wp\/v2\/product_brand?post=7511"},{"taxonomy":"product_cat","embeddable":true,"href":"https:\/\/libreriahistoriasdebolsillo.com\/index.php\/wp-json\/wp\/v2\/product_cat?post=7511"},{"taxonomy":"product_tag","embeddable":true,"href":"https:\/\/libreriahistoriasdebolsillo.com\/index.php\/wp-json\/wp\/v2\/product_tag?post=7511"}],"curies":[{"name":"wp","href":"https:\/\/api.w.org\/{rel}","templated":true}]}}