{"id":7514,"date":"2025-10-09T10:25:42","date_gmt":"2025-10-09T16:25:42","guid":{"rendered":"https:\/\/libreriahistoriasdebolsillo.com\/?post_type=product&#038;p=7514"},"modified":"2026-02-04T14:55:59","modified_gmt":"2026-02-04T20:55:59","slug":"harry-potter-1-la-piedra-filosofal-edicion-especial-con-cantos-pintados","status":"publish","type":"product","link":"https:\/\/libreriahistoriasdebolsillo.com\/index.php\/producto\/harry-potter-1-la-piedra-filosofal-edicion-especial-con-cantos-pintados\/","title":{"rendered":"Harry Potter 1. La piedra filosofal (edici\u00f3n especial con cantos pintados)"},"content":{"rendered":"<div class=\"justify\">\n<p><b>Vive la magia de \u00abHarry Potter\u00bb como nunca con esta impresionante edici\u00f3n especial con cantos pintados y acabados de lujo.<\/b><\/p>\n<\/div>\n<div class=\"justify\">\n<p>\u00abQuerido se\u00f1or Potter: Tenemos el placer de informarle de que dispone de una plaza en el Colegio Hogwarts de Magia y Hechicer\u00eda\u00bb<\/p>\n<p>Harry Potter nunca ha o\u00eddo hablar de Hogwarts hasta que empiezan a caer unas misteriosas cartas en el felpudo del n\u00famero 4 de Privet Drive. Aunque sus horripilantes t\u00edos se apresuran a confiscarlas, el d\u00eda que Harry cumple once a\u00f1os, Rubeus Hagrid, un hombre gigantesco cuyos ojos brillan como escarabajos negros, irrumpe con una noticia extraordinaria: Harry Potter es un mago, y le han concedido una plaza en el Colegio Hogwarts de Magia y Hechicer\u00eda. \u00a1Est\u00e1 a punto de comenzar una aventura incre\u00edble!<\/p>\n<p>*La primera edici\u00f3n con cantos pintados de\u00a0<i>Harry Potter y la piedra filosofal<\/i>\u00a0en castellano,\u00a0<b>\u00a1ideal para coleccionistas!<\/b><\/p>\n<p>*Con un\u00a0<b>nuevo dise\u00f1o de cubierta<\/b>, exclusivo para esta edici\u00f3n<\/p>\n<p>*Con\u00a0<b>acabados de lujo<\/b>: estampaci\u00f3n dorada y cantos pintados con el\u00a0<b>emblem\u00e1tico rayo<\/b>\u00a0que representa al ni\u00f1o que sobrevivi\u00f3<\/p>\n<\/div>\n","protected":false},"excerpt":{"rendered":"<p>J.K. Rowling<br \/>\n288 p\u00e1ginas<\/p>\n","protected":false},"featured_media":7515,"template":"","meta":{"_joinchat":[]},"product_brand":[],"product_cat":[39,70],"product_tag":[34],"class_list":{"0":"post-7514","1":"product","2":"type-product","3":"status-publish","4":"has-post-thumbnail","6":"product_cat-fantasia","7":"product_cat-novedades","8":"product_tag-penguin-random-house","10":"first","11":"outofstock","12":"shipping-taxable","13":"purchasable","14":"product-type-simple"},"_links":{"self":[{"href":"https:\/\/libreriahistoriasdebolsillo.com\/index.php\/wp-json\/wp\/v2\/product\/7514","targetHints":{"allow":["GET"]}}],"collection":[{"href":"https:\/\/libreriahistoriasdebolsillo.com\/index.php\/wp-json\/wp\/v2\/product"}],"about":[{"href":"https:\/\/libreriahistoriasdebolsillo.com\/index.php\/wp-json\/wp\/v2\/types\/product"}],"wp:featuredmedia":[{"embeddable":true,"href":"https:\/\/libreriahistoriasdebolsillo.com\/index.php\/wp-json\/wp\/v2\/media\/7515"}],"wp:attachment":[{"href":"https:\/\/libreriahistoriasdebolsillo.com\/index.php\/wp-json\/wp\/v2\/media?parent=7514"}],"wp:term":[{"taxonomy":"product_brand","embeddable":true,"href":"https:\/\/libreriahistoriasdebolsillo.com\/index.php\/wp-json\/wp\/v2\/product_brand?post=7514"},{"taxonomy":"product_cat","embeddable":true,"href":"https:\/\/libreriahistoriasdebolsillo.com\/index.php\/wp-json\/wp\/v2\/product_cat?post=7514"},{"taxonomy":"product_tag","embeddable":true,"href":"https:\/\/libreriahistoriasdebolsillo.com\/index.php\/wp-json\/wp\/v2\/product_tag?post=7514"}],"curies":[{"name":"wp","href":"https:\/\/api.w.org\/{rel}","templated":true}]}}