{"id":7516,"date":"2025-10-09T10:30:16","date_gmt":"2025-10-09T16:30:16","guid":{"rendered":"https:\/\/libreriahistoriasdebolsillo.com\/?post_type=product&#038;p=7516"},"modified":"2026-04-25T15:46:28","modified_gmt":"2026-04-25T21:46:28","slug":"alchemised","status":"publish","type":"product","link":"https:\/\/libreriahistoriasdebolsillo.com\/index.php\/producto\/alchemised\/","title":{"rendered":"Alchemised"},"content":{"rendered":"<div class=\"justify\">\n<p><b>En este debut fascinante de dark fantasy, una mujer sin memoria lucha por sobrevivir en un mundo de necromancia y alquimia devastado por la guerra\u2026 y al hombre encargado de desenterrar los secretos m\u00e1s oscuros de su pasado.<\/b><\/p>\n<\/div>\n<div class=\"justify\">\n<p>\u2014\u00bfQu\u00e9 crees que est\u00e1 protegiendo ese cerebro que tienes? La guerra ha acabado. Holdfast est\u00e1 muerto. La Llama Eterna se ha acabado. No queda nadie a quien salvar.<\/p>\n<p>Aunque en el pasado era una alquimista con futuro, Helena Marino es ahora una prisionera, de guerra y de su propia mente. Sus amigos y aliados de la Resistencia han sido brutalmente asesinados, sus habilidades, reprimidas, y el mundo que conoc\u00eda, destrozado.<\/p>\n<p>Tras una larga guerra, la nueva clase dirigente de Paladia, familias corruptas del gremio y nigromantes depravados, cuyos infames no muertos fueron clave para otorgarles la victoria, mantienen cautiva a Helena.<\/p>\n<p>Seg\u00fan los registros de la Resistencia, era una sanadora insignificante de sus filas. Pero Helena sufre de una inexplicable p\u00e9rdida de memoria que le ha hecho olvidar los meses previos a su cautiverio y que hace preguntarse a sus enemigos: \u00bfde verdad es tan insignificante como parece o su p\u00e9rdida de memoria esconde alguna pieza clave sobre la \u00faltima t\u00e1ctica de la Resistencia?<\/p>\n<p>Para descubrir los recuerdos enterrados en el fondo de su mente, env\u00edan a Helena al Sumo Inquisidor, uno de los nigromantes m\u00e1s poderosos y despiadados de este nuevo mundo. Atrapada en su mansi\u00f3n derruida, la lucha de Helena (la de proteger su historia perdida y la de preservar los \u00faltimos jirones de su persona) apenas ha comenzado, pues su c\u00e1rcel y carcelero esconden sus propios secretos\u2026 Secretos que Helena debe desvelar, cueste lo que cueste.<\/p>\n<\/div>\n","protected":false},"excerpt":{"rendered":"<p>SenLinYu<br \/>\n1056 p\u00e1ginas<\/p>\n","protected":false},"featured_media":7517,"template":"","meta":{"_joinchat":[]},"product_brand":[],"product_cat":[63,39],"product_tag":[34],"class_list":{"0":"post-7516","1":"product","2":"type-product","3":"status-publish","4":"has-post-thumbnail","6":"product_cat-dark-romance","7":"product_cat-fantasia","8":"product_tag-penguin-random-house","10":"first","11":"instock","12":"shipping-taxable","13":"purchasable","14":"product-type-simple"},"_links":{"self":[{"href":"https:\/\/libreriahistoriasdebolsillo.com\/index.php\/wp-json\/wp\/v2\/product\/7516","targetHints":{"allow":["GET"]}}],"collection":[{"href":"https:\/\/libreriahistoriasdebolsillo.com\/index.php\/wp-json\/wp\/v2\/product"}],"about":[{"href":"https:\/\/libreriahistoriasdebolsillo.com\/index.php\/wp-json\/wp\/v2\/types\/product"}],"wp:featuredmedia":[{"embeddable":true,"href":"https:\/\/libreriahistoriasdebolsillo.com\/index.php\/wp-json\/wp\/v2\/media\/7517"}],"wp:attachment":[{"href":"https:\/\/libreriahistoriasdebolsillo.com\/index.php\/wp-json\/wp\/v2\/media?parent=7516"}],"wp:term":[{"taxonomy":"product_brand","embeddable":true,"href":"https:\/\/libreriahistoriasdebolsillo.com\/index.php\/wp-json\/wp\/v2\/product_brand?post=7516"},{"taxonomy":"product_cat","embeddable":true,"href":"https:\/\/libreriahistoriasdebolsillo.com\/index.php\/wp-json\/wp\/v2\/product_cat?post=7516"},{"taxonomy":"product_tag","embeddable":true,"href":"https:\/\/libreriahistoriasdebolsillo.com\/index.php\/wp-json\/wp\/v2\/product_tag?post=7516"}],"curies":[{"name":"wp","href":"https:\/\/api.w.org\/{rel}","templated":true}]}}