{"id":7518,"date":"2025-10-09T10:35:58","date_gmt":"2025-10-09T16:35:58","guid":{"rendered":"https:\/\/libreriahistoriasdebolsillo.com\/?post_type=product&#038;p=7518"},"modified":"2025-10-16T16:19:39","modified_gmt":"2025-10-16T22:19:39","slug":"el-yo-como-idea","status":"publish","type":"product","link":"https:\/\/libreriahistoriasdebolsillo.com\/index.php\/producto\/el-yo-como-idea\/","title":{"rendered":"El yo como idea"},"content":{"rendered":"<div class=\"justify\">\n<p><b>\u00abEL YO ES UNA IDEA, NO UNA IDEACI\u00d3N, NI UNA ENTIDAD<\/b>\u00a0<b>ABSOLUTA. LO QUE SOBREVIENE AL DARSE CUENTA DE LA<\/b>\u00a0<b>IDENTIDAD DEL YO COMO UNA IDEA ES LA LIBERTAD.\u00bb<\/b><\/p>\n<p><b>&#8211;<\/b><b>J. G. Z.<\/b><\/p>\n<\/div>\n<div class=\"justify\">\n<p><i><b>El yo como idea<\/b><\/i>\u00a0es una obra profundamente reveladora en la que\u00a0<b>Jacobo Grinberg<\/b>\u00a0propone una visi\u00f3n audaz del yo como una\u00a0<b>construcci\u00f3n cognitiva<\/b>, no como una entidad fija. A trav\u00e9s de un estilo claro y ameno que combina precisi\u00f3n cient\u00edfica con una inmensa\u00a0<b>sensibilidad<\/b>\u00a0<b>espiritual<\/b>.<\/p>\n<p>El libro se divide en tres secciones. La primera, de car\u00e1cter t\u00e9cnico y cient\u00edfico, ofrece un\u00a0<b>an\u00e1lisis minucioso<\/b>\u00a0del yo desde una perspectiva te\u00f3rica. La segunda introduce relatos y saberes de\u00a0<b>maestros espirituales<\/b>\u00a0de distintas tradiciones religiosas. La tercera parte re\u00fane ap\u00e9ndices te\u00f3ricos sobre temas tan universales como el amor y la libertad con relaci\u00f3n a c\u00f3mo percibimos y experimentamos la realidad desde el punto de vista de los estudios del cerebro y la conciencia. La obra culmina con \u201c<b>El capullo olvidado<\/b>\u201d, una colecci\u00f3n de cuentos breves llenos de ense\u00f1anzas, simbolismo y belleza narrativa.<\/p>\n<p>Con un estilo envolvente y\u00a0<b>pensamiento agudo<\/b>, Grinberg ofrece una lectura luminosa que enriquecer\u00e1 la mente, la conciencia y el esp\u00edritu de los lectores.<\/p>\n<\/div>\n","protected":false},"excerpt":{"rendered":"<p>Jacobo Grinberg-Zylberbaum<br \/>\n192 p\u00e1ginas<\/p>\n","protected":false},"featured_media":7519,"template":"","meta":{"_joinchat":[]},"product_brand":[],"product_cat":[41,70],"product_tag":[34],"class_list":{"0":"post-7518","1":"product","2":"type-product","3":"status-publish","4":"has-post-thumbnail","6":"product_cat-desarrollo-humano","7":"product_cat-novedades","8":"product_tag-penguin-random-house","10":"first","11":"instock","12":"shipping-taxable","13":"purchasable","14":"product-type-simple"},"_links":{"self":[{"href":"https:\/\/libreriahistoriasdebolsillo.com\/index.php\/wp-json\/wp\/v2\/product\/7518","targetHints":{"allow":["GET"]}}],"collection":[{"href":"https:\/\/libreriahistoriasdebolsillo.com\/index.php\/wp-json\/wp\/v2\/product"}],"about":[{"href":"https:\/\/libreriahistoriasdebolsillo.com\/index.php\/wp-json\/wp\/v2\/types\/product"}],"wp:featuredmedia":[{"embeddable":true,"href":"https:\/\/libreriahistoriasdebolsillo.com\/index.php\/wp-json\/wp\/v2\/media\/7519"}],"wp:attachment":[{"href":"https:\/\/libreriahistoriasdebolsillo.com\/index.php\/wp-json\/wp\/v2\/media?parent=7518"}],"wp:term":[{"taxonomy":"product_brand","embeddable":true,"href":"https:\/\/libreriahistoriasdebolsillo.com\/index.php\/wp-json\/wp\/v2\/product_brand?post=7518"},{"taxonomy":"product_cat","embeddable":true,"href":"https:\/\/libreriahistoriasdebolsillo.com\/index.php\/wp-json\/wp\/v2\/product_cat?post=7518"},{"taxonomy":"product_tag","embeddable":true,"href":"https:\/\/libreriahistoriasdebolsillo.com\/index.php\/wp-json\/wp\/v2\/product_tag?post=7518"}],"curies":[{"name":"wp","href":"https:\/\/api.w.org\/{rel}","templated":true}]}}