{"id":7520,"date":"2025-10-09T10:45:25","date_gmt":"2025-10-09T16:45:25","guid":{"rendered":"https:\/\/libreriahistoriasdebolsillo.com\/?post_type=product&#038;p=7520"},"modified":"2026-02-12T15:23:05","modified_gmt":"2026-02-12T21:23:05","slug":"fluir-en-el-sin-yo","status":"publish","type":"product","link":"https:\/\/libreriahistoriasdebolsillo.com\/index.php\/producto\/fluir-en-el-sin-yo\/","title":{"rendered":"Fluir en el sin yo"},"content":{"rendered":"<div class=\"justify\">\n<p><b>\u00abEN EL FLUIR EN EL SIN YO NO EXISTE NI EL PASADO NI EL<\/b>\u00a0<b>FUTURO. EL PRESENTE ETERNO SE VIVE SIN EXPECTATIVAS<\/b><b>NI JUICIOS. TODOS LOS PLANES, LOS DESEOS Y ANHELOS SE<\/b>\u00a0<b>EXPRESAN AHORA Y AQU\u00cd. TODO ES VIDA FLUYENDO EN EL.\u00bb<\/b><\/p>\n<p><b>&#8211;<\/b><b>J. G. Z.<\/b><\/p>\n<\/div>\n<div class=\"justify\">\n<p>Liberarse significa\u00a0<b>soltar el ego<\/b>, cuando eso ocurre, la sanaci\u00f3n llega, tanto para uno mismo como para los dem\u00e1s. En ese estado de\u00a0<b>fluir sin el yo<\/b>, desaparecen el pasado y el futuro: todo se vive en un\u00a0<b>presente profundo y<\/b>\u00a0<b>completo<\/b>.<\/p>\n<p><i><b>Fluir en el sin yo<\/b><\/i>\u00a0es una obra que comprende diversos textos, desde anecd\u00f3ticos sobre la\u00a0<b>experiencia del autor\u00a0<\/b>siendo profesor de infancias, hasta reflexiones en torno al ego entendido desde diferentes doctrinas\u00a0<b>religiosas<\/b>\u00a0<b>y filos\u00f3ficas<\/b>. Grinberg expone su visi\u00f3n sobre la disoluci\u00f3n del ego como v\u00eda para acceder a una experiencia de la realidad m\u00e1s aut\u00e9ntica y unificada. A trav\u00e9s de una s\u00edntesis audaz entre la psicolog\u00eda, la\u00a0<b>neurociencia<\/b>, la filosof\u00eda oriental y la\u00a0<b>tradici\u00f3n cham\u00e1nica mexicana<\/b>, el autor propone que la verdadera libertad interior solo se alcanza cuando el yo se desvanece, permitiendo el surgimiento de una\u00a0<b>conciencia expandida<\/b>\u00a0en sinton\u00eda con el universo, a lo que \u00e9l llama la Conciencia de la Unidad. Este libro no es solo una exposici\u00f3n te\u00f3rica, sino tambi\u00e9n una invitaci\u00f3n a la\u00a0<b>pr\u00e1ctica introspectiva<\/b>\u00a0y al despertar de una percepci\u00f3n no fragmentada.<\/p>\n<\/div>\n","protected":false},"excerpt":{"rendered":"<p>Jacobo Grinberg-Zylberbaum<br \/>\n240 p\u00e1ginas<\/p>\n","protected":false},"featured_media":7521,"template":"","meta":{"_joinchat":[]},"product_brand":[],"product_cat":[41,70,51],"product_tag":[34],"class_list":{"0":"post-7520","1":"product","2":"type-product","3":"status-publish","4":"has-post-thumbnail","6":"product_cat-desarrollo-humano","7":"product_cat-novedades","8":"product_cat-oferta","9":"product_tag-penguin-random-house","11":"first","12":"instock","13":"shipping-taxable","14":"purchasable","15":"product-type-simple"},"_links":{"self":[{"href":"https:\/\/libreriahistoriasdebolsillo.com\/index.php\/wp-json\/wp\/v2\/product\/7520","targetHints":{"allow":["GET"]}}],"collection":[{"href":"https:\/\/libreriahistoriasdebolsillo.com\/index.php\/wp-json\/wp\/v2\/product"}],"about":[{"href":"https:\/\/libreriahistoriasdebolsillo.com\/index.php\/wp-json\/wp\/v2\/types\/product"}],"wp:featuredmedia":[{"embeddable":true,"href":"https:\/\/libreriahistoriasdebolsillo.com\/index.php\/wp-json\/wp\/v2\/media\/7521"}],"wp:attachment":[{"href":"https:\/\/libreriahistoriasdebolsillo.com\/index.php\/wp-json\/wp\/v2\/media?parent=7520"}],"wp:term":[{"taxonomy":"product_brand","embeddable":true,"href":"https:\/\/libreriahistoriasdebolsillo.com\/index.php\/wp-json\/wp\/v2\/product_brand?post=7520"},{"taxonomy":"product_cat","embeddable":true,"href":"https:\/\/libreriahistoriasdebolsillo.com\/index.php\/wp-json\/wp\/v2\/product_cat?post=7520"},{"taxonomy":"product_tag","embeddable":true,"href":"https:\/\/libreriahistoriasdebolsillo.com\/index.php\/wp-json\/wp\/v2\/product_tag?post=7520"}],"curies":[{"name":"wp","href":"https:\/\/api.w.org\/{rel}","templated":true}]}}