{"id":7522,"date":"2025-10-09T10:53:22","date_gmt":"2025-10-09T16:53:22","guid":{"rendered":"https:\/\/libreriahistoriasdebolsillo.com\/?post_type=product&#038;p=7522"},"modified":"2026-02-04T14:55:43","modified_gmt":"2026-02-04T20:55:43","slug":"el-gato-en-la-sacristia","status":"publish","type":"product","link":"https:\/\/libreriahistoriasdebolsillo.com\/index.php\/producto\/el-gato-en-la-sacristia\/","title":{"rendered":"El gato en la sacrist\u00eda"},"content":{"rendered":"<div class=\"justify\">\n<p><b>\u201cSi la Iglesia contin\u00faa haciendo lo que ahora hace,<\/b>\u00a0<b>y contin\u00faa siendo lo que ahora es, no tiene ning\u00fan<\/b>\u00a0<b>futuro. Sus bellas iglesias y sus hermosas catedrales<\/b>\u00a0<b>se convertir\u00e1n en monumentos sepulcrales, en las<\/b>\u00a0<b>tumbas de Dios.\u201d<\/b><\/p>\n<p><b>&#8211;<\/b><b>P. Robert<\/b>\u00a0<b>Adolfs<\/b><b>, O.S.A.<\/b>\u00a0<i><b>The<\/b><\/i><i><b>\u00a0Grave<\/b><\/i>\u00a0<i><b>of<\/b><\/i>\u00a0<i><b>God<\/b><\/i><b>, 1967<\/b><\/p>\n<\/div>\n<div class=\"justify\">\n<p>Tras el colapso del socialismo real en el\u00a0<b>Este de Europa<\/b>, se pens\u00f3 que el fin de las\u00a0<b>ideolog\u00edas<\/b>\u00a0dar\u00eda paso a un vac\u00edo intelectual que solo ser\u00edan capaces de llenar los grandes credos. Fue tan solo un espejismo. No ser\u00edan las\u00a0<b>religiones organizadas\u00a0<\/b>las que vendr\u00edan en reemplazo de las ideas seculares sobre pol\u00edtica, econom\u00eda o sociedad y menos a\u00fan la\u00a0<b>Iglesia cat\u00f3lica<\/b>. En el curso de los a\u00f1os que siguieron a la ca\u00edda del muro de Berl\u00edn, esta milenaria instituci\u00f3n religiosa se ver\u00eda implicada en esc\u00e1ndalos de todo tipo provocados tanto por el alto como por el\u00a0<b>bajo clero<\/b>: negocios financieros il\u00edcitos, v\u00ednculos con el crimen organizado, homosexualidad de los pastores, abusos sexuales de ni\u00f1os, ni\u00f1as, monjas.\u00a0<b>Esc\u00e1ndalos<\/b>\u00a0que a su vez contar\u00edan, si no con el benepl\u00e1cito, s\u00ed con el encubrimiento, el perd\u00f3n o el disimulo por parte de las jerarqu\u00edas eclesi\u00e1sticas. Pero ser\u00eda la corrupci\u00f3n doctrinaria la que, a ra\u00edz del\u00a0<b>Concilio Vaticano II<\/b>, dar\u00eda paso al actual deterioro de la Iglesia de Roma y que este libro disecciona sin contemplaciones. Publicado por primera vez en\u00a0<b>2002<\/b>,\u00a0<i><b>El gato en la sacrist\u00eda<\/b><\/i>\u00a0contin\u00faa siendo hoy una lectura obligada para entender c\u00f3mo se engendr\u00f3 la traici\u00f3n del Alto Clero a los fieles y el declive moral del credo m\u00e1s populoso de la tierra.<\/p>\n<\/div>\n","protected":false},"excerpt":{"rendered":"<p>Francisco P\u00e9rez de Ant\u00f3n<br \/>\n176 p\u00e1ginas<\/p>\n","protected":false},"featured_media":7523,"template":"","meta":{"_joinchat":[]},"product_brand":[],"product_cat":[41,70],"product_tag":[34],"class_list":{"0":"post-7522","1":"product","2":"type-product","3":"status-publish","4":"has-post-thumbnail","6":"product_cat-desarrollo-humano","7":"product_cat-novedades","8":"product_tag-penguin-random-house","10":"first","11":"outofstock","12":"shipping-taxable","13":"purchasable","14":"product-type-simple"},"_links":{"self":[{"href":"https:\/\/libreriahistoriasdebolsillo.com\/index.php\/wp-json\/wp\/v2\/product\/7522","targetHints":{"allow":["GET"]}}],"collection":[{"href":"https:\/\/libreriahistoriasdebolsillo.com\/index.php\/wp-json\/wp\/v2\/product"}],"about":[{"href":"https:\/\/libreriahistoriasdebolsillo.com\/index.php\/wp-json\/wp\/v2\/types\/product"}],"wp:featuredmedia":[{"embeddable":true,"href":"https:\/\/libreriahistoriasdebolsillo.com\/index.php\/wp-json\/wp\/v2\/media\/7523"}],"wp:attachment":[{"href":"https:\/\/libreriahistoriasdebolsillo.com\/index.php\/wp-json\/wp\/v2\/media?parent=7522"}],"wp:term":[{"taxonomy":"product_brand","embeddable":true,"href":"https:\/\/libreriahistoriasdebolsillo.com\/index.php\/wp-json\/wp\/v2\/product_brand?post=7522"},{"taxonomy":"product_cat","embeddable":true,"href":"https:\/\/libreriahistoriasdebolsillo.com\/index.php\/wp-json\/wp\/v2\/product_cat?post=7522"},{"taxonomy":"product_tag","embeddable":true,"href":"https:\/\/libreriahistoriasdebolsillo.com\/index.php\/wp-json\/wp\/v2\/product_tag?post=7522"}],"curies":[{"name":"wp","href":"https:\/\/api.w.org\/{rel}","templated":true}]}}