{"id":7524,"date":"2025-10-09T10:56:19","date_gmt":"2025-10-09T16:56:19","guid":{"rendered":"https:\/\/libreriahistoriasdebolsillo.com\/?post_type=product&#038;p=7524"},"modified":"2026-04-23T13:05:30","modified_gmt":"2026-04-23T19:05:30","slug":"sinfonia-de-un-corazon-roto","status":"publish","type":"product","link":"https:\/\/libreriahistoriasdebolsillo.com\/index.php\/producto\/sinfonia-de-un-corazon-roto\/","title":{"rendered":"Sinfon\u00eda de un coraz\u00f3n roto"},"content":{"rendered":"<div class=\"justify\">\n<p><b>Por el autor de<\/b>\u00a0<i><b>Valent\u00eda I<\/b><\/i>\u00a0<b>y<\/b>\u00a0<i><b>Valent\u00eda II<\/b><\/i><b>, fen\u00f3menos editoriales en toda Am\u00e9rica Latina<\/b><\/p>\n<p><b>A veces, el coraz\u00f3n se rompe en silencio\u2026pero de ah\u00ed tambi\u00e9n nace la fuerza m\u00e1s profunda<\/b><\/p>\n<\/div>\n<div class=\"justify\">\n<p><i><b>Sinfon\u00eda de un coraz\u00f3n roto<\/b><\/i>\u00a0es un canto escrito con l\u00e1grimas y esperanza, con derrotas \u00edntimas, pero tambi\u00e9n peque\u00f1os triunfos. En estas p\u00e1ginas,\u00a0<b>Kelbin<\/b><b>\u00a0Torres<\/b>\u00a0nos invita a mirar de frente el dolor, a reconciliarnos con nuestras grietas y a descubrir que cada cicatriz puede ser el inicio de una\u00a0<b>nueva melod\u00eda<\/b>.<\/p>\n<p>Este libro es un refugio para quienes han amado sin medida, para quienes se sienten\u00a0<b>traicionados<\/b>, para quienes han ca\u00eddo mil veces\u2026 y a pesar de todo han tenido el valor de volver a levantarse. Aqu\u00ed hay versos para los d\u00edas en\u00a0<b>que<\/b>\u00a0<b>todo pesa<\/b>, para las noches en que cuesta seguir, pero tambi\u00e9n para esos momentos en los que, tomando la fuerza de tu interior, logras\u00a0<b>seguir adelante<\/b>.<\/p>\n<p>Porque un coraz\u00f3n que ha sido\u00a0<b>herido puede sanar<\/b>.<\/p>\n<p>Porque cada tropiezo no es m\u00e1s que una\u00a0<b>oportunidad<\/b>\u00a0para volver a intentarlo.<\/p>\n<p>Y lo m\u00e1s importante es seguir siempre adelante con valent\u00eda y amor propio.<\/p>\n<\/div>\n","protected":false},"excerpt":{"rendered":"<p>Kelbin Torres<br \/>\n200 p\u00e1ginas<\/p>\n","protected":false},"featured_media":7525,"template":"","meta":{"_joinchat":[]},"product_brand":[],"product_cat":[65],"product_tag":[34],"class_list":{"0":"post-7524","1":"product","2":"type-product","3":"status-publish","4":"has-post-thumbnail","6":"product_cat-poesia","7":"product_tag-penguin-random-house","9":"first","10":"outofstock","11":"shipping-taxable","12":"purchasable","13":"product-type-simple"},"_links":{"self":[{"href":"https:\/\/libreriahistoriasdebolsillo.com\/index.php\/wp-json\/wp\/v2\/product\/7524","targetHints":{"allow":["GET"]}}],"collection":[{"href":"https:\/\/libreriahistoriasdebolsillo.com\/index.php\/wp-json\/wp\/v2\/product"}],"about":[{"href":"https:\/\/libreriahistoriasdebolsillo.com\/index.php\/wp-json\/wp\/v2\/types\/product"}],"wp:featuredmedia":[{"embeddable":true,"href":"https:\/\/libreriahistoriasdebolsillo.com\/index.php\/wp-json\/wp\/v2\/media\/7525"}],"wp:attachment":[{"href":"https:\/\/libreriahistoriasdebolsillo.com\/index.php\/wp-json\/wp\/v2\/media?parent=7524"}],"wp:term":[{"taxonomy":"product_brand","embeddable":true,"href":"https:\/\/libreriahistoriasdebolsillo.com\/index.php\/wp-json\/wp\/v2\/product_brand?post=7524"},{"taxonomy":"product_cat","embeddable":true,"href":"https:\/\/libreriahistoriasdebolsillo.com\/index.php\/wp-json\/wp\/v2\/product_cat?post=7524"},{"taxonomy":"product_tag","embeddable":true,"href":"https:\/\/libreriahistoriasdebolsillo.com\/index.php\/wp-json\/wp\/v2\/product_tag?post=7524"}],"curies":[{"name":"wp","href":"https:\/\/api.w.org\/{rel}","templated":true}]}}